{"id":6370,"date":"2025-12-26T10:11:31","date_gmt":"2025-12-26T10:11:31","guid":{"rendered":"https:\/\/www.dutchwasabi.nl\/kokoro-ongepasteuriseerde-en-onverdunde-sake-180-ml-1-sakebeker\/"},"modified":"2026-04-18T11:17:39","modified_gmt":"2026-04-18T09:17:39","slug":"kokoro-unpasteurized-and-undiluted-sake-180-ml-1-sake-cup-2","status":"publish","type":"product","link":"https:\/\/www.dutchwasabi.nl\/en\/kokoro-ongepasteuriseerde-en-onverdunde-sake-180-ml-1-sakebeker\/","title":{"rendered":"Kokoro sake - 180 ml (1 sake cup)"},"content":{"rendered":"<p><span style=\"color: #000000;\">Full-bodied, somewhat dry sake. Rich combination of deep rice flavor, lots of umami and a pleasant light aroma. Limited edition brew with a high price\/quality ratio. This all-round sake can be drunk at all temperatures. Unpasteurized and undiluted. Drink cold, at room temperature or warmed up.<\/span><\/p>\n<h2><span style=\"color: #3b5249;\"><strong>Recommended at<\/strong><\/span><\/h2>\n<p><span style=\"color: #000000;\">This all-round sake is easy to pair with all kinds of dishes.\u00a0<\/span><\/p>\n<h2><span style=\"color: #3b5249;\">Brewery<\/span><\/h2>\n<p><span style=\"color: #000000;\">The \u014cta brewery was established in 1874. The owner is a descendant of \u014cta D\u014dkan, the famous samurai who built Edo Castle, today's imperial palace in central Tokyo. The \u014cta family is the proud owner of a beautiful old brewery on the old trade route from Tokyo to Kyoto, a second brewery in the brewing center of Nada, and a winery also in Shiga Prefecture.<\/span><\/p>\n<div class=\"elfsight-app-6f22c6d8-3dfd-4243-8f94-a646b4a01649\" data-elfsight-app-lazy=\"\"><\/div>","protected":false},"excerpt":{"rendered":"<p><span style=\"color: #000000;\">Full-bodied, somewhat dry Junmai sake. Nama (unpasteurized), genshu (undiluted) and muroka (unfiltered). Rich combination of deep rice flavor, lots of umami and a pleasant light aroma. Brewed in limited edition with very good value for money. Goes with a wide range of dishes. Available in 180 (1 cups) &amp; 720 ml.<\/span><\/p>","protected":false},"featured_media":11631,"template":"","meta":{"_acf_changed":false},"product_brand":[980],"product_cat":[1063,1024,1025],"product_tag":[],"class_list":{"0":"post-6370","1":"product","2":"type-product","3":"status-publish","4":"has-post-thumbnail","6":"product_brand-ota-shuzo","7":"product_cat-allround","8":"product_cat-dranken","9":"product_cat-sake","11":"first","12":"instock","13":"taxable","14":"shipping-taxable","15":"purchasable","16":"product-type-simple"},"acf":[],"_links":{"self":[{"href":"https:\/\/www.dutchwasabi.nl\/en\/wp-json\/wp\/v2\/product\/6370","targetHints":{"allow":["GET"]}}],"collection":[{"href":"https:\/\/www.dutchwasabi.nl\/en\/wp-json\/wp\/v2\/product"}],"about":[{"href":"https:\/\/www.dutchwasabi.nl\/en\/wp-json\/wp\/v2\/types\/product"}],"wp:featuredmedia":[{"embeddable":true,"href":"https:\/\/www.dutchwasabi.nl\/en\/wp-json\/wp\/v2\/media\/11631"}],"wp:attachment":[{"href":"https:\/\/www.dutchwasabi.nl\/en\/wp-json\/wp\/v2\/media?parent=6370"}],"wp:term":[{"taxonomy":"product_brand","embeddable":true,"href":"https:\/\/www.dutchwasabi.nl\/en\/wp-json\/wp\/v2\/product_brand?post=6370"},{"taxonomy":"product_cat","embeddable":true,"href":"https:\/\/www.dutchwasabi.nl\/en\/wp-json\/wp\/v2\/product_cat?post=6370"},{"taxonomy":"product_tag","embeddable":true,"href":"https:\/\/www.dutchwasabi.nl\/en\/wp-json\/wp\/v2\/product_tag?post=6370"}],"curies":[{"name":"wp","href":"https:\/\/api.w.org\/{rel}","templated":true}]}}