{"id":6346,"date":"2025-12-26T10:11:31","date_gmt":"2025-12-26T10:11:31","guid":{"rendered":"https:\/\/www.dutchwasabi.nl\/ine-mankai-sake-720-ml\/"},"modified":"2026-04-09T08:37:58","modified_gmt":"2026-04-09T06:37:58","slug":"ine-mankai-sake-720-ml","status":"publish","type":"product","link":"https:\/\/www.dutchwasabi.nl\/en\/ine-mankai-sake-720-ml\/","title":{"rendered":"Ine Mankai red rice sake - 720 ml"},"content":{"rendered":"<p><span style=\"color: #000000;\">Made partly from black rice, which is purple inside resulting in a unique red color. The sweetness and acidity of this sake give it a fruity flavor, which can sometimes taste like pomegranate, followed by olives. The black rice used is a prehistoric variety that was preserved at Tokyo Agricultural University. Sweet and smoky, a bit like sherry. Drink cold.<\/span><\/p>\n<h2><span style=\"color: #3b5249;\">Brewery<\/span><\/h2>\n<p><span style=\"color: #000000;\">The Mukai Shuz\u014d brewery was established in 1754. Mukai Kuniko, the brewer (t\u014dji) of Mukai Shuz\u014d, is one of the first female brewers in Japan. She is constantly experimenting with new varieties of sake, most of which are made in small batches. The brewery is right on the Sea of Japan, in a picturesque village known for its unique boat garages (funaya), located under the houses that rise above the water. Mukai Shuz\u014d recently began producing only pure rice wine.\u00a0<\/span><\/p>","protected":false},"excerpt":{"rendered":"<p><span style=\"color: #000000;\">Fruity Junmai sake. Kodaimaishu (from ancient rice roorts): kamaishu (red rice). Genshu (undiluted) Unique combination of sweetness, acidity, a slightly bitter aftertaste and a smoky aroma flavor. Drink cold as an aperitif. Available in 300 &amp; 720 ml.\u00a0<\/span><\/p>","protected":false},"featured_media":11636,"template":"","meta":{"_acf_changed":false},"product_brand":[974],"product_cat":[1060,1024,1025],"product_tag":[],"class_list":{"0":"post-6346","1":"product","2":"type-product","3":"status-publish","4":"has-post-thumbnail","6":"product_brand-mukai-shuzo","7":"product_cat-aperitief","8":"product_cat-dranken","9":"product_cat-sake","11":"first","12":"outofstock","13":"taxable","14":"shipping-taxable","15":"purchasable","16":"product-type-simple"},"acf":[],"_links":{"self":[{"href":"https:\/\/www.dutchwasabi.nl\/en\/wp-json\/wp\/v2\/product\/6346","targetHints":{"allow":["GET"]}}],"collection":[{"href":"https:\/\/www.dutchwasabi.nl\/en\/wp-json\/wp\/v2\/product"}],"about":[{"href":"https:\/\/www.dutchwasabi.nl\/en\/wp-json\/wp\/v2\/types\/product"}],"wp:featuredmedia":[{"embeddable":true,"href":"https:\/\/www.dutchwasabi.nl\/en\/wp-json\/wp\/v2\/media\/11636"}],"wp:attachment":[{"href":"https:\/\/www.dutchwasabi.nl\/en\/wp-json\/wp\/v2\/media?parent=6346"}],"wp:term":[{"taxonomy":"product_brand","embeddable":true,"href":"https:\/\/www.dutchwasabi.nl\/en\/wp-json\/wp\/v2\/product_brand?post=6346"},{"taxonomy":"product_cat","embeddable":true,"href":"https:\/\/www.dutchwasabi.nl\/en\/wp-json\/wp\/v2\/product_cat?post=6346"},{"taxonomy":"product_tag","embeddable":true,"href":"https:\/\/www.dutchwasabi.nl\/en\/wp-json\/wp\/v2\/product_tag?post=6346"}],"curies":[{"name":"wp","href":"https:\/\/api.w.org\/{rel}","templated":true}]}}