{"id":4988,"date":"2025-02-06T09:22:52","date_gmt":"2025-02-06T09:22:52","guid":{"rendered":"https:\/\/www.dutchwasabi.nl\/?post_type=product&#038;p=4988"},"modified":"2026-04-17T21:57:53","modified_gmt":"2026-04-17T19:57:53","slug":"dried-koji-rice-2","status":"publish","type":"product","link":"https:\/\/www.dutchwasabi.nl\/en\/gedroogde-koji-rijst\/","title":{"rendered":"Dried koji rice - 260 grams"},"content":{"rendered":"<p data-start=\"0\" data-end=\"229\"><span style=\"color: #000000\">K\u014dji is a healthy fungus central to key ingredients in Japanese cuisine, such as soy sauce, miso and sake. With dried k\u014dji rice, you can easily make your own miso, shio k\u014dji, amazake or other fermented foods. Available in 260 &amp; 500 grams.<\/span><\/p>","protected":false},"excerpt":{"rendered":"<p data-start=\"0\" data-end=\"229\"><span style=\"color: #000000\">K\u014dji is a healthy fungus central to key ingredients in Japanese cuisine, such as soy sauce, miso and sake. With dried k\u014dji rice, you can easily make your own miso, shio k\u014dji, amazake or other fermented foods. Available in 260 &amp; 500 grams.<\/span><\/p>","protected":false},"featured_media":8535,"template":"","meta":{"_acf_changed":false},"product_brand":[981],"product_cat":[1031,1014,1020],"product_tag":[],"class_list":{"0":"post-4988","1":"product","2":"type-product","3":"status-publish","4":"has-post-thumbnail","6":"product_brand-inoue-honten","7":"product_cat-koji","8":"product_cat-food","9":"product_cat-rijst","10":"pa_supplier-yoigokochi","12":"first","13":"instock","14":"taxable","15":"shipping-taxable","16":"purchasable","17":"product-type-simple"},"acf":[],"_links":{"self":[{"href":"https:\/\/www.dutchwasabi.nl\/en\/wp-json\/wp\/v2\/product\/4988","targetHints":{"allow":["GET"]}}],"collection":[{"href":"https:\/\/www.dutchwasabi.nl\/en\/wp-json\/wp\/v2\/product"}],"about":[{"href":"https:\/\/www.dutchwasabi.nl\/en\/wp-json\/wp\/v2\/types\/product"}],"wp:featuredmedia":[{"embeddable":true,"href":"https:\/\/www.dutchwasabi.nl\/en\/wp-json\/wp\/v2\/media\/8535"}],"wp:attachment":[{"href":"https:\/\/www.dutchwasabi.nl\/en\/wp-json\/wp\/v2\/media?parent=4988"}],"wp:term":[{"taxonomy":"product_brand","embeddable":true,"href":"https:\/\/www.dutchwasabi.nl\/en\/wp-json\/wp\/v2\/product_brand?post=4988"},{"taxonomy":"product_cat","embeddable":true,"href":"https:\/\/www.dutchwasabi.nl\/en\/wp-json\/wp\/v2\/product_cat?post=4988"},{"taxonomy":"product_tag","embeddable":true,"href":"https:\/\/www.dutchwasabi.nl\/en\/wp-json\/wp\/v2\/product_tag?post=4988"}],"curies":[{"name":"wp","href":"https:\/\/api.w.org\/{rel}","templated":true}]}}