{"id":9921,"date":"2026-02-18T11:57:04","date_gmt":"2026-02-18T11:57:04","guid":{"rendered":"https:\/\/www.dutchwasabi.nl\/?post_type=product&#038;p=9921"},"modified":"2026-03-05T07:50:14","modified_gmt":"2026-03-05T06:50:14","slug":"buddhas-hand-finger-zitrone-aus-niederlande-1-stuck-200-gramm","status":"publish","type":"product","link":"https:\/\/www.dutchwasabi.nl\/de\/buddhas-hand-vingercitroen-uit-nederland-1-stuk-200-gram\/","title":{"rendered":"Buddhas Hand (Fingerzitrone) aus den Niederlanden - 1 St\u00fcck (&gt; 200 g)"},"content":{"rendered":"<p><span style=\"color: #000000;\">Die Hand des Buddha (<em>Citrus medica var. sarcodactylis<\/em>) ist eine auff\u00e4llige und seltene Zitrusfrucht, die auch als \u201cFingerzitrone\u201d oder <em>Fingerkopfzitrone<\/em> genannt wird. Dieser Name bezieht sich auf ihr charakteristisches Aussehen: Die Frucht besteht aus mehreren l\u00e4nglichen \u201cFingern\u201d, die an die Handgesten von Buddha-Statuen (Mudras) erinnern. Bei der Pflanze handelt es sich um eine Mutation der Zitrone, einer der Urahnen der heutigen Zitrusarten. Die Form dieser Sorte \u00e4hnelt einer offenen Hand, wobei die einzelnen \u201cFinger\u201d leicht auseinander stehen. <\/span><\/p>\n<p><span style=\"color: #000000;\">Die Hand dieses Buddhas kommt von <strong>unsere eigenen Gew\u00e4chsh\u00e4user<\/strong> im Westland, das ist etwas ganz Besonderes! Neben dieser Gr\u00f6\u00dfe haben wir zwei weitere Varianten im Programm: <strong>&lt; 100 g<\/strong>, und <strong>100-200 Gramm<\/strong>.<\/span><\/p>\n<p><span style=\"color: #000000;\">Im Gegensatz zu den meisten Zitrusfr\u00fcchten enth\u00e4lt die Buddha's Hand praktisch keinen Saft und kein Fruchtfleisch. Die Frucht besteht haupts\u00e4chlich aus einer dicken, duftenden gelben Schale und einer wei\u00dfen inneren Schicht (Albedo). Einige Sorten k\u00f6nnen etwas saures Fruchtfleisch enthalten, aber normalerweise dreht sich die Verwendung haupts\u00e4chlich um die Schale, die f\u00fcr ihr ausgepr\u00e4gtes Aroma bekannt ist. Viele Menschen in Asien verwenden sie als duftende Dekoration, um zum Beispiel das Haus, das Geschirr oder die Kleidung zu versch\u00f6nern (und sie sieht auch noch gut aus!). Wegen des tollen Aromas und des spektakul\u00e4ren Aussehens ist die Frucht auch in der K\u00fcche immer beliebter geworden, sogar bei westlichen K\u00f6chen.<\/span><\/p>\n<h2><span style=\"color: #000000;\"><strong><span style=\"color: #3b5249;\">Geschmack und Geruch<\/span><\/strong><\/span><\/h2>\n<p><span style=\"color: #000000;\">Das Aroma von Buddha's Hand ist intensiv, aber raffiniert. Es ist deutlich zitrusartig, aber weniger scharf als Zitrone und hat einen s\u00fc\u00dfen, blumigen, fast parf\u00fcmartigen Ton, der an Zitronenbl\u00fcten und leichte Vanille erinnert. Eine klassische Zitrone riecht frischer und saurer, oft mit einer bitteren Note in der Schale, w\u00e4hrend Buddha's Hand einen w\u00e4rmeren, s\u00fc\u00dferen und komplexeren Duft verstr\u00f6mt.<\/span><\/p>\n<p><span style=\"color: #000000;\">Auch der Geschmack ist milder als bei einer gew\u00f6hnlichen Zitrone. Da kaum Saft vorhanden ist, schmeckt man haupts\u00e4chlich die Schale und das wei\u00dfe Innere. Letzteres ist weich und \u00fcberraschend neutral; es hat eine leichte Bitterkeit, die aber nicht so stark ist wie bei Zitronen \u00fcblich. Die gelbe Schale schmeckt frisch und aromatisch, \u00e4hnlich wie eine Zitrone, aber weicher und blumiger, ohne die scharfe S\u00e4ure. Daher wird die Frucht vor allem als Aroma- und Geschmacksgeber verwendet, ohne dass etwas sofort sehr sauer wird, z. B. gerieben, in Zucker, Sirup, Marmelade oder in Gerichten, in denen eine subtile Zitrusnote gew\u00fcnscht wird.<\/span><\/p>\n<h2><span style=\"color: #000000;\"><strong><span style=\"color: #3b5249;\">Anmeldung<\/span><\/strong><\/span><\/h2>\n<p><span style=\"color: #000000;\">Die Haut der Buddha's Hand kann in fast allen Rezepten verwendet werden, in denen <strong>Zitronenschalen oder -zesten<\/strong> verlangt wird. Da der Geschmack kr\u00e4ftig ist, braucht man normalerweise nicht viel. Die Schale passt sowohl in <strong>s\u00fc\u00dfe Zubereitungen<\/strong> - Desserts, Backwaren, Marmeladen - wie in <strong>schmackhafte Gerichte<\/strong> wie Fisch, Tofu, Salate, So\u00dfen und Dressings. <\/span><\/p>\n<p><span style=\"color: #000000;\">Zwei beliebte Verwendungen sind kandierte Schalen und Marmelade. Wenn <strong>Confit<\/strong> Die Schale wird langsam in Zucker \u201cgekocht\u201d, wodurch sie k\u00f6stlich s\u00fc\u00df wird und sich perfekt als Snack oder zum Garnieren eignet. F\u00fcr <strong>Marmelade<\/strong> Die Schale wird oft mit einer anderen Zitrusfrucht kombiniert, was den Prozess vereinfacht. Sie k\u00f6nnen die Bitterkeit der Schale oder des wei\u00dfen Teils reduzieren, indem Sie sie dreimal kurz durchseihen <strong>blanchieren<\/strong>. <\/span><\/p>\n<p><span style=\"color: #000000;\">Auch in<strong> Cocktails<\/strong> kommt der Duft zur Geltung, sowohl als Gew\u00fcrz als auch als Dekoration. <\/span><\/p>\n<p><span style=\"color: #000000;\">Au\u00dferdem wird \"Buddhas Hand\" verwendet in <strong>Sirupe<\/strong>, <strong>Lik\u00f6re<\/strong> (z. B. Variationen von Limoncello) und zu <strong>Zucker<\/strong> zu schmecken.<\/span><\/p>\n<h2><span style=\"color: #000000;\"><strong><span style=\"color: #3b5249;\">Wachstum und Ursprung<\/span><\/strong><\/span><\/h2>\n<p><span style=\"color: #000000;\">Es gibt verschiedene Theorien \u00fcber den Ursprung und die Verbreitung der Frucht. Es wird angenommen, dass die Frucht in Indien beheimatet ist und vor etwa vier Jahrhunderten nach Japan eingef\u00fchrt wurde (wahrscheinlich \u00fcber China). Sowohl in China als auch in Japan wird die Frucht seit Jahrhunderten gesch\u00e4tzt. Heute wird die Frucht vor allem in China, Indien und Japan angebaut, aber jetzt auch n\u00e4her an unserem Heimatland: in unserem Westland. <\/span><\/p>\n<p><span style=\"color: #000000;\">Die Frucht ist von Natur aus selten. Buddha's Hand mag \u00e4hnliche Bedingungen wie andere Zitrusfr\u00fcchte, ist aber noch empfindlicher gegen K\u00e4lte und extreme Bedingungen. Sie mag ein warmes und mildes Klima, ist sehr frostempfindlich, braucht viel Sonnenlicht, mag trockene F\u00fc\u00dfe, muss aber regelm\u00e4\u00dfig gegossen werden. Au\u00dferdem ist sie anf\u00e4llig f\u00fcr Wurzelf\u00e4ule und Sch\u00e4dlinge. Au\u00dferdem w\u00e4chst sie relativ langsam. Daher ist diese seltene Frucht auch relativ teuer.<\/span><\/p>\n<h2><span style=\"color: #000000;\"><strong><span style=\"color: #3b5249;\">Kultur und Tradition<\/span><\/strong><\/span><\/h2>\n<p><span style=\"color: #000000;\">In buddhistischen Traditionen wird die Hand des Buddha h\u00e4ufig als Opfergabe verwendet (z. B. auf Hausalt\u00e4ren oder in Tempeln). Dies ist in L\u00e4ndern wie Indien, Thailand und Myanmar, China und Japan \u00fcblich. Viele Menschen (vor allem in China und Japan) verwenden sie auch als reinen Duft- und Sch\u00f6nheitsschmuck, um z. B. das Haus, das Geschirr oder die Kleidung wunderbar duften zu lassen. <\/span><\/p>\n<p><span style=\"color: #000000;\">In China ist die Frucht bekannt als <em>f\u00f3sh\u01d2u <\/em>(\u4f5b\u624b) und symbolisiert auch Gl\u00fcck, Wohlstand, Reichtum und ein langes Leben. Das macht ihn zu einem beliebten Geschenk zum chinesischen Neujahrsfest. Aber auch in Japan, wo er bekannt ist als <em>bushukan<\/em> (\u4ecf\u624b\u67d1) glaubt man zum Beispiel, dass ein Buschukan-Baum im Garten Wohlstand \u201cvon Generation zu Generation\u201d bringt. Da sich die Fr\u00fcchte nach au\u00dfen hin auff\u00e4chern, wird ihre Form als Zeichen f\u00fcr Wachstum und Ausdehnung gesehen, was gut zu den Neujahrsritualen passt.<\/span><\/p>\n<p><span style=\"color: #000000;\">In Japan hat die Buddha-Hand eine reiche Geschichte in Kunst und Ritualen: in Blumenarrangements, Teezeremonien (man denke an die kandierte Version) und als Motiv in Gem\u00e4lden, Skulpturen und Keramiken. Um den Jahreswechsel herum wird die Frucht in japanischen Blumenl\u00e4den manchmal als dekorativer Gl\u00fccksbringer angeboten. Auch in der Neujahrsdekoration erf\u00fcllt die Frucht manchmal eine \u00e4hnliche symbolische Rolle wie die <em>daidai<\/em> (\u6a59)(Bitterorange), die traditionell die Kr\u00f6nung des <em>Kagami-Mochi <\/em>(\u93e1\u9905) steht f\u00fcr den Wunsch nach Wohlstand f\u00fcr k\u00fcnftige Generationen.<\/span><\/p>\n<h2><span style=\"color: #000000;\"><strong><span style=\"color: #3b5249;\">Speichern Sie<\/span><\/strong><\/span><\/h2>\n<p><span style=\"color: #000000;\">Die Haltbarkeit ist relativ gut, obwohl das Aroma nachl\u00e4sst, sobald die Fr\u00fcchte auszutrocknen beginnen. Wenn Sie also mit den Fr\u00fcchten kochen wollen, sollten Sie dies rechtzeitig tun. Lagern Sie die Fr\u00fcchte dann am besten im Frischhaltefach des K\u00fchlschranks. F\u00fcr dekorative (und\/oder parf\u00fcmierte) Zwecke ist es am besten, die Fr\u00fcchte k\u00fchl und vor direkter Sonneneinstrahlung gesch\u00fctzt aufzubewahren, vorzugsweise an einem Ort mit nat\u00fcrlicher Luftzirkulation; unter einem Ventilator trocknen sie zu schnell aus.<\/span><\/p>","protected":false},"excerpt":{"rendered":"<p><span style=\"color: #000000;\">Seltene und sehr markante Zitrusfrucht. Enth\u00e4lt keinen Saft, sondern eine dicke Schale mit intensivem, frisch-blumigem, s\u00fc\u00df-saurem Aroma. Hervorragend geeignet f\u00fcr Bonbons, Marmeladen und Cocktails oder als Ersatz f\u00fcr Zitronenschalen. Auch eine duftende Dekoration und ein Geschenk f\u00fcr das neue Jahr. <\/span><\/p>","protected":false},"featured_media":9916,"template":"","meta":{"_acf_changed":false,"_angie_page":false},"product_brand":[969],"product_cat":[1056,1035],"product_tag":[1183],"class_list":{"0":"post-9921","1":"product","2":"type-product","3":"status-publish","4":"has-post-thumbnail","6":"product_brand-dutch-wasabi","7":"product_cat-verse-citrusvruchten","8":"product_cat-vers","9":"product_tag-buiten-seizoen","11":"first","12":"outofstock","13":"taxable","14":"shipping-taxable","15":"purchasable","16":"product-type-simple"},"acf":[],"_links":{"self":[{"href":"https:\/\/www.dutchwasabi.nl\/de\/wp-json\/wp\/v2\/product\/9921","targetHints":{"allow":["GET"]}}],"collection":[{"href":"https:\/\/www.dutchwasabi.nl\/de\/wp-json\/wp\/v2\/product"}],"about":[{"href":"https:\/\/www.dutchwasabi.nl\/de\/wp-json\/wp\/v2\/types\/product"}],"wp:featuredmedia":[{"embeddable":true,"href":"https:\/\/www.dutchwasabi.nl\/de\/wp-json\/wp\/v2\/media\/9916"}],"wp:attachment":[{"href":"https:\/\/www.dutchwasabi.nl\/de\/wp-json\/wp\/v2\/media?parent=9921"}],"wp:term":[{"taxonomy":"product_brand","embeddable":true,"href":"https:\/\/www.dutchwasabi.nl\/de\/wp-json\/wp\/v2\/product_brand?post=9921"},{"taxonomy":"product_cat","embeddable":true,"href":"https:\/\/www.dutchwasabi.nl\/de\/wp-json\/wp\/v2\/product_cat?post=9921"},{"taxonomy":"product_tag","embeddable":true,"href":"https:\/\/www.dutchwasabi.nl\/de\/wp-json\/wp\/v2\/product_tag?post=9921"}],"curies":[{"name":"wp","href":"https:\/\/api.w.org\/{rel}","templated":true}]}}