{"id":9897,"date":"2026-02-18T11:14:02","date_gmt":"2026-02-18T11:14:02","guid":{"rendered":"https:\/\/www.dutchwasabi.nl\/?post_type=product&#038;p=9897"},"modified":"2026-03-05T07:50:14","modified_gmt":"2026-03-05T06:50:14","slug":"magnetrahmen-aus-eiche-mit-sockel","status":"publish","type":"product","link":"https:\/\/www.dutchwasabi.nl\/de\/rokkakkei-magneetframe-eikenhout\/","title":{"rendered":"Rokkakkei Magnetrahmen - Eichenholz"},"content":{"rendered":"<h3><span style=\"color: #3b5249;\"><strong>Rokkakkei - Der Stand<\/strong><\/span><\/h3>\n<p><span style=\"color: #000000;\"><em>Funktionell. Stilvoll. Unverzichtbar in jeder K\u00fcche.<\/em><\/span><\/p>\n<h4><span style=\"color: #3b5249;\"><strong><br \/>\nDie stilvolle Alternative zum Bestseller <em>Die Mauer<\/em><\/strong><\/span><\/h4>\n<p><span style=\"color: #000000;\">Entdecken Sie <em>Der Stand<\/em> von Rokkakkei: ein eleganter und funktioneller Messerrahmen, der perfekt in jede moderne K\u00fcche passt. Dieses einzigartige Design ist die ideale Alternative zu den beliebten <em>Die Mauer<\/em>, aber mit noch mehr Freiheit bei der Platzierung.<\/span><\/p>\n<h4><span style=\"color: #000000;\"><strong><br \/>\n<span style=\"color: #3b5249;\">Kompakt, leistungsstark und \u00fcberall aufstellbar<\/span><\/strong><\/span><\/h4>\n<p><span style=\"color: #000000;\">Unter <em>Der Stand<\/em> Die markanten Rokkakkei-Sechsecke sind vollst\u00e4ndig in einen stabilen, freistehenden Rahmen integriert. So k\u00f6nnen Sie den Messerblock ganz einfach \u00fcberall platzieren: auf der Arbeitsplatte, an der R\u00fcckwand oder sogar in der Mitte der K\u00fccheninsel.<\/span><\/p>\n<h4><span style=\"color: #000000;\"><strong><br \/>\n<span style=\"color: #3b5249;\">Platz f\u00fcr 5 Messer<\/span><\/strong><\/span><\/h4>\n<p><span style=\"color: #000000;\">Dank seiner f\u00fcnf leistungsstarken magnetischen Sechsecke bietet er <em>Der Stand<\/em> bietet Platz f\u00fcr bis zu f\u00fcnf Messer. Jedes Messer bleibt fest an seinem Platz, ist gut sichtbar und leicht zu erreichen.<\/span><\/p>\n<h4><span style=\"color: #000000;\"><strong><br \/>\n<span style=\"color: #3b5249;\">F\u00fcr eine lebenslange Nutzung gemacht<\/span><\/strong><\/span><\/h4>\n<p><span style=\"color: #000000;\">Das Gestell wurde speziell von Rokkakkei entworfen und besteht aus schwerem Stahl mit einer haltbaren, hochwertigen Pulverbeschichtung. Das Ergebnis: ein minimalistisches und robustes Design, das einiges aush\u00e4lt und sich m\u00fchelos in jeden K\u00fcchenstil einf\u00fcgt.<\/span><\/p>\n<h3><span style=\"color: #000000;\"><br \/>\n<span style=\"color: #3b5249;\">Hintergrund<\/span><\/span><\/h3>\n<p><span style=\"color: #000000;\">Das Rokkakkei bedeutet auf Japanisch Sechseck. Diese Form ist die Grundlage f\u00fcr dieses Design. Ein japanisches Messer braucht Handwerkskunst, die sich auch im Rokkakkei widerspiegelt. Wie raffinierte japanische Messer wird auch das Rokkakkei mit Hingabe und nur aus hochwertigen Materialien hergestellt.<\/span><\/p>\n<p><span style=\"color: #000000;\">Sie haben sch\u00f6ne (japanische) Messer. Die richtige Lagerung sorgt daf\u00fcr, dass Ihre Messer weiterhin optimal funktionieren. Das stilvolle Design des Rokkakkei bewahrt Ihre Messer sicher auf und ist auch in Ihrer (Outdoor-)K\u00fcche sch\u00f6n zu pr\u00e4sentieren.<\/span><\/p>\n<p><span style=\"color: #000000;\">Durch sein handliches Design kann es \u00fcberall eingesetzt werden. Die St\u00e4rke des Rokkakkei ist seine Einfachheit. Das Rokkakkei wird vollst\u00e4ndig von Hand gefertigt, so dass jedes St\u00fcck ein Unikat ist.\u00a0<\/span><\/p>\n<h3 style=\"text-align: left;\"><span style=\"color: #3b5249;\"><strong><br \/>\n3D-Modell<\/strong><\/span><\/h3>\n<div class=\"sketchfab-embed-wrapper\" style=\"text-align: left;\"><iframe loading=\"lazy\" title=\"Der Stand\" src=\"https:\/\/sketchfab.com\/models\/162bbc5faa5843f593fa2122f37c28bf\/embed?autospin=1&amp;autostart=1&amp;camera=0\" width=\"740\" height=\"740\" frameborder=\"true\" allowfullscreen=\"allowfullscreen\" data-mce-fragment=\"1\"><span id=\"selection-marker-1\" class=\"redactor-selection-marker\"><\/span><br \/>\n<\/iframe><\/div>\n<p>&nbsp;<\/p>","protected":false},"excerpt":{"rendered":"<p><span style=\"color: #000000;\">Handgefertigt in den Niederlanden. Platz f\u00fcr 5 Messer. Bewahren Sie Ihre Messer ordentlich auf und zeigen Sie sie mit Stolz mit diesem einzigartigen, freistehenden Messer-Magnetrahmen. Erh\u00e4ltlich in 2 Holzarten und 3 Zusammensetzungen.<\/span><\/p>","protected":false},"featured_media":9905,"template":"","meta":{"_acf_changed":false},"product_brand":[1121],"product_cat":[1010,1044,1011,1084],"product_tag":[],"class_list":{"0":"post-9897","1":"product","2":"type-product","3":"status-publish","4":"has-post-thumbnail","6":"product_brand-rokkakkei","7":"product_cat-keuken-en-tafel","8":"product_cat-bewaren-en-opbergen","9":"product_cat-messen","10":"product_cat-nieuw","12":"first","13":"instock","14":"taxable","15":"shipping-taxable","16":"purchasable","17":"product-type-simple"},"acf":[],"_links":{"self":[{"href":"https:\/\/www.dutchwasabi.nl\/de\/wp-json\/wp\/v2\/product\/9897","targetHints":{"allow":["GET"]}}],"collection":[{"href":"https:\/\/www.dutchwasabi.nl\/de\/wp-json\/wp\/v2\/product"}],"about":[{"href":"https:\/\/www.dutchwasabi.nl\/de\/wp-json\/wp\/v2\/types\/product"}],"wp:featuredmedia":[{"embeddable":true,"href":"https:\/\/www.dutchwasabi.nl\/de\/wp-json\/wp\/v2\/media\/9905"}],"wp:attachment":[{"href":"https:\/\/www.dutchwasabi.nl\/de\/wp-json\/wp\/v2\/media?parent=9897"}],"wp:term":[{"taxonomy":"product_brand","embeddable":true,"href":"https:\/\/www.dutchwasabi.nl\/de\/wp-json\/wp\/v2\/product_brand?post=9897"},{"taxonomy":"product_cat","embeddable":true,"href":"https:\/\/www.dutchwasabi.nl\/de\/wp-json\/wp\/v2\/product_cat?post=9897"},{"taxonomy":"product_tag","embeddable":true,"href":"https:\/\/www.dutchwasabi.nl\/de\/wp-json\/wp\/v2\/product_tag?post=9897"}],"curies":[{"name":"wp","href":"https:\/\/api.w.org\/{rel}","templated":true}]}}