{"id":9888,"date":"2026-02-18T10:34:29","date_gmt":"2026-02-18T10:34:29","guid":{"rendered":"https:\/\/www.dutchwasabi.nl\/?post_type=product&#038;p=9888"},"modified":"2026-03-09T09:46:05","modified_gmt":"2026-03-09T08:46:05","slug":"feinsieb-fur-matcha-klein","status":"publish","type":"product","link":"https:\/\/www.dutchwasabi.nl\/de\/fijne-zeef-voor-matcha-klein\/","title":{"rendered":"Feinsieb f\u00fcr Matcha - klein"},"content":{"rendered":"<p data-start=\"180\" data-end=\"440\"><span style=\"color: #000000;\">Eine weiche, cremige <strong>Matcha<\/strong> beginnt mit dem Sieben des Pulvers. Dieses feine Edelstahlsieb sorgt daf\u00fcr, dass das Matcha-Pulver vor dem Verquirlen luftig und klumpenfrei wird. Auf diese Weise vermischt sich der Matcha m\u00fchelos mit Wasser und Sie erhalten eine glatte, vollmundige Textur - genau so, wie es sein sollte.<\/span><\/p>\n<p data-start=\"442\" data-end=\"650\"><span style=\"color: #000000;\">Das extrafeine Sieb ist ideal, um es regelm\u00e4\u00dfig in Ihr Matcha-Ritual einzubauen. Dar\u00fcber hinaus ist es auch perfekt f\u00fcr andere feine Pulver, wie z. B. <strong data-start=\"591\" data-end=\"613\">Sakura-Blatt-Pulver<\/strong>, Gew\u00fcrze oder dekorative Bel\u00e4ge.<\/span><\/p>\n<p data-start=\"652\" data-end=\"733\"><span style=\"color: #000000;\">Ein kleines Accessoire mit gro\u00dfer Wirkung - f\u00fcr alle, die Matcha mit Sorgfalt zubereiten.<\/span><\/p>\n<h2 data-start=\"652\" data-end=\"733\"><span style=\"color: #000000;\"><span style=\"color: #3b5249;\">Herstellung von Matcha<\/span><\/span><\/h2>\n<p data-start=\"652\" data-end=\"733\"><span style=\"color: #000000;\">Auf der Produktseite unseres <strong>hochwertiges Matcha-Pulver<\/strong> finden Sie weitere Informationen \u00fcber diesen besonderen Gr\u00fcntee und ein Rezept f\u00fcr die Zubereitung eines perfekten Matcha (Latte).<\/span><\/p>\n<p data-start=\"652\" data-end=\"733\"><span style=\"color: #000000;\">F\u00fcr diejenigen, die sofort mit der Matcha-Zubereitung beginnen m\u00f6chten, haben wir au\u00dferdem <strong>setzt<\/strong> in unserem Sortiment; so haben Sie (zusammen mit diesem Sieb) sofort alle Werkzeuge, die Sie f\u00fcr ein k\u00f6stliches Matcha-Erlebnis ben\u00f6tigen. Auch sehr sch\u00f6n zum Verschenken!<\/span><\/p>","protected":false},"excerpt":{"rendered":"<p><span style=\"color: #000000;\">Ein kleiner Schritt, ein gro\u00dfer Unterschied f\u00fcr Ihren Matcha. Dieses feine Edelstahlsieb verhindert Klumpen in Ihrem Tee oder Milchkaffee. Dank seiner Gr\u00f6\u00dfe liegt das Sieb bequem auf Ihrer Matcha-Schale oder -Tasse auf und macht das Sieben besonders einfach. (Auch f\u00fcr andere Pulversorten geeignet).<\/span><\/p>","protected":false},"featured_media":9890,"template":"","meta":{"_acf_changed":false},"product_brand":[],"product_cat":[1010,1024,1083,1084,1051],"product_tag":[],"class_list":{"0":"post-9888","1":"product","2":"type-product","3":"status-publish","4":"has-post-thumbnail","6":"product_cat-keuken-en-tafel","7":"product_cat-dranken","8":"product_cat-matcha","9":"product_cat-nieuw","10":"product_cat-thee","12":"first","13":"instock","14":"taxable","15":"shipping-taxable","16":"purchasable","17":"product-type-simple"},"acf":[],"_links":{"self":[{"href":"https:\/\/www.dutchwasabi.nl\/de\/wp-json\/wp\/v2\/product\/9888","targetHints":{"allow":["GET"]}}],"collection":[{"href":"https:\/\/www.dutchwasabi.nl\/de\/wp-json\/wp\/v2\/product"}],"about":[{"href":"https:\/\/www.dutchwasabi.nl\/de\/wp-json\/wp\/v2\/types\/product"}],"wp:featuredmedia":[{"embeddable":true,"href":"https:\/\/www.dutchwasabi.nl\/de\/wp-json\/wp\/v2\/media\/9890"}],"wp:attachment":[{"href":"https:\/\/www.dutchwasabi.nl\/de\/wp-json\/wp\/v2\/media?parent=9888"}],"wp:term":[{"taxonomy":"product_brand","embeddable":true,"href":"https:\/\/www.dutchwasabi.nl\/de\/wp-json\/wp\/v2\/product_brand?post=9888"},{"taxonomy":"product_cat","embeddable":true,"href":"https:\/\/www.dutchwasabi.nl\/de\/wp-json\/wp\/v2\/product_cat?post=9888"},{"taxonomy":"product_tag","embeddable":true,"href":"https:\/\/www.dutchwasabi.nl\/de\/wp-json\/wp\/v2\/product_tag?post=9888"}],"curies":[{"name":"wp","href":"https:\/\/api.w.org\/{rel}","templated":true}]}}