{"id":9871,"date":"2026-02-18T09:32:46","date_gmt":"2026-02-18T09:32:46","guid":{"rendered":"https:\/\/www.dutchwasabi.nl\/?post_type=product&#038;p=9871"},"modified":"2026-04-02T09:56:19","modified_gmt":"2026-04-02T07:56:19","slug":"sushi-rollenmatte-makisu-24x24-cm","status":"publish","type":"product","link":"https:\/\/www.dutchwasabi.nl\/de\/sushi-rolmatje-makisu-24x24-cm\/","title":{"rendered":"Sushi-Rollmatte (Makisu) - 24\u00d724 cm"},"content":{"rendered":"<p><span style=\"color: #000000;\">Sushi-Rollmatte aus Bambus. Dickere, flachere und breitere St\u00e4be sorgen f\u00fcr eine dichtere und festere Oberfl\u00e4che und gew\u00e4hrleisten ein glatteres Rollergebnis. Dadurch eignet sich die Matte auch sehr gut f\u00fcr Uramaki (Inside-Out-Rollen), da der Reis weniger leicht durch die Matte dr\u00fcckt. Au\u00dferdem ist diese Variante leichter zu reinigen als eine mit runden und d\u00fcnnen Bambusst\u00e4ben.<\/span><\/p>\n<h2><span style=\"color: #000000;\"><strong><span style=\"color: #3b5249;\">Anmeldung<\/span><\/strong><\/span><\/h2>\n<p><span style=\"color: #000000;\">Verwenden Sie diese Rollmatte, um traditionelle Maki- und Uramaki-Rollen fest und gleichm\u00e4\u00dfig zu rollen. Legen Sie das Nori-Blatt auf die Matte, f\u00fcgen Sie Reis und F\u00fcllung hinzu und rollen Sie es mit leichtem, gleichm\u00e4\u00dfigem Druck zu einer kompakten Sushi-Rolle.<\/span><\/p>\n<h2><span style=\"color: #000000;\"><strong><span style=\"color: #3b5249;\">Wartung <\/span><\/strong><\/span><\/h2>\n<p><span style=\"color: #000000;\">Die Matte ist nicht sp\u00fclmaschinengeeignet. Reinigen Sie sie von Hand mit einer weichen B\u00fcrste oder einem feuchten Tuch und eventuell etwas Sp\u00fclmittel und trocknen Sie sie vorsichtig ab.<\/span><\/p>","protected":false},"excerpt":{"rendered":"<p><span style=\"color: #000000;\">Sushi-Rollmatte aus Bambus. Hergestellt aus flachen und dicken Bambusst\u00e4ben f\u00fcr festere Ergebnisse. Auch f\u00fcr Uramaki (Inside-Out-Rollen) geeignet.<\/span><\/p>","protected":false},"featured_media":11172,"template":"","meta":{"_acf_changed":false},"product_brand":[],"product_cat":[1181,1010,1084],"product_tag":[],"class_list":{"0":"post-9871","1":"product","2":"type-product","3":"status-publish","4":"has-post-thumbnail","6":"product_cat-sushi","7":"product_cat-keuken-en-tafel","8":"product_cat-nieuw","10":"first","11":"instock","12":"taxable","13":"shipping-taxable","14":"purchasable","15":"product-type-simple"},"acf":[],"_links":{"self":[{"href":"https:\/\/www.dutchwasabi.nl\/de\/wp-json\/wp\/v2\/product\/9871","targetHints":{"allow":["GET"]}}],"collection":[{"href":"https:\/\/www.dutchwasabi.nl\/de\/wp-json\/wp\/v2\/product"}],"about":[{"href":"https:\/\/www.dutchwasabi.nl\/de\/wp-json\/wp\/v2\/types\/product"}],"wp:featuredmedia":[{"embeddable":true,"href":"https:\/\/www.dutchwasabi.nl\/de\/wp-json\/wp\/v2\/media\/11172"}],"wp:attachment":[{"href":"https:\/\/www.dutchwasabi.nl\/de\/wp-json\/wp\/v2\/media?parent=9871"}],"wp:term":[{"taxonomy":"product_brand","embeddable":true,"href":"https:\/\/www.dutchwasabi.nl\/de\/wp-json\/wp\/v2\/product_brand?post=9871"},{"taxonomy":"product_cat","embeddable":true,"href":"https:\/\/www.dutchwasabi.nl\/de\/wp-json\/wp\/v2\/product_cat?post=9871"},{"taxonomy":"product_tag","embeddable":true,"href":"https:\/\/www.dutchwasabi.nl\/de\/wp-json\/wp\/v2\/product_tag?post=9871"}],"curies":[{"name":"wp","href":"https:\/\/api.w.org\/{rel}","templated":true}]}}