{"id":6439,"date":"2025-12-26T10:13:34","date_gmt":"2025-12-26T10:13:34","guid":{"rendered":"https:\/\/www.dutchwasabi.nl\/matchapoeder-groene-thee-premium-30-gram\/"},"modified":"2026-03-31T17:08:01","modified_gmt":"2026-03-31T15:08:01","slug":"matcha-pulver-gruner-tee-premium-30-gramm","status":"publish","type":"product","link":"https:\/\/www.dutchwasabi.nl\/de\/matchapoeder-groene-thee-premium-30-gram\/","title":{"rendered":"Premium Matcha-Pulver (gr\u00fcner Tee) - 30 Gramm"},"content":{"rendered":"<p><span style=\"color: #000000;\"><strong>Matcha: <\/strong>das Gr\u00fcnteepulver, das in den letzten Jahren vor allem in Form von Milchkaffee sehr beliebt geworden ist. Urspr\u00fcnglich (und traditionell) wird Matcha in Japan seit Jahrhunderten als \u201cechter Tee\u201d, d. h. ohne Milch, getrunken. Matcha ist viel mehr als nur ein Trend. Hinter diesem sch\u00f6nen gr\u00fcnen Pulver steckt eine lange, reiche (Kultur-)Geschichte. Wir m\u00f6chten Sie einladen, ein wenig in diese Geschichte einzutauchen.<\/span><\/p>\n<p><span style=\"color: #000000;\">Gr\u00fcner Tee (Ocha) ist (zusammen mit Sake) das Nationalgetr\u00e4nk Japans. Tee wurde in Japan bereits um das achte Jahrhundert herum durch China bekannt. Damals galt Tee vor allem als Medizin und als Genussmittel f\u00fcr die Oberschicht der Gesellschaft. Inzwischen ist Tee f\u00fcr Japaner viel mehr als nur ein Getr\u00e4nk: Er ist eng mit Ritualen, Zen und dem t\u00e4glichen Leben verbunden. Im Laufe der Jahrhunderte haben sich viele Regeln und Formen der Etikette entwickelt, die heute tief in der japanischen Kultur verwurzelt sind.<\/span><\/p>\n<p><span style=\"color: #000000;\">Japanischer Tee ist gr\u00fcn, weil die Teebl\u00e4tter unmittelbar nach dem Pfl\u00fccken ged\u00e4mpft werden. Dieses Verfahren zerst\u00f6rt das Enzym, das sonst die Bl\u00e4tter fermentieren und schwarz werden lassen w\u00fcrde. In Japan gibt es zwei Hauptformen von Tee: Blatt-Tee und Tee in Pulverform (Matcha). F\u00fcr Matcha werden die Bl\u00e4tter flach getrocknet und sp\u00e4ter zu einem feinen, hellgr\u00fcnen Pulver gemahlen. Matcha ist das Getr\u00e4nk der japanischen Teezeremonie und wird nach der Portion und nicht nach der Kanne zubereitet.<\/span><\/p>\n<p><span style=\"color: #000000;\">Traditionell besteht Matcha nur aus Wasser und dem darin verquirlten Teepulver. Vor einer japanischen Teezeremonie wird oft eine S\u00fc\u00dfigkeit gegessen, wie z. B. <strong>Mochi<\/strong> mit <strong>Rote Bohnenpaste (Anko)<\/strong>, um den etwas trockenen und bitteren Geschmack des Tees zu erg\u00e4nzen. Dar\u00fcber hinaus k\u00f6nnen auch S\u00fc\u00dfigkeiten zum Tee gereicht werden. Viele japanische S\u00fc\u00dfigkeiten sind speziell f\u00fcr den Verzehr mit gr\u00fcnem Tee konzipiert.<\/span><\/p>\n<p><span style=\"color: #000000;\">Matcha wird nicht nur getrunken, sondern auch in verschiedenen Gerichten verwendet. So wird er zum Beispiel in einer Variante des Rezepts f\u00fcr S\u00fc\u00dfkartoffel-Kastanien-P\u00fcree (satsuma-imo kinton) verwendet, einem beliebten Neujahrsgericht. Au\u00dferdem kann Matcha mit einem Sirup vermischt und \u00fcber eine Pyramide aus rasiertem Eis gegossen werden.<\/span><\/p>\n<p><span style=\"color: #000000;\">Heutzutage wird Matcha auf der ganzen Welt und auch in Japan (vor allem in den Gro\u00dfst\u00e4dten) in Form von Milchkaffee (manchmal auch mit Fruchtp\u00fcree) getrunken, und es gibt unz\u00e4hlige kulinarische Anwendungen. Man denke an Matcha-Tiramisu, Kuchen, Kekse, Mochi usw.<\/span><\/p>\n<p><span style=\"color: #000000;\">Matcha ist trotz seiner Beliebtheit nicht f\u00fcr jeden leicht zu trinken. Die Zubereitung erfordert etwas \u00dcbung und die richtigen Techniken, und auch bei der Menge des Pulvers (und der zus\u00e4tzlichen Zutaten) muss man die richtige Balance f\u00fcr sich finden. Matcha hat von Natur aus eine leichte Bitterkeit, Umami und ein frisches, fast grasiges Aroma. Das ist zwar subtil, aber f\u00fcr manche Menschen gew\u00f6hnungsbed\u00fcrftig - so wie viele Menschen sich erst an Kaffee gew\u00f6hnen m\u00fcssen. Geben Sie sich also Zeit zum Probieren und Experimentieren; so kann Matcha zu einem gro\u00dfartigen Erlebnis werden. <\/span><\/p>\n<p><span style=\"color: #000000;\">Matcha wird au\u00dferdem oft als Alternative zu Kaffee getrunken, da er (dank seines Koffeingehalts) einen guten Energieschub geben kann.<\/span><\/p>\n<h2><span style=\"color: #000000;\"><strong><span style=\"color: #3b5249;\">Unser Matcha<\/span><\/strong><\/span><\/h2>\n<p><span style=\"color: #000000;\">In einer Zeit, in der Matcha \u00fcberall in allen Formen, Qualit\u00e4ten und Preisklassen angeboten wird, kann es schwierig sein, den richtigen Weg zu finden. Wir wollen hier f\u00fcr Sicherheit sorgen. Deshalb haben wir derzeit einen Matcha ausgew\u00e4hlt: von guter Qualit\u00e4t (erste Wahl) und zu einem guten Preis. Dieser Matcha kann pur getrunken werden, eignet sich aber auch perfekt f\u00fcr einen Milchkaffee (hei\u00df oder mit Eis). Manchmal h\u00f6rt man, dass es besser ist, Matcha von geringerer Qualit\u00e4t f\u00fcr Milchkaffee zu verwenden, aber wir sind da anderer Meinung: Sie wollen guten Matcha auch in einem Milchkaffee, genau wie in einem Kaffee mit Milch.<\/span><\/p>\n<p><span style=\"color: #000000;\">Die Qualit\u00e4t unseres Matcha ist viel h\u00f6her als die der kulinarischen Qualit\u00e4t, die zum Kochen und Backen bestimmt ist und oft billiger und anders verarbeitet wird. Unser Matcha kann aber auch in Gerichten wie Kuchen und Keksen verwendet werden, um den k\u00f6stlichen, vollen Matcha-Geschmack zu entfalten. So macht man etwas ganz Besonderes daraus. Da wir einen Matcha wollten, der sowohl pur als auch in (hei\u00dfen) Milchkaffees zur Geltung kommt, sch\u00e4tzen wir besonders den Kick und das sch\u00f6ne Umami in diesem Matcha.<\/span><\/p>\n<h2><span style=\"color: #3b5249;\"><strong>Herkunft und Herstellung<\/strong><\/span><\/h2>\n<p><span style=\"color: #000000;\">Unser Matcha ist eine Mischung aus mehreren Vertragsfarmen aus derselben Region: Shizuoka (Japan). Die Tatsache, dass die Bl\u00e4tter von mehreren Farmen (statt von einer) stammen, bedeutet nicht unbedingt, dass die Qualit\u00e4t schlechter ist, sondern vielmehr, dass der Matcha erschwinglicher wird.<\/span><\/p>\n<p><span style=\"color: #000000;\">Unser Erzeuger mahlt den Tencha (Teebl\u00e4tter) mit einer feinen M\u00fchle und einem Niedrigtemperaturverfahren zu Matcha (Teepulver). Die Teepflanzen, von denen die Tencha-Bl\u00e4tter stammen, werden vor der Ernte beschattet; eine traditionelle Beschattungstechnik, die f\u00fcr die Herstellung von echtem Tencha (\u78be\u8336) unerl\u00e4sslich ist.<\/span><\/p>\n<p><span style=\"color: #000000;\">Au\u00dferdem stammt unser Matcha aus der ersten Pfl\u00fcckung. Das sind j\u00fcngere Bl\u00e4tter, die eine h\u00f6here Qualit\u00e4t gew\u00e4hrleisten. Zeremonielle Qualit\u00e4t bezieht sich historisch gesehen auf die hochwertigsten Teebl\u00e4tter aus der ersten Pfl\u00fcckung, die in der traditionellen japanischen Teezeremonie (Chanoyu) verwendet werden. Obwohl der Begriff heutzutage auch im Marketing verwendet wird, um den Unterschied zu kulinarischem Matcha zu verdeutlichen, steht er im Grunde f\u00fcr Matcha mit einem tiefen Umami, einer samtigen Textur und geeignet zum puren Trinken.<\/span><\/p>\n<h2><span style=\"color: #000000;\"><strong><span style=\"color: #3b5249;\">Geschmack und Geruch<\/span><\/strong><\/span><\/h2>\n<p><span style=\"color: #000000;\">Unser Matcha hat ein wunderbares Gleichgewicht zwischen einem weichen und reichhaltigen Geschmack, mit einem tiefen Umami, nat\u00fcrlicher S\u00fc\u00dfe und einer leichten Bitterkeit. Es ist ein Matcha mit Pfiff: Das Umami-Erlebnis kommt stark durch und h\u00e4lt sich gut, sogar in einem hei\u00dfen Milchkaffee (der oft den Geschmack von Matcha etwas d\u00e4mpft). Das Aroma ist frisch und delikat, mit einem sauberen, grasigen Geruch. Aber nat\u00fcrlich bleibt das Geschmacksempfinden immer subjektiv.<\/span><\/p>\n<p><span style=\"color: #000000;\">Lassen Sie sich nicht von Leuten t\u00e4uschen, die behaupten, dass Matcha \u00fcberhaupt nicht bitter sein soll. Tats\u00e4chlich hat Matcha einen unverwechselbaren, leicht bitteren Geschmack, und das ist einer der Gr\u00fcnde, warum er seit Jahrhunderten so beliebt ist. Eine zu starke Bitterkeit ist nat\u00fcrlich nicht erw\u00fcnscht, vor allem wenn sie mit einem \u201cfischigen\u201d Geschmack oder Geruch einhergeht. In diesem Fall k\u00f6nnte die Qualit\u00e4t Ihres Pulvers minderwertig sein, aber es k\u00f6nnte auch an zu viel Pulver oder zu hei\u00dfem Wasser liegen.<\/span><\/p>\n<h2><span style=\"color: #000000;\"><strong><span style=\"color: #3b5249;\">Speichern Sie<\/span><\/strong><\/span><\/h2>\n<p><span style=\"color: #000000;\">Lagern Sie Matcha immer luftdicht, dunkel und k\u00fchl. Sauerstoff, Licht und Hitze lassen Matcha schnell verblassen und mindern seinen Geschmack. Nach dem \u00d6ffnen ist Matcha innerhalb von 4-8 Wochen am schmackhaftesten, was aber nicht bedeutet, dass er danach nicht mehr gut und schmackhaft ist. Wenn Sie den Beutel wieder verschlie\u00dfen, dr\u00fccken Sie vorsichtig die gesamte Luft heraus (das Pulver darf nicht herausfliegen!) und achten Sie darauf, dass der Verschluss wirklich dicht ist. Feuchtigkeit darf auf keinen Fall mit dem Pulver in Ber\u00fchrung kommen, daher muss der L\u00f6ffel vor der Verwendung v\u00f6llig trocken sein.<\/span><\/p>\n<p><span style=\"color: #000000;\">Der Innenbeutel, in dem unser Matcha geliefert wird, ist laminiert und UV-best\u00e4ndig, damit das Pulver optimal frisch bleibt. Die Haltbarkeitsdauer von Matcha ist immer recht kurz, vor allem weil die Qualit\u00e4t langsam nachlassen kann, nicht weil das Produkt schnell verdirbt. Oft bleibt (unge\u00f6ffneter) Matcha monatelang haltbar. Das Haltbarkeitsdatum betr\u00e4gt in der Regel nicht mehr als ein Jahr nach der ersten Pfl\u00fcckung, um Geschmack und Qualit\u00e4t zu gew\u00e4hrleisten.<\/span><\/p>\n<p><span style=\"color: #000000;\">Im Laufe der Zeit k\u00f6nnen Farbe, Geschmack und Geruch nachlassen, was aber nicht unbedingt bedeutet, dass das Produkt verdorben ist. Riechen, sehen und schmecken Sie immer: Wenn alles normal erscheint, ist in der Regel alles in Ordnung und es gibt keine Qualit\u00e4tseinbu\u00dfen. Au\u00dferdem wird Matcha absichtlich in kleinen Mengen verkauft (wie bei uns: 30 g), so dass Sie ihn wahrscheinlich lange vor dem THT aufbrauchen werden.<\/span><\/p>\n<h2><span style=\"color: #000000;\"><strong><span style=\"color: #3b5249;\">Tipps f\u00fcr die Zubereitung eines guten Matcha<\/span><\/strong><\/span><\/h2>\n<ul>\n<li><span style=\"color: #000000;\"><strong>Sieben Sie das Pulver<\/strong> vor dem Verquirlen, um Klumpen zu vermeiden (das ist wirklich nicht lecker). Sicherstellen, dass das Sieb vollst\u00e4ndig trocken ist.<\/span><\/li>\n<li><strong style=\"color: #000000;\">Wasser bei maximal 80\u00b0C.<\/strong><span style=\"color: #000000;\"> Hei\u00dferes Wasser kann den Matcha verbrennen und ihn sehr bitter machen. Verwenden Sie vorzugsweise abgekochtes Wasser, das auf 80 \u00b0C (oder weniger) abgek\u00fchlt ist, oder erhitzen Sie Ihr Wasser direkt auf 80 \u00b0C.<\/span><\/li>\n<li><strong style=\"color: #000000;\">Achten Sie gut auf Ihren Chasen (Teeschl\u00e4ger):<\/strong>\n<ul>\n<li><span style=\"color: #000000;\">Befeuchten Sie das Chasen vor dem Gebrauch (bis unter das Seil). Weichen Sie es 1-2 Minuten lang in warmem Wasser (50-60 \u00b0C) ein, damit die Bambusfasern geschmeidig werden und sich nicht so schnell abnutzen und die gr\u00fcne Farbe des Matcha-Pulvers nicht so schnell in den Bambus einzieht.<\/span><\/li>\n<li>Tippen Sie in Zickzack-Bewegungen (W oder M) - nicht drehen.<\/li>\n<li>Schlagen Sie schnell, aber ohne stark zu dr\u00fccken. Schaum entsteht durch Geschwindigkeit, nicht durch Kraft; ber\u00fchren Sie den Boden der Sch\u00fcssel so wenig wie m\u00f6glich, um Verschlei\u00df zu vermeiden.<\/li>\n<li>Sofort mit lauwarmem Wasser, ohne Seife, absp\u00fclen.<\/li>\n<li>An einem luftigen Ort ohne direkte Sonneneinstrahlung auf einem Chasen-Halter (kusenaoshi) trocknen lassen.<\/li>\n<li>Ersetzen Sie Ihre Chasen, wenn die Punkte abbrechen oder der Schaumstoff versagt.<\/li>\n<\/ul>\n<\/li>\n<li><span style=\"color: #000000;\"><strong>Legen Sie Ihre Werkzeuge niemals in die Sp\u00fclmaschine.<\/strong><\/span><\/li>\n<li><strong style=\"color: #000000;\">Matcha-Wiegen<\/strong><span style=\"color: #000000;\"> kann n\u00fctzlich sein: Auf diese Weise erhalten Sie eine gleichm\u00e4\u00dfige Konsistenz und finden Ihr ideales Verh\u00e4ltnis. Zu viel Matcha kann zu Bitterkeit, einem starken Mundgef\u00fchl oder einer k\u00f6rnigen Textur f\u00fchren - und Matcha enth\u00e4lt eine ganze Menge Koffein. Hinweis: Eine gew\u00f6hnliche K\u00fcchenwaage ist f\u00fcr so kleine Mengen oft nicht genau genug.<\/span><\/li>\n<li><strong style=\"color: #000000;\">Bei einem Milchkaffee:<\/strong><span style=\"color: #000000;\"> Vergewissern Sie sich, dass der Matcha vollst\u00e4ndig im Wasser aufgel\u00f6st ist und keine Klumpen enth\u00e4lt, bevor Sie ihn \u00fcber die Milch gie\u00dfen.<\/span><\/li>\n<\/ul>\n<h2><span style=\"color: #000000;\"><strong><span style=\"color: #3b5249;\">Standardrezept f\u00fcr einen reinen Matcha - 1 Portion<\/span><\/strong><\/span><\/h2>\n<p><span style=\"color: #000000;\">1. <strong>Sieb<\/strong> Etwa 2 Gramm Matcha-Pulver (etwa 1-2 Kugeln mit dem Bambusl\u00f6ffel) in die Matcha-Schale geben.<\/span><\/p>\n<p><span style=\"color: #000000;\">2. Gie\u00dfen Sie etwa 60 ml Wasser mit einer Temperatur von bis zu 80 \u00b0C in die Sch\u00fcssel.<\/span><\/p>\n<p><span style=\"color: #000000;\">3. Den Matcha schnell in W- oder M-Bewegungen schlagen, bis sich ein cremiger, feiner Schaum bildet. (Schnell schlagen, aber nicht zu fest dr\u00fccken; Schaum entsteht durch Geschwindigkeit, nicht durch Kraft. Ber\u00fchren Sie den Boden so wenig wie m\u00f6glich, um Abrieb zu vermeiden).<\/span><\/p>\n<p><span style=\"color: #000000;\">4. Sofort trinken.<\/span><\/p>\n<h2><span style=\"color: #000000;\"><strong><span style=\"color: #3b5249;\">Standardrezept f\u00fcr einen Milchkaffee<\/span><\/strong><\/span><\/h2>\n<p><span style=\"color: #000000;\">F\u00fcr einen Matcha-Latte verwenden Sie in der Regel etwas mehr Matcha-Pulver (z. B. 3-4 Gramm) und etwas weniger Wasser (z. B. 40 ml) zum Einr\u00fchren. Achtung: Matcha enth\u00e4lt viel Koffein! Ansonsten gilt das Standardrezept wie oben. In einem anderen Glas gie\u00dfen Sie die Milch Ihrer Wahl (ca. 150 ml) \u00fcber Eisw\u00fcrfel. Optional k\u00f6nnen Sie die Milch vorher mit einem S\u00fc\u00dfstoff Ihrer Wahl s\u00fc\u00dfen. Dann gie\u00dfen Sie den Matcha-Schaum aus der Matcha-Schale \u00fcber die Milch. Umr\u00fchren und genie\u00dfen!<\/span><\/p>\n<p><span style=\"color: #000000;\">Sie m\u00f6gen es lieber warm? Bereiten Sie zun\u00e4chst mit Ihrer Sch\u00fcssel und dem St\u00f6\u00dfel Ihren Matcha-Schaum zu. Gie\u00dfen Sie diesen in eine Tasse (r\u00fchren Sie ggf. Ihren S\u00fc\u00dfstoff hinein) und gie\u00dfen Sie dann langsam Ihre warme, eventuell aufgesch\u00e4umte Milch hinein - so wie Sie einen Cappuccino zubereiten.<\/span><\/p>\n<p><span style=\"color: #000000;\">Die von uns angegebenen Proportionen sind nur Vorschl\u00e4ge. Am besten ist es, wenn Sie selbst herausfinden, was Ihnen am besten gef\u00e4llt. <strong>Tipp:<\/strong> Wenn Sie den Matcha als sehr bitter empfinden, nehmen Sie beim n\u00e4chsten Mal etwas weniger Pulver (vor allem, wenn Sie ihn pur trinken).<\/span><\/p>\n<h2><span style=\"color: #000000;\"><strong><span style=\"color: #3b5249;\">Pakete<\/span><\/strong><\/span><\/h2>\n<p data-start=\"77\" data-end=\"681\"><span style=\"color: #000000;\">Sie m\u00f6chten Matcha selbst herstellen, wissen aber nicht, wo Sie anfangen sollen? Oder suchen Sie ein sch\u00f6nes Geschenk f\u00fcr jemanden (der Matcha liebt)? Wir bieten unseren Matcha auch in einem <strong>Komplettpaket:<\/strong> ein Set mit allen wichtigen Utensilien, um sofort loslegen zu k\u00f6nnen (inkl. Matcha-Schale, Chasen (Bambusbesen), Chasenhalter und Bambusl\u00f6ffel). Wir verkaufen auch ein <strong>Einstiegspaket<\/strong> ohne Teepulver. So k\u00f6nnen Sie genau das ausw\u00e4hlen, was Ihnen oder dem Empf\u00e4nger am besten gef\u00e4llt.<\/span><\/p>\n<p data-start=\"938\" data-end=\"1357\" data-is-last-node=\"\" data-is-only-node=\"\"><span style=\"color: #000000;\">Unsere Baus\u00e4tze sind nicht nur funktionell, sondern auch \u00e4sthetisch besonders sch\u00f6n. Die Werkzeuge werden in Japan hergestellt und das Design ist ruhig, neutral und zeitlos - beliebt bei vielen Menschen, unabh\u00e4ngig von Stil und Geschmack.\u00a0<\/span><\/p>","protected":false},"excerpt":{"rendered":"<p><span style=\"color: #000000;\">Matcha-Pulver aus den 100% japanischen Tencha (Bl\u00e4ttern) aus der ersten Ernte. Hellgr\u00fcn und voll von tiefem Umami, sanfter S\u00fc\u00dfe und einer perfekten leichten Bitterkeit. Zum puren Trinken oder f\u00fcr Milchkaffee (oder zum Backen und Kochen). Hohe Qualit\u00e4t zu einem wettbewerbsf\u00e4higen Preis.<\/span><\/p>","protected":false},"featured_media":8890,"template":"","meta":{"_acf_changed":false,"_angie_page":false},"product_brand":[1001],"product_cat":[1085,1024,1084,1051],"product_tag":[],"class_list":{"0":"post-6439","1":"product","2":"type-product","3":"status-publish","4":"has-post-thumbnail","6":"product_brand-tatsumi","7":"product_cat-bestsellers","8":"product_cat-dranken","9":"product_cat-nieuw","10":"product_cat-thee","12":"first","13":"instock","14":"taxable","15":"shipping-taxable","16":"purchasable","17":"product-type-simple"},"acf":[],"_links":{"self":[{"href":"https:\/\/www.dutchwasabi.nl\/de\/wp-json\/wp\/v2\/product\/6439","targetHints":{"allow":["GET"]}}],"collection":[{"href":"https:\/\/www.dutchwasabi.nl\/de\/wp-json\/wp\/v2\/product"}],"about":[{"href":"https:\/\/www.dutchwasabi.nl\/de\/wp-json\/wp\/v2\/types\/product"}],"wp:featuredmedia":[{"embeddable":true,"href":"https:\/\/www.dutchwasabi.nl\/de\/wp-json\/wp\/v2\/media\/8890"}],"wp:attachment":[{"href":"https:\/\/www.dutchwasabi.nl\/de\/wp-json\/wp\/v2\/media?parent=6439"}],"wp:term":[{"taxonomy":"product_brand","embeddable":true,"href":"https:\/\/www.dutchwasabi.nl\/de\/wp-json\/wp\/v2\/product_brand?post=6439"},{"taxonomy":"product_cat","embeddable":true,"href":"https:\/\/www.dutchwasabi.nl\/de\/wp-json\/wp\/v2\/product_cat?post=6439"},{"taxonomy":"product_tag","embeddable":true,"href":"https:\/\/www.dutchwasabi.nl\/de\/wp-json\/wp\/v2\/product_tag?post=6439"}],"curies":[{"name":"wp","href":"https:\/\/api.w.org\/{rel}","templated":true}]}}