{"id":6429,"date":"2025-12-26T10:13:34","date_gmt":"2025-12-26T10:13:34","guid":{"rendered":"https:\/\/www.dutchwasabi.nl\/verse-natte-gemberwortel-uit-nederland-200-gram\/"},"modified":"2026-03-05T07:50:12","modified_gmt":"2026-03-05T06:50:12","slug":"frische-feuchte-ingwerwurzel-aus-den-niederlanden-200-gramm","status":"publish","type":"product","link":"https:\/\/www.dutchwasabi.nl\/de\/verse-natte-gemberwortel-uit-nederland-200-gram\/","title":{"rendered":"Frische feuchte Ingwerwurzel aus den Niederlanden - 200 Gramm"},"content":{"rendered":"<p><span style=\"color: #000000;\">Dieser junge, feuchte und frische Ingwer wird in unserem eigenen Gew\u00e4chshaus in den Niederlanden im Freien angebaut. Der Ingwer wird jede Woche (w\u00e4hrend der Saison) frisch geerntet und ist ungetrocknet. Das sieht nicht nur sch\u00f6n aus, sondern der Ingwer ist auch besonders saftig und hat viel Geschmack und weniger Fasern und F\u00e4den. Wenn man ein St\u00fcck des Stiels dranl\u00e4sst, bleibt er l\u00e4nger frisch. Auch die St\u00e4ngel selbst verleihen Suppen und So\u00dfen viel Geschmack.<\/span><\/p>\n<p><span style=\"color: #000000;\">Lagern Sie den Ingwer nach Erhalt bis zu 2 Wochen im K\u00fchlschrank. Wenn Sie den Ingwer au\u00dferhalb des K\u00fchlschranks aufbewahren m\u00f6chten, k\u00f6nnen Sie dies auch ohne Verpackung tun. Der Ingwer wird dann langsam austrocknen.<\/span><\/p>\n<p><span style=\"color: #000000;\">Saison September-November.<\/span><\/p>","protected":false},"excerpt":{"rendered":"<p><span style=\"color: #000000;\">Dieser junge Ingwer wird in unserem eigenen Gew\u00e4chshaus in den Niederlanden angebaut und ist ungetrocknet (nass). Der Ingwer sieht nicht nur gut aus, sondern ist auch besonders saftig und aromatisch. Mehr Geschmack, weniger str\u00e4hnige Fasern. <strong>Saison: September-November.<\/strong><\/span><\/p>","protected":false},"featured_media":8814,"template":"","meta":{"_acf_changed":false},"product_brand":[969],"product_cat":[1071,1085,1035],"product_tag":[1183],"class_list":{"0":"post-6429","1":"product","2":"type-product","3":"status-publish","4":"has-post-thumbnail","6":"product_brand-dutch-wasabi","7":"product_cat-gember-vers","8":"product_cat-bestsellers","9":"product_cat-vers","10":"product_tag-buiten-seizoen","11":"product_shipping_class-ups-express","13":"first","14":"outofstock","15":"taxable","16":"shipping-taxable","17":"purchasable","18":"product-type-simple"},"acf":[],"_links":{"self":[{"href":"https:\/\/www.dutchwasabi.nl\/de\/wp-json\/wp\/v2\/product\/6429","targetHints":{"allow":["GET"]}}],"collection":[{"href":"https:\/\/www.dutchwasabi.nl\/de\/wp-json\/wp\/v2\/product"}],"about":[{"href":"https:\/\/www.dutchwasabi.nl\/de\/wp-json\/wp\/v2\/types\/product"}],"wp:featuredmedia":[{"embeddable":true,"href":"https:\/\/www.dutchwasabi.nl\/de\/wp-json\/wp\/v2\/media\/8814"}],"wp:attachment":[{"href":"https:\/\/www.dutchwasabi.nl\/de\/wp-json\/wp\/v2\/media?parent=6429"}],"wp:term":[{"taxonomy":"product_brand","embeddable":true,"href":"https:\/\/www.dutchwasabi.nl\/de\/wp-json\/wp\/v2\/product_brand?post=6429"},{"taxonomy":"product_cat","embeddable":true,"href":"https:\/\/www.dutchwasabi.nl\/de\/wp-json\/wp\/v2\/product_cat?post=6429"},{"taxonomy":"product_tag","embeddable":true,"href":"https:\/\/www.dutchwasabi.nl\/de\/wp-json\/wp\/v2\/product_tag?post=6429"}],"curies":[{"name":"wp","href":"https:\/\/api.w.org\/{rel}","templated":true}]}}