{"id":6408,"date":"2025-12-26T10:12:50","date_gmt":"2025-12-26T10:12:50","guid":{"rendered":"https:\/\/www.dutchwasabi.nl\/verse-sudachivrucht-citrus-uit-nederland-100-gram-3-4-stuks\/"},"modified":"2026-03-05T07:50:12","modified_gmt":"2026-03-05T06:50:12","slug":"frische-sudachi-zitrusfruchte-aus-den-niederlanden-100-gramm-3-4-stuck","status":"publish","type":"product","link":"https:\/\/www.dutchwasabi.nl\/de\/verse-sudachivrucht-citrus-uit-nederland-100-gram-3-4-stuks\/","title":{"rendered":"Frische Sudachi-Fr\u00fcchte (Zitrusfr\u00fcchte) aus den Niederlanden - 100 Gramm (3-4 St\u00fccke)"},"content":{"rendered":"<p><span style=\"color: #000000;\">Sudachi ist eine Mutation der Yuzu. Urspr\u00fcnglich stammt sie aus Japan, aber zunehmend auch aus dem benachbarten Spanien. Sie werden meist gr\u00fcn von September bis Oktober geerntet, sind aber auch gelb erh\u00e4ltlich. Neben einem s\u00e4uerlichen Geschmack haben sie manchmal einen w\u00fcrzigen, fast pfeffer\u00e4hnlichen Unterton. Sowohl der Saft als auch die Schale sind verwendbar.\u00a0<\/span><\/p>\n<p><span style=\"color: #000000;\">Am besten im K\u00fchlschrank aufbewahren.\u00a0<\/span><\/p>","protected":false},"excerpt":{"rendered":"<p><span style=\"color: #000000;\">Aus eigenem Anbau. Durchschnittlich 3-4 Zentimeter im Durchmesser. Saftig, aromatisch, scharf und s\u00e4uerlich im Geschmack mit w\u00fcrzigen Untert\u00f6nen von K\u00fcmmel, Dill und wei\u00dfem Pfeffer.<\/span><\/p>","protected":false},"featured_media":6409,"template":"","meta":{"_acf_changed":false},"product_brand":[969],"product_cat":[1056,1035],"product_tag":[1183],"class_list":{"0":"post-6408","1":"product","2":"type-product","3":"status-publish","4":"has-post-thumbnail","6":"product_brand-dutch-wasabi","7":"product_cat-verse-citrusvruchten","8":"product_cat-vers","9":"product_tag-buiten-seizoen","10":"product_shipping_class-ups-express","12":"first","13":"outofstock","14":"taxable","15":"shipping-taxable","16":"purchasable","17":"product-type-simple"},"acf":[],"_links":{"self":[{"href":"https:\/\/www.dutchwasabi.nl\/de\/wp-json\/wp\/v2\/product\/6408","targetHints":{"allow":["GET"]}}],"collection":[{"href":"https:\/\/www.dutchwasabi.nl\/de\/wp-json\/wp\/v2\/product"}],"about":[{"href":"https:\/\/www.dutchwasabi.nl\/de\/wp-json\/wp\/v2\/types\/product"}],"wp:featuredmedia":[{"embeddable":true,"href":"https:\/\/www.dutchwasabi.nl\/de\/wp-json\/wp\/v2\/media\/6409"}],"wp:attachment":[{"href":"https:\/\/www.dutchwasabi.nl\/de\/wp-json\/wp\/v2\/media?parent=6408"}],"wp:term":[{"taxonomy":"product_brand","embeddable":true,"href":"https:\/\/www.dutchwasabi.nl\/de\/wp-json\/wp\/v2\/product_brand?post=6408"},{"taxonomy":"product_cat","embeddable":true,"href":"https:\/\/www.dutchwasabi.nl\/de\/wp-json\/wp\/v2\/product_cat?post=6408"},{"taxonomy":"product_tag","embeddable":true,"href":"https:\/\/www.dutchwasabi.nl\/de\/wp-json\/wp\/v2\/product_tag?post=6408"}],"curies":[{"name":"wp","href":"https:\/\/api.w.org\/{rel}","templated":true}]}}