{"id":6375,"date":"2025-12-26T10:11:31","date_gmt":"2025-12-26T10:11:31","guid":{"rendered":"https:\/\/www.dutchwasabi.nl\/kanzuri-gefermenteerde-chilipasta-70-gram\/"},"modified":"2026-04-14T10:28:56","modified_gmt":"2026-04-14T08:28:56","slug":"kanzuri-gefermenteerde-chilipasta-70-gram","status":"publish","type":"product","link":"https:\/\/www.dutchwasabi.nl\/de\/kanzuri-gefermenteerde-chilipasta-70-gram\/","title":{"rendered":"Kanzuri (fermentierte Chilipaste) - 70 Gramm"},"content":{"rendered":"<p><span style=\"color: #000000;\">Uniek traditioneel specerij uit het de het westen van de regio Niigata (Japan). Deze sneeuw gedroogde rode peper heeft 3 jaar gefermenteerd. Licht zoet, medium scherp, met een extreem lange en diepe nasmaak. Deze magische specerij kan gebruik worden in een breed scala aan gerechten.<\/span><\/p>\n<p><span style=\"color: #000000;\">Gebruik het als een dipsaus of als marinade bijv. van een mooi stuk vlees.\u00a0\u00a0<\/span><\/p>\n<p>&nbsp;<\/p>","protected":false},"excerpt":{"rendered":"<p><span style=\"color: #000000;\">Einzigartiges traditionelles Gew\u00fcrz aus der westlichen Region Niigata (Japan). Dieser schneegetrocknete rote Pfeffer ist 3 Jahre lang fermentiert worden. Leicht s\u00fc\u00df, mittelscharf, mit einem extrem langen und tiefen Nachgeschmack. Erh\u00e4ltlich in 70 und 400 Gramm.\u00a0<\/span><\/p>","protected":false},"featured_media":8580,"template":"","meta":{"_acf_changed":false,"_angie_page":false},"product_brand":[986],"product_cat":[1049,1014],"product_tag":[],"class_list":{"0":"post-6375","1":"product","2":"type-product","3":"status-publish","4":"has-post-thumbnail","6":"product_brand-kankuri-kk","7":"product_cat-pastas-en-smaakmakers","8":"product_cat-food","10":"first","11":"instock","12":"taxable","13":"shipping-taxable","14":"purchasable","15":"product-type-simple"},"acf":[],"_links":{"self":[{"href":"https:\/\/www.dutchwasabi.nl\/de\/wp-json\/wp\/v2\/product\/6375","targetHints":{"allow":["GET"]}}],"collection":[{"href":"https:\/\/www.dutchwasabi.nl\/de\/wp-json\/wp\/v2\/product"}],"about":[{"href":"https:\/\/www.dutchwasabi.nl\/de\/wp-json\/wp\/v2\/types\/product"}],"wp:featuredmedia":[{"embeddable":true,"href":"https:\/\/www.dutchwasabi.nl\/de\/wp-json\/wp\/v2\/media\/8580"}],"wp:attachment":[{"href":"https:\/\/www.dutchwasabi.nl\/de\/wp-json\/wp\/v2\/media?parent=6375"}],"wp:term":[{"taxonomy":"product_brand","embeddable":true,"href":"https:\/\/www.dutchwasabi.nl\/de\/wp-json\/wp\/v2\/product_brand?post=6375"},{"taxonomy":"product_cat","embeddable":true,"href":"https:\/\/www.dutchwasabi.nl\/de\/wp-json\/wp\/v2\/product_cat?post=6375"},{"taxonomy":"product_tag","embeddable":true,"href":"https:\/\/www.dutchwasabi.nl\/de\/wp-json\/wp\/v2\/product_tag?post=6375"}],"curies":[{"name":"wp","href":"https:\/\/api.w.org\/{rel}","templated":true}]}}