{"id":6370,"date":"2025-12-26T10:11:31","date_gmt":"2025-12-26T10:11:31","guid":{"rendered":"https:\/\/www.dutchwasabi.nl\/kokoro-ongepasteuriseerde-en-onverdunde-sake-180-ml-1-sakebeker\/"},"modified":"2026-04-18T11:17:39","modified_gmt":"2026-04-18T09:17:39","slug":"kokoro-nicht-pasteurisierter-und-unverdunnter-sake-180-ml-1-sake-becher","status":"publish","type":"product","link":"https:\/\/www.dutchwasabi.nl\/de\/kokoro-ongepasteuriseerde-en-onverdunde-sake-180-ml-1-sakebeker\/","title":{"rendered":"Kokoro-Sake - 180 ml (1 Sake-Tasse)"},"content":{"rendered":"<p><span style=\"color: #000000;\">Vollmundiger, leicht trockener Sake. Reichhaltige Kombination aus tiefem Reisgeschmack, viel Umami und einem angenehmen leichten Aroma. Limitierte Auflage mit einem guten Preis-Qualit\u00e4ts-Verh\u00e4ltnis. Dieser vielseitige Sake kann bei allen Temperaturen getrunken werden. Unpasteurisiert und unverd\u00fcnnt. Kalt, bei Zimmertemperatur oder aufgew\u00e4rmt trinken.<\/span><\/p>\n<h2><span style=\"color: #3b5249;\"><strong>Empfohlen unter<\/strong><\/span><\/h2>\n<p><span style=\"color: #000000;\">Dieser vielseitige Sake l\u00e4sst sich leicht mit allen Arten von Gerichten kombinieren.\u00a0<\/span><\/p>\n<h2><span style=\"color: #3b5249;\">Brauerei<\/span><\/h2>\n<p><span style=\"color: #000000;\">Die \u014cta-Brauerei wurde im Jahr 1874 gegr\u00fcndet. Der Besitzer ist ein Nachfahre von \u014cta D\u014dkan, dem ber\u00fchmten Samurai, der die Burg Edo, den heutigen Kaiserpalast im Zentrum Tokios, erbaute. Die Familie \u014cta ist stolzer Besitzer einer sch\u00f6nen alten Brauerei an der alten Handelsstra\u00dfe von Tokio nach Kyoto, einer zweiten Brauerei im Brauereizentrum von Nada und einer Weinkellerei ebenfalls in der Pr\u00e4fektur Shiga.<\/span><\/p>\n<div class=\"elfsight-app-6f22c6d8-3dfd-4243-8f94-a646b4a01649\" data-elfsight-app-lazy=\"\"><\/div>","protected":false},"excerpt":{"rendered":"<p><span style=\"color: #000000;\">Vollmundiger, leicht trockener Junmai-Sake. Nama (unpasteurisiert), genshu (unverd\u00fcnnt) und muroka (ungefiltert). Reichhaltige Kombination aus tiefem Reisgeschmack, viel Umami und einem angenehmen leichten Aroma. Gebraut in limitierter Auflage mit sehr gutem Preis-Leistungs-Verh\u00e4ltnis. Passt zu einer breiten Palette von Gerichten. Erh\u00e4ltlich in 180 (1 Tasse) &amp; 720 ml.<\/span><\/p>","protected":false},"featured_media":11631,"template":"","meta":{"_acf_changed":false},"product_brand":[980],"product_cat":[1063,1024,1025],"product_tag":[],"class_list":{"0":"post-6370","1":"product","2":"type-product","3":"status-publish","4":"has-post-thumbnail","6":"product_brand-ota-shuzo","7":"product_cat-allround","8":"product_cat-dranken","9":"product_cat-sake","11":"first","12":"instock","13":"taxable","14":"shipping-taxable","15":"purchasable","16":"product-type-simple"},"acf":[],"_links":{"self":[{"href":"https:\/\/www.dutchwasabi.nl\/de\/wp-json\/wp\/v2\/product\/6370","targetHints":{"allow":["GET"]}}],"collection":[{"href":"https:\/\/www.dutchwasabi.nl\/de\/wp-json\/wp\/v2\/product"}],"about":[{"href":"https:\/\/www.dutchwasabi.nl\/de\/wp-json\/wp\/v2\/types\/product"}],"wp:featuredmedia":[{"embeddable":true,"href":"https:\/\/www.dutchwasabi.nl\/de\/wp-json\/wp\/v2\/media\/11631"}],"wp:attachment":[{"href":"https:\/\/www.dutchwasabi.nl\/de\/wp-json\/wp\/v2\/media?parent=6370"}],"wp:term":[{"taxonomy":"product_brand","embeddable":true,"href":"https:\/\/www.dutchwasabi.nl\/de\/wp-json\/wp\/v2\/product_brand?post=6370"},{"taxonomy":"product_cat","embeddable":true,"href":"https:\/\/www.dutchwasabi.nl\/de\/wp-json\/wp\/v2\/product_cat?post=6370"},{"taxonomy":"product_tag","embeddable":true,"href":"https:\/\/www.dutchwasabi.nl\/de\/wp-json\/wp\/v2\/product_tag?post=6370"}],"curies":[{"name":"wp","href":"https:\/\/api.w.org\/{rel}","templated":true}]}}