{"id":6191,"date":"2025-11-14T18:46:54","date_gmt":"2025-11-14T18:46:54","guid":{"rendered":"https:\/\/www.dutchwasabi.nl\/rokkakkei-muurmagneet-voor-messen-walnoot-1-set-5-magneten\/"},"modified":"2026-03-05T07:50:09","modified_gmt":"2026-03-05T06:50:09","slug":"rokkakkei-wandmagnet-fur-messer-walnuss-1-satz-5-magnete","status":"publish","type":"product","link":"https:\/\/www.dutchwasabi.nl\/de\/rokkakkei-muurmagneet-voor-messen-walnoot-1-set-5-magneten\/","title":{"rendered":"Rokkakkei Wandmagnet - Walnussholz"},"content":{"rendered":"<p><span style=\"color: #000000;\">Bewahren Sie Ihre Messer ordentlich auf und zeigen Sie sie mit Stolz mit diesem einzigartigen Messermagneten f\u00fcr die Wand. Das System ist modular aufgebaut, wobei die h\u00f6lzernen Sechsecke herausnehmbar sind und die Reihenfolge der Mischbl\u00f6cke ge\u00e4ndert werden kann. Die extrem starken Magnete halten Ihr Messer sicher an seinem Platz. Die Abstandshalter lassen das System scheinbar an der Wand schweben. Handgefertigt in den Niederlanden. Erh\u00e4ltlich in 2 Holzarten: Eiche und Walnuss.<\/span><\/p>\n<p><span style=\"color: #000000;\">Das Rokkakkei bietet Platz f\u00fcr f\u00fcnf Messer.<\/span><\/p>\n<h2><span style=\"color: #000000;\">Hintergrund<\/span><\/h2>\n<p><span style=\"color: #000000;\">Das Rokkakkei bedeutet auf Japanisch Sechseck. Diese Form ist die Grundlage f\u00fcr dieses Design. Ein japanisches Messer braucht Handwerkskunst, die sich auch im Rokkakkei widerspiegelt. Wie raffinierte japanische Messer wird auch das Rokkakkei mit Hingabe und nur aus hochwertigen Materialien hergestellt.<\/span><\/p>\n<p><span style=\"color: #000000;\">Sie haben sch\u00f6ne (japanische) Messer. Die richtige Lagerung sorgt daf\u00fcr, dass Ihre Messer weiterhin optimal funktionieren. Das stilvolle Design des Rokkakkei bewahrt Ihre Messer sicher auf und ist auch in Ihrer (Outdoor-)K\u00fcche sch\u00f6n zu pr\u00e4sentieren.<\/span><\/p>\n<p><span style=\"color: #000000;\">Durch sein handliches Design kann es \u00fcberall eingesetzt werden. Die St\u00e4rke des Rokkakkei ist seine Einfachheit. Das Rokkakkei wird vollst\u00e4ndig von Hand gefertigt, so dass jedes St\u00fcck ein Unikat ist.<\/span><\/p>","protected":false},"excerpt":{"rendered":"<p><span style=\"color: #000000;\">Handgefertigt in den Niederlanden. Platz f\u00fcr 5 Messer. Bewahren Sie Ihre Messer ordentlich auf und zeigen Sie sie mit Stolz mit diesem einzigartigen Messermagneten f\u00fcr die Wand. Erh\u00e4ltlich in 2 Holzarten und 3 Zusammensetzungen.<\/span><\/p>","protected":false},"featured_media":9981,"template":"","meta":{"_acf_changed":false},"product_brand":[1121],"product_cat":[1044,1010,1011],"product_tag":[],"class_list":{"0":"post-6191","1":"product","2":"type-product","3":"status-publish","4":"has-post-thumbnail","6":"product_brand-rokkakkei","7":"product_cat-bewaren-en-opbergen","8":"product_cat-keuken-en-tafel","9":"product_cat-messen","10":"pa_grootte-5-magneten-plek-voor-5-messen","11":"pa_materiaal-walnoot","12":"pa_onderhoud-niet-geschikt-voor-de-vaatwasser","13":"pa_supplier-rokkakkei","15":"first","16":"instock","17":"taxable","18":"shipping-taxable","19":"purchasable","20":"product-type-simple"},"acf":[],"_links":{"self":[{"href":"https:\/\/www.dutchwasabi.nl\/de\/wp-json\/wp\/v2\/product\/6191","targetHints":{"allow":["GET"]}}],"collection":[{"href":"https:\/\/www.dutchwasabi.nl\/de\/wp-json\/wp\/v2\/product"}],"about":[{"href":"https:\/\/www.dutchwasabi.nl\/de\/wp-json\/wp\/v2\/types\/product"}],"wp:featuredmedia":[{"embeddable":true,"href":"https:\/\/www.dutchwasabi.nl\/de\/wp-json\/wp\/v2\/media\/9981"}],"wp:attachment":[{"href":"https:\/\/www.dutchwasabi.nl\/de\/wp-json\/wp\/v2\/media?parent=6191"}],"wp:term":[{"taxonomy":"product_brand","embeddable":true,"href":"https:\/\/www.dutchwasabi.nl\/de\/wp-json\/wp\/v2\/product_brand?post=6191"},{"taxonomy":"product_cat","embeddable":true,"href":"https:\/\/www.dutchwasabi.nl\/de\/wp-json\/wp\/v2\/product_cat?post=6191"},{"taxonomy":"product_tag","embeddable":true,"href":"https:\/\/www.dutchwasabi.nl\/de\/wp-json\/wp\/v2\/product_tag?post=6191"}],"curies":[{"name":"wp","href":"https:\/\/api.w.org\/{rel}","templated":true}]}}