{"id":6181,"date":"2025-11-14T18:46:48","date_gmt":"2025-11-14T18:46:48","guid":{"rendered":"https:\/\/www.dutchwasabi.nl\/gedroogde-eetbare-japanse-esdoornbladeren-momiji-100-stuks\/"},"modified":"2026-04-23T09:41:38","modified_gmt":"2026-04-23T07:41:38","slug":"getrocknete-essbare-japanische-ahornblatter-momiji-100-stuck-2","status":"publish","type":"product","link":"https:\/\/www.dutchwasabi.nl\/de\/gedroogde-eetbare-japanse-esdoornbladeren-momiji-100-stuks\/","title":{"rendered":"Getrocknete essbare japanische Ahornbl\u00e4tter (momiji) - 100 St\u00fcck"},"content":{"rendered":"<p><span style=\"color: #000000;\">Diese roten getrockneten essbaren Ahornbl\u00e4tter sind ein einzigartiges japanisches Produkt, das ausschlie\u00dflich von <strong>Maple Laboratory Inc.<\/strong> in Tajimi (\u591a\u6cbb\u898b\u5e02), Pr\u00e4fektur Gifu, Japan. Es ist das erste essbare getrocknete japanische Ahornblatt der Welt. Die Bl\u00e4tter stammen von mehr als 2 000 sorgf\u00e4ltig gepflanzten Ahornb\u00e4umen, die ohne Pestizide und mit organischem Kompost angebaut werden. Dank einer innovativen Verarbeitungstechnik behalten die Bl\u00e4tter ihre leuchtende Farbe, ihre elegante Form und ihre feine, weiche Textur.<\/span><\/p>\n<p><span style=\"color: #000000;\">Der japanische Ahorn (<em>Momiji<\/em> \u7d05\u8449) ist seit Jahrhunderten ein \u00e4sthetisches und kulturelles Symbol f\u00fcr Japan. Dichter und K\u00fcnstler r\u00fchmten seine rote Farbe und anmutige Form, die die Jahreszeiten repr\u00e4sentieren - frisches Gr\u00fcn im Sommer und warme Rot- und Gelbt\u00f6ne im Herbst. Mit diesen Bl\u00e4ttern bringen Sie ein St\u00fcck japanische Natur und Tradition direkt auf Ihr Geschirr.<\/span><\/p>\n<h2><span style=\"color: #3b5249;\"><strong>Anmeldung<\/strong><\/span><\/h2>\n<p><span style=\"color: #000000;\">Wie essbare Blumen verleihen diese Ahornbl\u00e4tter Gerichten ein raffiniertes und festliches Aussehen. Sie sind ideal als Dekoration f\u00fcr Desserts, Kuchen und Torten oder als farbenfrohe Garnierung f\u00fcr Salate, Vorspeisen und Cocktails. F\u00fcr einen besonders farbenfrohen Effekt k\u00f6nnen Sie die Bl\u00e4tter mit essbaren Blumen kombinieren. Au\u00dferdem k\u00f6nnen Sie die Bl\u00e4tter in einem s\u00fc\u00dfen Sirup ziehen lassen, der Getr\u00e4nken, Glasuren und Desserts einen subtilen und einzigartigen Geschmack verleiht. Manche Liebhaber machen sogar Tee aus den Bl\u00e4ttern.<\/span><\/p>\n<p><span style=\"color: #000000;\">Mit ihrem raffinierten Aussehen und ihrer Vielseitigkeit sind diese getrockneten essbaren japanischen Ahornbl\u00e4tter eine besondere Art, Ihre Kreationen auf ein neues Niveau zu bringen.<\/span><\/p>","protected":false},"excerpt":{"rendered":"<p><span style=\"color: #000000;\">Die weltweit ersten essbaren getrockneten Bl\u00e4tter des japanischen Ahorns. Pestizidfrei angebaut. Sch\u00f6ne rote Farbe, Form und Textur. Hervorragend zur Dekoration und k\u00f6stlich in Sirup oder Tee. Verkauft pro 100 St\u00fcck.<\/span><\/p>","protected":false},"featured_media":8811,"template":"","meta":{"_acf_changed":false},"product_brand":[1160],"product_cat":[1014,1021,1019],"product_tag":[],"class_list":{"0":"post-6181","1":"product","2":"type-product","3":"status-publish","4":"has-post-thumbnail","6":"product_brand-maple-laboratory-inc","7":"product_cat-food","8":"product_cat-geconserveerd","9":"product_cat-kruiden-en-specerijen","10":"pa_supplier-chinriu","12":"first","13":"instock","14":"taxable","15":"shipping-taxable","16":"purchasable","17":"product-type-simple"},"acf":[],"_links":{"self":[{"href":"https:\/\/www.dutchwasabi.nl\/de\/wp-json\/wp\/v2\/product\/6181","targetHints":{"allow":["GET"]}}],"collection":[{"href":"https:\/\/www.dutchwasabi.nl\/de\/wp-json\/wp\/v2\/product"}],"about":[{"href":"https:\/\/www.dutchwasabi.nl\/de\/wp-json\/wp\/v2\/types\/product"}],"wp:featuredmedia":[{"embeddable":true,"href":"https:\/\/www.dutchwasabi.nl\/de\/wp-json\/wp\/v2\/media\/8811"}],"wp:attachment":[{"href":"https:\/\/www.dutchwasabi.nl\/de\/wp-json\/wp\/v2\/media?parent=6181"}],"wp:term":[{"taxonomy":"product_brand","embeddable":true,"href":"https:\/\/www.dutchwasabi.nl\/de\/wp-json\/wp\/v2\/product_brand?post=6181"},{"taxonomy":"product_cat","embeddable":true,"href":"https:\/\/www.dutchwasabi.nl\/de\/wp-json\/wp\/v2\/product_cat?post=6181"},{"taxonomy":"product_tag","embeddable":true,"href":"https:\/\/www.dutchwasabi.nl\/de\/wp-json\/wp\/v2\/product_tag?post=6181"}],"curies":[{"name":"wp","href":"https:\/\/api.w.org\/{rel}","templated":true}]}}