{"id":6177,"date":"2025-11-14T18:46:46","date_gmt":"2025-11-14T18:46:46","guid":{"rendered":"https:\/\/www.dutchwasabi.nl\/geperst-ogatan-houtskool-uit-vietnam-5-kg\/"},"modified":"2026-04-16T22:05:39","modified_gmt":"2026-04-16T20:05:39","slug":"gepresste-ogatan-holzkohle-aus-vietnam-5-kg","status":"publish","type":"product","link":"https:\/\/www.dutchwasabi.nl\/de\/geperst-ogatan-houtskool-uit-vietnam-5-kg\/","title":{"rendered":"Gepresste Ogatan-Holzkohle aus Vietnam - 5 kg"},"content":{"rendered":"<p><span style=\"color: #000000\">Diese Holzkohle ist die perfekte, erschwingliche Wahl f\u00fcr Yakiniku und traditionelle Konro-Grills. Diese gepresste Ogatan-Holzkohle wird aus gepressten Holzresten hergestellt. Durch den Prozess der Verkohlung entsteht eine sch\u00f6ne Holzkohle. Der Unterschied zu normaler Binchotan besteht darin, dass Ogatan etwas hei\u00dfer brennt und mehr Asche hinterl\u00e4sst. Im Vergleich zu normaler Holzkohle brennt sie l\u00e4nger, hei\u00dfer und mit weniger Aschebildung. Au\u00dferdem gibt sie wie normale Binchotan einen angenehmen Rauchgeschmack ab und ist aufgrund ihrer sch\u00f6nen Formen und Abmessungen sehr handlich.\u00a0<\/span><\/p>\n<h2><span style=\"color: #3b5249\">Wie z\u00fcndet man diese Holzkohle an?<\/span><\/h2>\n<p><span style=\"color: #000000\">Wir empfehlen die Verwendung unserer Holzkohle-Anz\u00fcndpfanne oder des Schornsteins. Sie ist leicht anzuz\u00fcnden und macht das Anz\u00fcnden von hei\u00dfen Kohlen \u00fcberfl\u00fcssig. Stellen Sie die Pfanne oder den Schornstein auf einen Gaskocher oder ein anderes offenes Feuer. Es dauert etwa 8-10 Minuten, bis die Kohlen rotgl\u00fchend sind. Eventuell m\u00fcssen Sie sie einmal umdrehen.<\/span><\/p>\n<p><span style=\"color: #000000\">Legen Sie die hei\u00dfen Kohlen in Ihren Grill und decken Sie sie bei Bedarf mit zus\u00e4tzlicher Holzkohle ab.<\/span><\/p>\n<p><span style=\"color: #000000\">Warten Sie mit dem Grillen, bis die gesamte Holzkohle gl\u00fcht. So wird sichergestellt, dass der Grill mit einer gleichm\u00e4\u00dfigen Temperatur brennt.<\/span><\/p>\n<p><span style=\"color: #000000\">Eine andere Methode ist das Anz\u00fcnden mit einem Propan-\/Butangasbrenner. F\u00fcllen Sie den Grill etwa zur H\u00e4lfte mit Holzkohle. Z\u00fcnden Sie den Brenner an und verteilen Sie ihn gleichm\u00e4\u00dfig \u00fcber der Holzkohle. Sobald die Holzkohle brennt, f\u00fcgen Sie ein paar weitere St\u00fccke hinzu.<\/span><\/p>\n<p><span style=\"color: #000000\">Wenn Sie Holzkohle anz\u00fcnden, die schon einmal gebrannt hat, k\u00f6nnen Sie auch Anz\u00fcnderdochte auf einem in Oliven- oder Sonnenblumen\u00f6l getr\u00e4nkten St\u00fcck K\u00fcchenpapier verwenden.\u00a0<\/span><\/p>\n<h2><span style=\"color: #3b5249\">Wenn Sie mit dem Grillen fertig sind<\/span><\/h2>\n<p><span style=\"color: #000000\">Diese Holzkohle brennt 3-4 Stunden lang und kann 1-2 Mal gel\u00f6scht und wieder angez\u00fcndet werden. Am besten l\u00f6scht man die Holzkohle in einer Pfanne mit Deckel oder einem gusseisernen Topf.<\/span><\/p>\n<p><span style=\"color: #000000\">Gie\u00dfen Sie KEIN Wasser in einen Steingrill, da dies den Grill besch\u00e4digen kann.<\/span><\/p>","protected":false},"excerpt":{"rendered":"<p><span style=\"color: #000000\">Gepresste Holzkohle mit h\u00f6herer Brenntemperatur und perfekter Form f\u00fcr Konro-Grills. 3-4 Stunden Brenndauer. Wenig bis kein Rauch. Erh\u00e4ltlich in 5 und 10 kg.<\/span><\/p>","protected":false},"featured_media":8807,"template":"","meta":{"_acf_changed":false},"product_brand":[1126],"product_cat":[1027,1010],"product_tag":[],"class_list":{"0":"post-6177","1":"product","2":"type-product","3":"status-publish","4":"has-post-thumbnail","6":"product_brand-konro","7":"product_cat-konro-grill","8":"product_cat-keuken-en-tafel","9":"pa_materiaal-geperst-ogatan-houtskool","10":"pa_onderhoud-zie-productomschrijving","11":"pa_supplier-cnb-enterprises","13":"first","14":"instock","15":"taxable","16":"shipping-taxable","17":"purchasable","18":"product-type-simple"},"acf":[],"_links":{"self":[{"href":"https:\/\/www.dutchwasabi.nl\/de\/wp-json\/wp\/v2\/product\/6177","targetHints":{"allow":["GET"]}}],"collection":[{"href":"https:\/\/www.dutchwasabi.nl\/de\/wp-json\/wp\/v2\/product"}],"about":[{"href":"https:\/\/www.dutchwasabi.nl\/de\/wp-json\/wp\/v2\/types\/product"}],"wp:featuredmedia":[{"embeddable":true,"href":"https:\/\/www.dutchwasabi.nl\/de\/wp-json\/wp\/v2\/media\/8807"}],"wp:attachment":[{"href":"https:\/\/www.dutchwasabi.nl\/de\/wp-json\/wp\/v2\/media?parent=6177"}],"wp:term":[{"taxonomy":"product_brand","embeddable":true,"href":"https:\/\/www.dutchwasabi.nl\/de\/wp-json\/wp\/v2\/product_brand?post=6177"},{"taxonomy":"product_cat","embeddable":true,"href":"https:\/\/www.dutchwasabi.nl\/de\/wp-json\/wp\/v2\/product_cat?post=6177"},{"taxonomy":"product_tag","embeddable":true,"href":"https:\/\/www.dutchwasabi.nl\/de\/wp-json\/wp\/v2\/product_tag?post=6177"}],"curies":[{"name":"wp","href":"https:\/\/api.w.org\/{rel}","templated":true}]}}