{"id":6161,"date":"2025-11-14T18:46:39","date_gmt":"2025-11-14T18:46:39","guid":{"rendered":"https:\/\/www.dutchwasabi.nl\/nori-tempura-chips-noriten-zout-140-gram\/"},"modified":"2026-04-14T16:46:26","modified_gmt":"2026-04-14T14:46:26","slug":"nori-tempura-chips-noriten-zout-140-gram","status":"publish","type":"product","link":"https:\/\/www.dutchwasabi.nl\/de\/nori-tempura-chips-noriten-zout-140-gram\/","title":{"rendered":"Gesalzene Noriten (Seetang-Tempura-Chips) - 140g!"},"content":{"rendered":"<p><span style=\"color: #000000\"><em><strong>VORSICHT!<\/strong> Dieses Produkt hat derzeit eine kurze <strong>THT (14. Dezember).<\/strong> In der Praxis halten sie (unge\u00f6ffnet) oft viel l\u00e4nger, so dass es eine Verschwendung w\u00e4re, sie wegzuwerfen. Deshalb bekommen Sie sie jetzt f\u00fcr die <strong>die H\u00e4lfte des Preises! <\/strong>Onze nori tempura chips (zout\/wasabi) zijn perfect voor de feestdagen: een grote zak, heerlijk om zo te snacken \u00e9n ideaal met dips of kaas op de borrelplank, geserveerd met een biertje bijvoorbeeld. Kinderen zijn er ook vaak ook dol op!<\/em><\/span><\/p>\n<p><span style=\"color: #000000\">Noriten (\u306e\u308a\u5929) sind ein traditioneller japanischer Snack aus Nori-Algen, die mit einer d\u00fcnnen Schicht Tempura-Teig \u00fcberzogen und dann frittiert werden, um eine leichte, knusprige Textur zu erhalten. Der Name ist eine Kombination aus <em>nori<\/em> (Seegras) und <em>unter<\/em> (kurz f\u00fcr Tempura).<\/span><br \/>\n<span style=\"color: #000000\">Dieser Snack ist in Japan seit vielen Jahren beliebt, weil er ein ausgewogenes Verh\u00e4ltnis zwischen dem w\u00fcrzigen Charakter des Seetangs und seiner knusprigen H\u00fclle bietet. Noriten wird oft mit Salz, Sojasauce oder anderen umamihaltigen Gew\u00fcrzen gew\u00fcrzt und ist ein klassischer Snack, der h\u00e4ufig zu einem Bier oder als leichter herzhafter Genuss gegessen wird.<\/span><\/p>\n<h2><span style=\"color: #3b5249\"><strong>Geschmacksprofil<\/strong><\/span><\/h2>\n<p><span style=\"color: #000000\">Noriten heeft een luchtige, knapperige bite met een duidelijke umami-smaak van nori-zeewier. Het tempuralaagje voegt een subtiele hartigheid en crunch toe, terwijl het zeewier zorgt voor een licht ziltige, aromatische ondertoon. Het resultaat is een snack die zowel vol van smaak is als verrassend licht en verslavend knapperig. De chips zijn gezouten en daarmee het perfecte zoute tussendoortje!<\/span><\/p>\n<h2><span style=\"color: #3b5249\"><strong>Anmeldung<\/strong><\/span><\/h2>\n<p><span style=\"color: #000000\">Genie\u00dfen Sie diese Nori-Chips direkt aus der T\u00fcte als herzhaften Snack. Durch die Gro\u00dfpackung eignen sie sich ideal als Snack auf der Getr\u00e4nketafel, kombiniert mit Bier oder Sake, oder als Topping \u00fcber Reis, Poke Bowls oder Salate f\u00fcr zus\u00e4tzlichen Crunch und Umami. Auch als knusprige Komponente in japanischen Fusionsgerichten geeignet.<\/span><\/p>","protected":false},"excerpt":{"rendered":"<p><span style=\"color: #000000\">LET OP: Dit product heeft op dit moment een korte THT (14 december). In de praktijk blijven ze (ongeopend) vaak veel langer goed, dus weggooien is zonde. Daarom krijg je ze nu\u00a0voor de helft van de prijs! Sla je slag, want dit is onmisbaar voor de borrel!<\/span><\/p>","protected":false},"featured_media":10019,"template":"","meta":{"_acf_changed":false,"_angie_page":false},"product_brand":[1156],"product_cat":[1077,1014,1050],"product_tag":[],"class_list":{"0":"post-6161","1":"product","2":"type-product","3":"status-publish","4":"has-post-thumbnail","6":"product_brand-maruka-foods","7":"product_cat-snacks-en-delicatessen","8":"product_cat-food","9":"product_cat-nori","10":"pa_supplier-tatsumi","12":"first","13":"outofstock","14":"taxable","15":"shipping-taxable","16":"purchasable","17":"product-type-simple"},"acf":[],"_links":{"self":[{"href":"https:\/\/www.dutchwasabi.nl\/de\/wp-json\/wp\/v2\/product\/6161","targetHints":{"allow":["GET"]}}],"collection":[{"href":"https:\/\/www.dutchwasabi.nl\/de\/wp-json\/wp\/v2\/product"}],"about":[{"href":"https:\/\/www.dutchwasabi.nl\/de\/wp-json\/wp\/v2\/types\/product"}],"wp:featuredmedia":[{"embeddable":true,"href":"https:\/\/www.dutchwasabi.nl\/de\/wp-json\/wp\/v2\/media\/10019"}],"wp:attachment":[{"href":"https:\/\/www.dutchwasabi.nl\/de\/wp-json\/wp\/v2\/media?parent=6161"}],"wp:term":[{"taxonomy":"product_brand","embeddable":true,"href":"https:\/\/www.dutchwasabi.nl\/de\/wp-json\/wp\/v2\/product_brand?post=6161"},{"taxonomy":"product_cat","embeddable":true,"href":"https:\/\/www.dutchwasabi.nl\/de\/wp-json\/wp\/v2\/product_cat?post=6161"},{"taxonomy":"product_tag","embeddable":true,"href":"https:\/\/www.dutchwasabi.nl\/de\/wp-json\/wp\/v2\/product_tag?post=6161"}],"curies":[{"name":"wp","href":"https:\/\/api.w.org\/{rel}","templated":true}]}}