{"id":6146,"date":"2025-11-14T18:46:30","date_gmt":"2025-11-14T18:46:30","guid":{"rendered":"https:\/\/www.dutchwasabi.nl\/tomasu-sojasaus-limited-sweet-spicy-madame-jeanette-200-ml\/"},"modified":"2026-04-14T19:13:45","modified_gmt":"2026-04-14T17:13:45","slug":"tomasu-sojasauce-limited-sus-wurzig-madame-jeanette-200-ml","status":"publish","type":"product","link":"https:\/\/www.dutchwasabi.nl\/de\/tomasu-sojasaus-limited-sweet-spicy-madame-jeanette-200-ml\/","title":{"rendered":"Tomasu Sojasauce - Limitiert S\u00fc\u00df-W\u00fcrzig Madame Jeanette - 200 ml"},"content":{"rendered":"<p><span style=\"color: #000000;\">Gebraut in den Niederlanden. Diese s\u00fc\u00df-scharfe Sojasauce wird mit Zucker aus holl\u00e4ndischen Zuckerr\u00fcben, Sesamsamen und Madam Jeanette Chilis aromatisiert. Sie basiert auf der charakteristischen Sojasauce von Tomasu, die den w\u00fcrzigen Geschmack leicht abmildert und den Geschmack der Chilischoten hervorhebt.<\/span><\/p>\n<p><span style=\"color: #000000;\">Diese Flasche ist ein Experiment und wurde mit Chilis aus eigenem Anbau hergestellt. Und nicht irgendwelche durchschnittlichen Chilis! Die unerm\u00fcdliche Suche nach Geschmack f\u00fchrte Tomasu zur Paprikasammlung des Zentrums f\u00fcr genetische Ressourcen in den Niederlanden (CGN), das ihnen freundlicherweise mehrere Sorten zur Verf\u00fcgung stellte.<\/span><\/p>","protected":false},"excerpt":{"rendered":"<p><span style=\"color: #000000;\">Limitierte Auflage der Tomasu Sweet and Spicy Sojasauce. Gebraut in den Niederlanden mit selbst angebauten Madam Jeanette Chilis. Extra voller Geschmack.<\/span><\/p>","protected":false},"featured_media":8774,"template":"","meta":{"_acf_changed":false},"product_brand":[1091],"product_cat":[1042,1014],"product_tag":[],"class_list":{"0":"post-6146","1":"product","2":"type-product","3":"status-publish","4":"has-post-thumbnail","6":"product_brand-tomasu","7":"product_cat-sojasaus","8":"product_cat-food","9":"pa_supplier-tomasu","11":"first","12":"instock","13":"taxable","14":"shipping-taxable","15":"purchasable","16":"product-type-simple"},"acf":[],"_links":{"self":[{"href":"https:\/\/www.dutchwasabi.nl\/de\/wp-json\/wp\/v2\/product\/6146","targetHints":{"allow":["GET"]}}],"collection":[{"href":"https:\/\/www.dutchwasabi.nl\/de\/wp-json\/wp\/v2\/product"}],"about":[{"href":"https:\/\/www.dutchwasabi.nl\/de\/wp-json\/wp\/v2\/types\/product"}],"wp:featuredmedia":[{"embeddable":true,"href":"https:\/\/www.dutchwasabi.nl\/de\/wp-json\/wp\/v2\/media\/8774"}],"wp:attachment":[{"href":"https:\/\/www.dutchwasabi.nl\/de\/wp-json\/wp\/v2\/media?parent=6146"}],"wp:term":[{"taxonomy":"product_brand","embeddable":true,"href":"https:\/\/www.dutchwasabi.nl\/de\/wp-json\/wp\/v2\/product_brand?post=6146"},{"taxonomy":"product_cat","embeddable":true,"href":"https:\/\/www.dutchwasabi.nl\/de\/wp-json\/wp\/v2\/product_cat?post=6146"},{"taxonomy":"product_tag","embeddable":true,"href":"https:\/\/www.dutchwasabi.nl\/de\/wp-json\/wp\/v2\/product_tag?post=6146"}],"curies":[{"name":"wp","href":"https:\/\/api.w.org\/{rel}","templated":true}]}}