{"id":5430,"date":"2025-02-19T14:53:59","date_gmt":"2025-02-19T14:53:59","guid":{"rendered":"https:\/\/www.dutchwasabi.nl\/?post_type=product&#038;p=5430"},"modified":"2026-04-02T22:02:04","modified_gmt":"2026-04-02T20:02:04","slug":"tomasu-sambal-165gr","status":"publish","type":"product","link":"https:\/\/www.dutchwasabi.nl\/de\/tomasu-sambal-165gr\/","title":{"rendered":"Tomasu sambal - 165 Gramm"},"content":{"rendered":"<p><span style=\"color: #000000;\">Dieses Tomasu Sambal wird aus Chilis und Sesamsamen von Madame Jeanette hergestellt, die in ihrer s\u00fc\u00df-scharfen Sojasauce eingelegt sind. Der Prozess beginnt mit dem Brauen von Sojasauce f\u00fcr mehr als 24 Monate, gefolgt von weiteren 6 Monaten, um die s\u00fc\u00dfe und w\u00fcrzige Version herzustellen. Der letzte Schritt besteht darin, den R\u00fcckstand f\u00fcr weitere 6 Monate fermentieren zu lassen, was zu einem wirklich beispiellosen Sambal f\u00fchrt.<\/span><\/p>","protected":false},"excerpt":{"rendered":"<p><span style=\"color: #000000;\">Tomasu Sambal ist das \u201c\u00dcberbleibsel\u201d von Tomasus s\u00fc\u00dfer und scharfer Sojasauce. Nachdem die Sojasauce extrahiert wurde, wird das Sambal weitere 6 Monate lang fermentiert. Hergestellt in Rotterdam, den Niederlanden. Eine fantastische Geschmacksbombe und herrlich w\u00fcrzig.<\/span><\/p>","protected":false},"featured_media":6247,"template":"","meta":{"_acf_changed":false},"product_brand":[1091],"product_cat":[1049,1014],"product_tag":[],"class_list":{"0":"post-5430","1":"product","2":"type-product","3":"status-publish","4":"has-post-thumbnail","6":"product_brand-tomasu","7":"product_cat-pastas-en-smaakmakers","8":"product_cat-food","9":"pa_supplier-tomasu","11":"first","12":"outofstock","13":"taxable","14":"shipping-taxable","15":"purchasable","16":"product-type-simple"},"acf":[],"_links":{"self":[{"href":"https:\/\/www.dutchwasabi.nl\/de\/wp-json\/wp\/v2\/product\/5430","targetHints":{"allow":["GET"]}}],"collection":[{"href":"https:\/\/www.dutchwasabi.nl\/de\/wp-json\/wp\/v2\/product"}],"about":[{"href":"https:\/\/www.dutchwasabi.nl\/de\/wp-json\/wp\/v2\/types\/product"}],"wp:featuredmedia":[{"embeddable":true,"href":"https:\/\/www.dutchwasabi.nl\/de\/wp-json\/wp\/v2\/media\/6247"}],"wp:attachment":[{"href":"https:\/\/www.dutchwasabi.nl\/de\/wp-json\/wp\/v2\/media?parent=5430"}],"wp:term":[{"taxonomy":"product_brand","embeddable":true,"href":"https:\/\/www.dutchwasabi.nl\/de\/wp-json\/wp\/v2\/product_brand?post=5430"},{"taxonomy":"product_cat","embeddable":true,"href":"https:\/\/www.dutchwasabi.nl\/de\/wp-json\/wp\/v2\/product_cat?post=5430"},{"taxonomy":"product_tag","embeddable":true,"href":"https:\/\/www.dutchwasabi.nl\/de\/wp-json\/wp\/v2\/product_tag?post=5430"}],"curies":[{"name":"wp","href":"https:\/\/api.w.org\/{rel}","templated":true}]}}