{"id":5429,"date":"2025-02-19T14:53:59","date_gmt":"2025-02-19T14:53:59","guid":{"rendered":"https:\/\/www.dutchwasabi.nl\/?post_type=product&#038;p=5429"},"modified":"2026-04-23T09:41:36","modified_gmt":"2026-04-23T07:41:36","slug":"tomasu-salz-mit-sojasauce-135-g","status":"publish","type":"product","link":"https:\/\/www.dutchwasabi.nl\/de\/tomasu-zout-met-sojasaus-135-gram\/","title":{"rendered":"Tomasu-Salz mit Sojasauce - 135 Gramm"},"content":{"rendered":"<p><span style=\"color: #000000;\">Dieses Tomasu-Salz wird aus Gros Sel de Gu\u00e9rande (Salz) hergestellt, das in der Bretagne, Frankreich, geerntet wird. Da dieses Salz eine der 4 Zutaten f\u00fcr die Herstellung ihrer Sojasauce ist, lag es nahe, ein Salz mit Sojasauce herzustellen. Das Salz wird in F\u00e4sser gef\u00fcllt und dann mit frisch gepresster Sojasauce aufgef\u00fcllt, so dass sich die Aromen vermischen und reifen k\u00f6nnen, was zu einem einzigartig geschmackvollen Salz f\u00fchrt.<\/span><\/p>","protected":false},"excerpt":{"rendered":"<p><span style=\"color: #000000;\">Salz aus der franz\u00f6sischen Stadt Gu\u00e9rande, aromatisiert mit Tomasu Signature Sojasauce. Ein ultimatives und einfach anzuwendendes Umami-W\u00fcrzmittel. Hergestellt in Rotterdam, den Niederlanden.<\/span><\/p>","protected":false},"featured_media":8797,"template":"","meta":{"_acf_changed":false},"product_brand":[1091],"product_cat":[1019,1014,1042],"product_tag":[],"class_list":{"0":"post-5429","1":"product","2":"type-product","3":"status-publish","4":"has-post-thumbnail","6":"product_brand-tomasu","7":"product_cat-kruiden-en-specerijen","8":"product_cat-food","9":"product_cat-sojasaus","10":"pa_supplier-tomasu","12":"first","13":"instock","14":"taxable","15":"shipping-taxable","16":"purchasable","17":"product-type-simple"},"acf":[],"_links":{"self":[{"href":"https:\/\/www.dutchwasabi.nl\/de\/wp-json\/wp\/v2\/product\/5429","targetHints":{"allow":["GET"]}}],"collection":[{"href":"https:\/\/www.dutchwasabi.nl\/de\/wp-json\/wp\/v2\/product"}],"about":[{"href":"https:\/\/www.dutchwasabi.nl\/de\/wp-json\/wp\/v2\/types\/product"}],"wp:featuredmedia":[{"embeddable":true,"href":"https:\/\/www.dutchwasabi.nl\/de\/wp-json\/wp\/v2\/media\/8797"}],"wp:attachment":[{"href":"https:\/\/www.dutchwasabi.nl\/de\/wp-json\/wp\/v2\/media?parent=5429"}],"wp:term":[{"taxonomy":"product_brand","embeddable":true,"href":"https:\/\/www.dutchwasabi.nl\/de\/wp-json\/wp\/v2\/product_brand?post=5429"},{"taxonomy":"product_cat","embeddable":true,"href":"https:\/\/www.dutchwasabi.nl\/de\/wp-json\/wp\/v2\/product_cat?post=5429"},{"taxonomy":"product_tag","embeddable":true,"href":"https:\/\/www.dutchwasabi.nl\/de\/wp-json\/wp\/v2\/product_tag?post=5429"}],"curies":[{"name":"wp","href":"https:\/\/api.w.org\/{rel}","templated":true}]}}