{"id":5276,"date":"2025-02-06T09:29:24","date_gmt":"2025-02-06T09:29:24","guid":{"rendered":"https:\/\/www.dutchwasabi.nl\/?post_type=product&#038;p=5276"},"modified":"2026-04-14T12:00:49","modified_gmt":"2026-04-14T10:00:49","slug":"umenori-150gr","status":"publish","type":"product","link":"https:\/\/www.dutchwasabi.nl\/de\/umenori-150gr\/","title":{"rendered":"Umenori (japanische Pflaumenseetangpaste) - 150g"},"content":{"rendered":"<p><span style=\"color: #000000;\">\u201cUmenori\u201d ist ein \u201cSeetang-Tsukudani\u201d, der mit kostbaren Pflaumen aus Dazaifu und Nori aus dem Ariake-Meer hergestellt wird. Die Pflaumen werden nur an begrenzten Orten geerntet, z. B. in den Ruinen des Regierungsgeb\u00e4udes von Dazaifu. Au\u00dferdem wird nur Nori erster und zweiter Wahl aus Ariake verwendet, der f\u00fcr seinen besten Geschmack und seine zartschmelzende Textur bekannt ist. Zuerst kommt der s\u00e4uerliche Geschmack der Pflaume, gefolgt von dem reichen Aroma des Ariake-Nori, das sich im Mund ausbreitet.<\/span><\/p>\n<p><span style=\"color: #000000;\">Umenori eignet sich hervorragend als Beilage zu Reis- oder Fischgerichten.<\/span><\/p>","protected":false},"excerpt":{"rendered":"<p><span style=\"color: #000000;\">Umenori ist eine Tsukudani (Paste) mit Pflaumen aus Dazaifu und Ariake-Nori von h\u00f6chster Qualit\u00e4t. Sie hat ein einzigartiges Gleichgewicht zwischen dem s\u00e4uerlichen Duft der Pflaumen und dem reichhaltigen Geschmack des Seetangs und eignet sich perfekt als Topping f\u00fcr Reis- oder Fischgerichte.<\/span><\/p>","protected":false},"featured_media":8779,"template":"","meta":{"_acf_changed":false},"product_brand":[1152],"product_cat":[1049,1014,1050,1086,1015],"product_tag":[],"class_list":{"0":"post-5276","1":"product","2":"type-product","3":"status-publish","4":"has-post-thumbnail","6":"product_brand-takahashi-shoten","7":"product_cat-pastas-en-smaakmakers","8":"product_cat-food","9":"product_cat-nori","10":"product_cat-sale","11":"product_cat-ume-japanse-pruim","12":"pa_supplier-yoigokochi","14":"first","15":"instock","16":"sale","17":"taxable","18":"shipping-taxable","19":"purchasable","20":"product-type-simple"},"acf":[],"_links":{"self":[{"href":"https:\/\/www.dutchwasabi.nl\/de\/wp-json\/wp\/v2\/product\/5276","targetHints":{"allow":["GET"]}}],"collection":[{"href":"https:\/\/www.dutchwasabi.nl\/de\/wp-json\/wp\/v2\/product"}],"about":[{"href":"https:\/\/www.dutchwasabi.nl\/de\/wp-json\/wp\/v2\/types\/product"}],"wp:featuredmedia":[{"embeddable":true,"href":"https:\/\/www.dutchwasabi.nl\/de\/wp-json\/wp\/v2\/media\/8779"}],"wp:attachment":[{"href":"https:\/\/www.dutchwasabi.nl\/de\/wp-json\/wp\/v2\/media?parent=5276"}],"wp:term":[{"taxonomy":"product_brand","embeddable":true,"href":"https:\/\/www.dutchwasabi.nl\/de\/wp-json\/wp\/v2\/product_brand?post=5276"},{"taxonomy":"product_cat","embeddable":true,"href":"https:\/\/www.dutchwasabi.nl\/de\/wp-json\/wp\/v2\/product_cat?post=5276"},{"taxonomy":"product_tag","embeddable":true,"href":"https:\/\/www.dutchwasabi.nl\/de\/wp-json\/wp\/v2\/product_tag?post=5276"}],"curies":[{"name":"wp","href":"https:\/\/api.w.org\/{rel}","templated":true}]}}