{"id":5130,"date":"2025-02-06T09:26:46","date_gmt":"2025-02-06T09:26:46","guid":{"rendered":"https:\/\/www.dutchwasabi.nl\/?post_type=product&#038;p=5130"},"modified":"2026-04-20T19:13:15","modified_gmt":"2026-04-20T17:13:15","slug":"tomasu-sojasauce-sus-und-wurzig-200ml","status":"publish","type":"product","link":"https:\/\/www.dutchwasabi.nl\/de\/tomasu-sojasaus-zoet-en-scherp-200ml\/","title":{"rendered":"Tomasu Sojasauce - s\u00fc\u00df und scharf - 200 ml"},"content":{"rendered":"<p><span style=\"color: #000000;\">Gebraut in Rotterdam, den Niederlanden. Diese s\u00fc\u00df-scharfe Sojasauce wird mit Zucker aus lokalen holl\u00e4ndischen Zuckerr\u00fcben, Sesamsamen und Madam Jeanette Chilis aromatisiert. Sie basiert auf der charakteristischen Sojasauce von Tomasu, die den w\u00fcrzigen Geschmack etwas abmildert und den Geschmack des Pfeffers hervorhebt.<\/span><\/p>","protected":false},"excerpt":{"rendered":"<p><span style=\"color: #000000;\">Gebraut in den Niederlanden. Diese s\u00fc\u00df-scharfe Sojasauce wird mit Zucker aus holl\u00e4ndischen Zuckerr\u00fcben, Sesamsamen und Madam Jeanette Chilis aromatisiert. Sie basiert auf der charakteristischen Sojasauce von Tomasu, jedoch mit einem einzigartigen Twist. Eine wahre Geschmacksexplosion, die von vielen geliebt wird. Erh\u00e4ltlich in 100 und 200 ml.<\/span><\/p>","protected":false},"featured_media":5208,"template":"","meta":{"_acf_changed":false},"product_brand":[1091],"product_cat":[1042,1085,1014],"product_tag":[],"class_list":{"0":"post-5130","1":"product","2":"type-product","3":"status-publish","4":"has-post-thumbnail","6":"product_brand-tomasu","7":"product_cat-sojasaus","8":"product_cat-bestsellers","9":"product_cat-food","10":"pa_supplier-tomasu","12":"first","13":"instock","14":"taxable","15":"shipping-taxable","16":"purchasable","17":"product-type-simple"},"acf":[],"_links":{"self":[{"href":"https:\/\/www.dutchwasabi.nl\/de\/wp-json\/wp\/v2\/product\/5130","targetHints":{"allow":["GET"]}}],"collection":[{"href":"https:\/\/www.dutchwasabi.nl\/de\/wp-json\/wp\/v2\/product"}],"about":[{"href":"https:\/\/www.dutchwasabi.nl\/de\/wp-json\/wp\/v2\/types\/product"}],"wp:featuredmedia":[{"embeddable":true,"href":"https:\/\/www.dutchwasabi.nl\/de\/wp-json\/wp\/v2\/media\/5208"}],"wp:attachment":[{"href":"https:\/\/www.dutchwasabi.nl\/de\/wp-json\/wp\/v2\/media?parent=5130"}],"wp:term":[{"taxonomy":"product_brand","embeddable":true,"href":"https:\/\/www.dutchwasabi.nl\/de\/wp-json\/wp\/v2\/product_brand?post=5130"},{"taxonomy":"product_cat","embeddable":true,"href":"https:\/\/www.dutchwasabi.nl\/de\/wp-json\/wp\/v2\/product_cat?post=5130"},{"taxonomy":"product_tag","embeddable":true,"href":"https:\/\/www.dutchwasabi.nl\/de\/wp-json\/wp\/v2\/product_tag?post=5130"}],"curies":[{"name":"wp","href":"https:\/\/api.w.org\/{rel}","templated":true}]}}