{"id":5102,"date":"2025-02-06T09:25:49","date_gmt":"2025-02-06T09:25:49","guid":{"rendered":"https:\/\/www.dutchwasabi.nl\/?post_type=product&#038;p=5102"},"modified":"2026-04-11T11:34:23","modified_gmt":"2026-04-11T09:34:23","slug":"tomasu-sojasauce-salz-100ml","status":"publish","type":"product","link":"https:\/\/www.dutchwasabi.nl\/de\/tomasu-sojasaus-zout-100ml\/","title":{"rendered":"Tomasu Sojasauce - Salz - 100 ml"},"content":{"rendered":"<p><span style=\"color: #000000;\">Gebraut in Rotterdam, den Niederlanden. Tomasu baut seine eigenen Sojabohnen und Weizen im Hoeksche Waard an. Diese Zutaten werden mit Quellwasser und nat\u00fcrlichem groben grauen Meersalz aus der Bretagne kombiniert. Die G\u00e4rung wird durch die Zugabe von Tomasus eigenem Pilz, Aspergillus Oryzae Tomasu, eingeleitet. Die einzige Zutat, die danach hinzugef\u00fcgt wird, ist Zeit.<\/span><\/p>","protected":false},"excerpt":{"rendered":"<p><span style=\"color: #000000;\">Gebraut in den Niederlanden. Tomasu baut seine eigenen Sojabohnen und seinen eigenen Weizen in der Hoeksche Waard an. Diese Zutaten werden mit Quellwasser und nat\u00fcrlichem groben grauen Meersalz aus der Bretagne kombiniert. Ein gro\u00dfartiges handwerkliches Produkt. Der typische Geschmack von Tomasu. Erh\u00e4ltlich in 100 und 200 ml.<\/span><\/p>","protected":false},"featured_media":6207,"template":"","meta":{"_acf_changed":false,"_angie_page":false},"product_brand":[1091],"product_cat":[1042,1014,1179],"product_tag":[],"class_list":{"0":"post-5102","1":"product","2":"type-product","3":"status-publish","4":"has-post-thumbnail","6":"product_brand-tomasu","7":"product_cat-sojasaus","8":"product_cat-food","9":"product_cat-sushi-producten","10":"pa_supplier-tomasu","12":"first","13":"instock","14":"taxable","15":"shipping-taxable","16":"purchasable","17":"product-type-simple"},"acf":[],"_links":{"self":[{"href":"https:\/\/www.dutchwasabi.nl\/de\/wp-json\/wp\/v2\/product\/5102","targetHints":{"allow":["GET"]}}],"collection":[{"href":"https:\/\/www.dutchwasabi.nl\/de\/wp-json\/wp\/v2\/product"}],"about":[{"href":"https:\/\/www.dutchwasabi.nl\/de\/wp-json\/wp\/v2\/types\/product"}],"wp:featuredmedia":[{"embeddable":true,"href":"https:\/\/www.dutchwasabi.nl\/de\/wp-json\/wp\/v2\/media\/6207"}],"wp:attachment":[{"href":"https:\/\/www.dutchwasabi.nl\/de\/wp-json\/wp\/v2\/media?parent=5102"}],"wp:term":[{"taxonomy":"product_brand","embeddable":true,"href":"https:\/\/www.dutchwasabi.nl\/de\/wp-json\/wp\/v2\/product_brand?post=5102"},{"taxonomy":"product_cat","embeddable":true,"href":"https:\/\/www.dutchwasabi.nl\/de\/wp-json\/wp\/v2\/product_cat?post=5102"},{"taxonomy":"product_tag","embeddable":true,"href":"https:\/\/www.dutchwasabi.nl\/de\/wp-json\/wp\/v2\/product_tag?post=5102"}],"curies":[{"name":"wp","href":"https:\/\/api.w.org\/{rel}","templated":true}]}}