{"id":5073,"date":"2025-02-06T09:24:58","date_gmt":"2025-02-06T09:24:58","guid":{"rendered":"https:\/\/www.dutchwasabi.nl\/?post_type=product&#038;p=5073"},"modified":"2026-04-14T20:46:00","modified_gmt":"2026-04-14T18:46:00","slug":"yoigokochi-yuzu","status":"publish","type":"product","link":"https:\/\/www.dutchwasabi.nl\/de\/yoigokochi-yuzu\/","title":{"rendered":"Yoigokochi yuzusake (yuzushu) - 720 ml"},"content":{"rendered":"<p><span style=\"color: #000000;\">Entworfen von unserem Sake-Importeur Yoigokochi. Das Ergebnis sorgf\u00e4ltiger Experimente, das die ultimative Balance von S\u00fc\u00dfe und S\u00e4ure darstellt. Yuzu, die japanische Zitrusfrucht, die in Restaurants auf der ganzen Welt so beliebt ist, jetzt als intensiv erfrischendes Sake-Getr\u00e4nk. Und das zum ersten Mal auf der Basis von 100% reinem Kork trocken langsam gebrautem Yamahai Sake und 30% reinem Yuzu-Saft. Trinken Sie ihn kalt, pur oder mit Eis, oder verwenden Sie ihn als \u00fcberraschende Zutat in einem Cocktail. K\u00fchl und dunkel lagern. Wenn sich ein \u00f6liger Film auf der Oberfl\u00e4che bildet, einfach sch\u00fctteln. Das ist nur ein Beweis f\u00fcr die Reinheit dieses Yuzu-Sakes.<\/span><\/p>\n<p><span style=\"color: #000000;\">Perfekt f\u00fcr einen hei\u00dfen Sommertag!<\/span><\/p>","protected":false},"excerpt":{"rendered":"<p><span style=\"color: #000000;\">Yuzushu (Yuzu-Fruchtlik\u00f6r) auf der Basis von Junmai-Sake. Entworfen von unserem Sake-Importeur Yoigokochi, hergestellt in Japan. Ultimative Balance zwischen s\u00fc\u00df und sauer mit dem fantastischen und einzigartigen Geschmack und Aroma von 30% echtem Yuzu-Saft. Kalt trinken oder als Basis f\u00fcr Cocktails verwenden. Intensiv erfrischend.<\/span><\/p>","protected":false},"featured_media":5158,"template":"","meta":{"_acf_changed":false,"_angie_page":false},"product_brand":[1100],"product_cat":[1025,1024,1028],"product_tag":[],"class_list":{"0":"post-5073","1":"product","2":"type-product","3":"status-publish","4":"has-post-thumbnail","6":"product_brand-miyako-bijin","7":"product_cat-sake","8":"product_cat-dranken","9":"product_cat-fruit-sake","10":"pa_alcohol-477","11":"pa_brouwerij-miyako-bijin","12":"pa_sake_categorie-yuzu-citrus","13":"pa_sake_type-junmai-yuzushu","14":"pa_serveren-koud","15":"pa_supplier-yoigokochi","17":"first","18":"instock","19":"taxable","20":"shipping-taxable","21":"purchasable","22":"product-type-simple"},"acf":[],"_links":{"self":[{"href":"https:\/\/www.dutchwasabi.nl\/de\/wp-json\/wp\/v2\/product\/5073","targetHints":{"allow":["GET"]}}],"collection":[{"href":"https:\/\/www.dutchwasabi.nl\/de\/wp-json\/wp\/v2\/product"}],"about":[{"href":"https:\/\/www.dutchwasabi.nl\/de\/wp-json\/wp\/v2\/types\/product"}],"wp:featuredmedia":[{"embeddable":true,"href":"https:\/\/www.dutchwasabi.nl\/de\/wp-json\/wp\/v2\/media\/5158"}],"wp:attachment":[{"href":"https:\/\/www.dutchwasabi.nl\/de\/wp-json\/wp\/v2\/media?parent=5073"}],"wp:term":[{"taxonomy":"product_brand","embeddable":true,"href":"https:\/\/www.dutchwasabi.nl\/de\/wp-json\/wp\/v2\/product_brand?post=5073"},{"taxonomy":"product_cat","embeddable":true,"href":"https:\/\/www.dutchwasabi.nl\/de\/wp-json\/wp\/v2\/product_cat?post=5073"},{"taxonomy":"product_tag","embeddable":true,"href":"https:\/\/www.dutchwasabi.nl\/de\/wp-json\/wp\/v2\/product_tag?post=5073"}],"curies":[{"name":"wp","href":"https:\/\/api.w.org\/{rel}","templated":true}]}}