{"id":5016,"date":"2025-02-06T09:23:45","date_gmt":"2025-02-06T09:23:45","guid":{"rendered":"https:\/\/www.dutchwasabi.nl\/?post_type=product&#038;p=5016"},"modified":"2026-04-14T08:42:43","modified_gmt":"2026-04-14T06:42:43","slug":"hollandische-wasabi-pflanze-12cm","status":"publish","type":"product","link":"https:\/\/www.dutchwasabi.nl\/de\/dutch-wasabi-plant-12cm\/","title":{"rendered":"Dutch Wasabi junge Wasabi-Pflanze - ca. 12 cm"},"content":{"rendered":"<p><span style=\"color: #000000\"><em>Aufgrund der gro\u00dfen Nachfrage sind diese Pflanzen regelm\u00e4\u00dfig ausverkauft. Es kommen jedoch jede Woche neue hinzu. Wenn Sie einfach zu sp\u00e4t dran sind, hinterlassen Sie bitte (erneut) Ihre E-Mail-Adresse. Sie werden dann benachrichtigt, sobald sie wieder verf\u00fcgbar sind.\u00a0<\/em><\/span><\/p>\n<h2><span style=\"color: #3b5249\"><strong>WACHSEN SIE IHR EIGENES!<\/strong><\/span><\/h2>\n<p><span style=\"color: #000000\">Dies ist Ihre Chance, Ihren eigenen Wasabi zu Hause anzubauen. Die Wasabi-Pflanze, die Sie erhalten, ist mehrere Monate alt. Die Pflanze bildet im Fr\u00fchjahr gro\u00dfe herzf\u00f6rmige Bl\u00e4tter und ist eine sch\u00f6ne Erg\u00e4nzung f\u00fcr Ihren Garten oder Balkon. Die Pflanze ist winterhart und mit der richtigen Pflege werden Sie innerhalb von 2 Jahren Ihren eigenen Wasabi-St\u00e4ngel anbauen. Auch die anderen Teile der Pflanze sind essbar.\u00a0<\/span><\/p>\n<h2><span style=\"color: #3b5249\"><strong>Versand<\/strong><\/span><\/h2>\n<p><span style=\"color: #000000\">Die Pflanzen werden mit gr\u00f6\u00dfter Sorgfalt in einer Pflanzkiste verschickt. Es kann jedoch vorkommen, dass ein Zweig bricht. Keine Sorge, die Pflanze wird sich innerhalb weniger Wochen erholen.\u00a0<\/span><\/p>\n<p><span style=\"color: #000000\">F\u00fcr andere L\u00e4nder als die Niederlande, Belgien und Deutschland k\u00f6nnen Frischprodukte und diese Pflanzen nicht kombiniert werden. Bitte bestellen Sie sie separat. Sie werden separat verschickt.<\/span><\/p>\n<h2><span style=\"color: #3b5249\">Wasabi-Anbauanleitung<\/span><\/h2>\n<p><span style=\"color: #000000\">Wasabi ist eine sch\u00f6ne, aber seltene Pflanze mit herzf\u00f6rmigen Bl\u00e4ttern und kleinen wei\u00dfen Bl\u00fcten im zeitigen Fr\u00fchjahr. Wasabi geh\u00f6rt zu den Brassica-Pflanzen, stammt aus Japan und ist eng mit Senf und Kohl verwandt.<\/span><\/p>\n<p><span style=\"color: #000000\">Wasabi ist komplett essbar und ein echter Geschmacksverst\u00e4rker. Diese sch\u00f6ne Pflanze ist die Herausforderung wert. Bereiten Sie sich mit diesem Wasabi-Anbauleitfaden darauf vor, etwas Besonderes anzubauen.<\/span><\/p>\n<h3><span style=\"color: #3b5249\">Vegetationsperiode<\/span><\/h3>\n<p><span style=\"color: #000000\">Wasabi kann das ganze Jahr \u00fcber angebaut werden. Die Pflanze vertr\u00e4gt leichten Frost und, wenn sie im Schatten steht, auch hei\u00dfe Sommer. Im Winter wirft die Pflanze ihre gro\u00dfen Bl\u00e4tter ab. Diese wachsen im Fr\u00fchjahr schnell wieder nach.<\/span><\/p>\n<h3><span style=\"color: #3b5249\">Standort<\/span><\/h3>\n<p><span style=\"color: #000000\">Die zur Familie der Brassica geh\u00f6rende Pflanze gedeiht in k\u00fchlen Klimazonen. Wenn die Temperaturen zu warm sind, stagniert das Wachstum. Wasabi w\u00e4chst in der Natur an den schattigen, feuchten Ufern kalter Gebirgsb\u00e4che. Es ist aber auch m\u00f6glich, Wasabi in den Niederlanden anzubauen.<\/span><\/p>\n<p><span style=\"color: #000000\">Wasabi hat mit der Intensit\u00e4t der Sommersonne zu k\u00e4mpfen. Pflanzen Sie die Pflanze in volle Erde oder in einen Topf. Bevorzugt im Freien, aber auch im Haus ist es m\u00f6glich. Ein wenig direktes Sonnenlicht, besonders im Winter, f\u00f6rdert das Wachstum. Pflanzen Sie die Pflanze z. B. unter h\u00f6here Pflanzen, wo noch ein wenig Sonnenlicht durchkommt.<\/span><\/p>\n<p><span style=\"color: #3b5249\">Wasser und Ern\u00e4hrung<\/span><\/p>\n<p><span style=\"color: #000000\">Gie\u00dfen Sie die Pflanze t\u00e4glich. Denken Sie daran, dass die Pflanze von Natur aus in D\u00e4mmen w\u00e4chst und zum \u00dcberleben gen\u00fcgend Wasser braucht. Wenn die Bl\u00e4tter schlaff herabh\u00e4ngen, ist das ein Zeichen daf\u00fcr, dass es zu trocken ist. Keine Sorge, sobald Sie gie\u00dfen, erholt sich die Pflanze schnell wieder. Wasabi braucht wenig N\u00e4hrstoffe. F\u00fcr ein gesundes und produktives Wachstum empfehlen wir jedoch alle 3 Monate eine leichte D\u00fcngung mit einem handels\u00fcblichen Pflanzend\u00fcnger.<\/span><\/p>\n<h3><span style=\"color: #3b5249\">Wie man pflanzt<\/span><\/h3>\n<p><span style=\"color: #000000\">Wasabi-Pflanzen werden etwa 50 cm hoch. Setzen Sie die Pflanzen mindestens 30 cm auseinander oder verwenden Sie einen Topf mit ausreichendem Volumen, z. B. einen 30-cm-Topf. Der Boden sollte gut drainiert werden.<\/span><\/p>\n<p><span style=\"color: #000000\">Achten Sie darauf, dass alle Wurzeln bedeckt sind, aber pflanzen Sie nicht zu tief. F\u00fcllen Sie das Loch wieder auf und dr\u00fccken Sie es leicht an.<\/span><\/p>\n<p><span style=\"color: #000000\">Beim Einpflanzen gut w\u00e4ssern. Bespr\u00fchen Sie die Pflanzen bei Bedarf, damit sie k\u00fchl bleiben und die Bl\u00e4tter nicht welken. F\u00fcgen Sie eine Schicht Kompost hinzu, um die Feuchtigkeit zu speichern und den Boden k\u00fchl zu halten.<\/span><\/p>\n<h3><span style=\"color: #3b5249\">Sch\u00e4dlinge und Krankheiten<\/span><\/h3>\n<p><span style=\"color: #000000\">Wasabi kann von Blattl\u00e4usen, Raupen und Schnecken befallen werden.<\/span><\/p>\n<p><span style=\"color: #000000\">Der beste Schutz gegen Krankheiten und Sch\u00e4dlinge ist, die Pflanze gesund zu halten, den richtigen Standort mit ausreichend Wasser zu w\u00e4hlen. Entfernen Sie verwelkte oder kranke Bl\u00e4tter. Entfernen Sie Blattl\u00e4use und andere Sch\u00e4dlinge von Hand oder indem Sie die Pflanzen mit einem Wasserschlauch abblasen.<\/span><\/p>\n<h3><span style=\"color: #3b5249\">Ernten<\/span><\/h3>\n<p><span style=\"color: #000000\">Nach 18 bis 24 Monaten sind die ersten Triebe gro\u00df genug, um geerntet zu werden. Sie werden sehen, dass die Pflanze mehrere Triebe bildet. Sie k\u00f6nnen diese einzeln ernten, aber das birgt das Risiko, die offenen Wunden zu infizieren. In der Zwischenzeit k\u00f6nnen Sie die Bl\u00e4tter, St\u00e4ngel und Bl\u00fcten ernten.<\/span><\/p>","protected":false},"excerpt":{"rendered":"<p><span style=\"color: #000000\">WACHSEN SIE IHREN EIGENEN! Dies ist Ihre Chance, Ihren eigenen Wasabi zu Hause anzubauen. Du erh\u00e4ltst eine einige Monate alte Pflanze. Wundersch\u00f6n im Garten oder auf dem Fenstersims. V\u00f6llig essbar und winterhart. Bauen Sie Ihr eigenes Wasabirhzioom innerhalb von 2 Jahren an.<\/span><\/p>","protected":false},"featured_media":8525,"template":"","meta":{"_acf_changed":false},"product_brand":[969],"product_cat":[1012,1064],"product_tag":[],"class_list":{"0":"post-5016","1":"product","2":"type-product","3":"status-publish","4":"has-post-thumbnail","6":"product_brand-dutch-wasabi","7":"product_cat-bomen-en-planten","8":"product_cat-wasabiplanten","9":"pa_grootte-ca-12-cm","10":"pa_onderhoud-zie-productomschrijving","11":"pa_plantsoort-wasabiplant-wasabia-japonica-enkele-maanden-oud","12":"pa_supplier-dutch-wasabi","14":"first","15":"outofstock","16":"taxable","17":"shipping-taxable","18":"purchasable","19":"product-type-simple"},"acf":[],"_links":{"self":[{"href":"https:\/\/www.dutchwasabi.nl\/de\/wp-json\/wp\/v2\/product\/5016","targetHints":{"allow":["GET"]}}],"collection":[{"href":"https:\/\/www.dutchwasabi.nl\/de\/wp-json\/wp\/v2\/product"}],"about":[{"href":"https:\/\/www.dutchwasabi.nl\/de\/wp-json\/wp\/v2\/types\/product"}],"wp:featuredmedia":[{"embeddable":true,"href":"https:\/\/www.dutchwasabi.nl\/de\/wp-json\/wp\/v2\/media\/8525"}],"wp:attachment":[{"href":"https:\/\/www.dutchwasabi.nl\/de\/wp-json\/wp\/v2\/media?parent=5016"}],"wp:term":[{"taxonomy":"product_brand","embeddable":true,"href":"https:\/\/www.dutchwasabi.nl\/de\/wp-json\/wp\/v2\/product_brand?post=5016"},{"taxonomy":"product_cat","embeddable":true,"href":"https:\/\/www.dutchwasabi.nl\/de\/wp-json\/wp\/v2\/product_cat?post=5016"},{"taxonomy":"product_tag","embeddable":true,"href":"https:\/\/www.dutchwasabi.nl\/de\/wp-json\/wp\/v2\/product_tag?post=5016"}],"curies":[{"name":"wp","href":"https:\/\/api.w.org\/{rel}","templated":true}]}}