{"id":5001,"date":"2025-02-06T09:23:17","date_gmt":"2025-02-06T09:23:17","guid":{"rendered":"https:\/\/www.dutchwasabi.nl\/?post_type=product&#038;p=5001"},"modified":"2026-04-19T09:57:10","modified_gmt":"2026-04-19T07:57:10","slug":"yuzu-sake-heiwa","status":"publish","type":"product","link":"https:\/\/www.dutchwasabi.nl\/de\/yuzu-sake-heiwa\/","title":{"rendered":"Tsuru-ume yuzusake (yuzushu) - 720 ml"},"content":{"rendered":"<p><span style=\"color: #000000;\">Yuzu, die japanische Zitrusfrucht, die in letzter Zeit wegen ihres \u00fcberraschend k\u00f6stlich-frischen Aromas an Beliebtheit gewonnen hat. Dieser Yuzu-Fruchtlik\u00f6r auf Sake-Basis, der aus 30% reinem und saurem Yuzu-Saft besteht, ist \u00e4u\u00dferst erfrischend. Perfekt an einem warmen, sonnigen Nachmittag, als Aperitif, zu einem Dessert oder als Zutat eines Cocktails. Servieren Sie ihn eisgek\u00fchlt, pur oder auf den Steinen, um das beste Gleichgewicht zwischen s\u00fc\u00df und sauer zu erreichen.<\/span><\/p>\n<p><span style=\"color: #000000;\">Perfekt f\u00fcr einen hei\u00dfen Sommertag!<\/span><\/p>\n<h2><span style=\"color: #3b5249;\">Brauerei<\/span><\/h2>\n<p><span style=\"color: #000000;\">Die 1928 gegr\u00fcndete Heiwa Shuzo (Friedensbrauerei) liegt etwas au\u00dferhalb von Kainan City in Wakayama. Der Standort der Brauerei war mehr als 500 Jahre lang ein Tempel, bevor die Brauerei gegr\u00fcndet wurde. Die Sake-Produktion wurde erst 1957 aufgenommen. Die Brauerei liegt in einem von Bergen umgebenen Tal, das mit reichlich Niederschl\u00e4gen gesegnet ist, was zu einem unbegrenzten Vorrat an weichem Quellwasser von guter Qualit\u00e4t f\u00fchrt, das sich perfekt zum Brauen von Sake eignet.<\/span><\/p>\n<p><span style=\"color: #000000;\">Das \u2018Tsuru-ume\u2019-Sortiment wurde geschaffen, um die Qualit\u00e4t der vielen in Wakayama verf\u00fcgbaren lokalen Produkte widerzuspiegeln. Durch die direkte Zusammenarbeit mit den Ume- und Yuzu-Bauern ist Heiwa Shuzo in der Lage, einige der besten Fr\u00fcchte des Landes zu sichern. Wakayama Ume repr\u00e4sentiert 40% aller in Japan angebauten Ume und gilt als die beste Ume-Fruchtquelle. Zitrusfr\u00fcchte wie Zitrone, Yuzu und Mikan werden ebenfalls vor Ort angebaut und f\u00fcr die Herstellung der Produkte der Reihe \u2018Tsuru-ume\u2019 verwendet.<\/span><\/p>","protected":false},"excerpt":{"rendered":"<p><span style=\"color: #000000;\">Ein Fruchtlik\u00f6r auf Sake-Basis, hergestellt aus 30% reinem Yuzu-Saft. \u00c4u\u00dferst erfrischend. Perfekt an einem warmen, sonnigen Nachmittag, als Aperitif, zu einem Dessert oder als Basis eines Cocktails. Eisgek\u00fchlt, pur oder auf den Steinen servieren. Etwas s\u00fc\u00dfer als der Yoigokochi Yuzushu mit einer sch\u00f6nen Balance zwischen s\u00fc\u00df und sauer.<\/span><\/p>","protected":false},"featured_media":5107,"template":"","meta":{"_acf_changed":false},"product_brand":[1103],"product_cat":[1028,1024,1025],"product_tag":[],"class_list":{"0":"post-5001","1":"product","2":"type-product","3":"status-publish","4":"has-post-thumbnail","6":"product_brand-heiwa-shuzo","7":"product_cat-fruit-sake","8":"product_cat-dranken","9":"product_cat-sake","10":"pa_alcohol-477","11":"pa_brouwerij-heiwa-shuzo","12":"pa_sake_categorie-yuzu-citrus","13":"pa_sake_type-yuzushu","14":"pa_serveren-koud","15":"pa_supplier-yoigokochi","17":"first","18":"instock","19":"taxable","20":"shipping-taxable","21":"purchasable","22":"product-type-simple"},"acf":[],"_links":{"self":[{"href":"https:\/\/www.dutchwasabi.nl\/de\/wp-json\/wp\/v2\/product\/5001","targetHints":{"allow":["GET"]}}],"collection":[{"href":"https:\/\/www.dutchwasabi.nl\/de\/wp-json\/wp\/v2\/product"}],"about":[{"href":"https:\/\/www.dutchwasabi.nl\/de\/wp-json\/wp\/v2\/types\/product"}],"wp:featuredmedia":[{"embeddable":true,"href":"https:\/\/www.dutchwasabi.nl\/de\/wp-json\/wp\/v2\/media\/5107"}],"wp:attachment":[{"href":"https:\/\/www.dutchwasabi.nl\/de\/wp-json\/wp\/v2\/media?parent=5001"}],"wp:term":[{"taxonomy":"product_brand","embeddable":true,"href":"https:\/\/www.dutchwasabi.nl\/de\/wp-json\/wp\/v2\/product_brand?post=5001"},{"taxonomy":"product_cat","embeddable":true,"href":"https:\/\/www.dutchwasabi.nl\/de\/wp-json\/wp\/v2\/product_cat?post=5001"},{"taxonomy":"product_tag","embeddable":true,"href":"https:\/\/www.dutchwasabi.nl\/de\/wp-json\/wp\/v2\/product_tag?post=5001"}],"curies":[{"name":"wp","href":"https:\/\/api.w.org\/{rel}","templated":true}]}}