{"id":4961,"date":"2025-02-06T09:22:07","date_gmt":"2025-02-06T09:22:07","guid":{"rendered":"https:\/\/www.dutchwasabi.nl\/?post_type=product&#038;p=4961"},"modified":"2026-03-31T09:18:21","modified_gmt":"2026-03-31T07:18:21","slug":"wasabi-mosterd-175g","status":"publish","type":"product","link":"https:\/\/www.dutchwasabi.nl\/de\/wasabi-mosterd-175g\/","title":{"rendered":"Wasabi-Senf (mit frischem Wasabi) - 175 Gramm"},"content":{"rendered":"<p><span style=\"color: #000000;\">Een volledig natuurlijke mosterd met de authentieke en unieke smaak van verse, \u00e9chte wasabi. Heerlijk op sandwiches met ham, rundvlees, pat\u00ea of kaas. Ook te gebruiken in saladedressings en sauzen voor een originele smaak met de onmiskenbare, aromatische scherpte van verse wasabi.<\/span><\/p>","protected":false},"excerpt":{"rendered":"<p><span style=\"color: #000000;\">Ein ganz nat\u00fcrlicher Senf mit dem authentischen und einzigartigen Geschmack von echtem Wasabi. K\u00f6stlich auf Sandwiches oder in Salatdressings und So\u00dfen.<\/span><\/p>","protected":false},"featured_media":11487,"template":"","meta":{"_acf_changed":false,"_angie_page":false},"product_brand":[1113],"product_cat":[1014,1017],"product_tag":[],"class_list":{"0":"post-4961","1":"product","2":"type-product","3":"status-publish","4":"has-post-thumbnail","6":"product_brand-the-wasabi-company","7":"product_cat-food","8":"product_cat-sauzen","9":"pa_supplier-the-wasabi-company","11":"first","12":"instock","13":"taxable","14":"shipping-taxable","15":"purchasable","16":"product-type-simple"},"acf":[],"_links":{"self":[{"href":"https:\/\/www.dutchwasabi.nl\/de\/wp-json\/wp\/v2\/product\/4961","targetHints":{"allow":["GET"]}}],"collection":[{"href":"https:\/\/www.dutchwasabi.nl\/de\/wp-json\/wp\/v2\/product"}],"about":[{"href":"https:\/\/www.dutchwasabi.nl\/de\/wp-json\/wp\/v2\/types\/product"}],"wp:featuredmedia":[{"embeddable":true,"href":"https:\/\/www.dutchwasabi.nl\/de\/wp-json\/wp\/v2\/media\/11487"}],"wp:attachment":[{"href":"https:\/\/www.dutchwasabi.nl\/de\/wp-json\/wp\/v2\/media?parent=4961"}],"wp:term":[{"taxonomy":"product_brand","embeddable":true,"href":"https:\/\/www.dutchwasabi.nl\/de\/wp-json\/wp\/v2\/product_brand?post=4961"},{"taxonomy":"product_cat","embeddable":true,"href":"https:\/\/www.dutchwasabi.nl\/de\/wp-json\/wp\/v2\/product_cat?post=4961"},{"taxonomy":"product_tag","embeddable":true,"href":"https:\/\/www.dutchwasabi.nl\/de\/wp-json\/wp\/v2\/product_tag?post=4961"}],"curies":[{"name":"wp","href":"https:\/\/api.w.org\/{rel}","templated":true}]}}