{"id":4944,"date":"2025-02-06T09:21:38","date_gmt":"2025-02-06T09:21:38","guid":{"rendered":"https:\/\/www.dutchwasabi.nl\/?post_type=product&#038;p=4944"},"modified":"2026-04-14T20:46:03","modified_gmt":"2026-04-14T18:46:03","slug":"sudachi-kombu-ponzu-300ml","status":"publish","type":"product","link":"https:\/\/www.dutchwasabi.nl\/de\/sudachi-kombu-ponzu-300ml\/","title":{"rendered":"Sudachi kombu ponzu (gew\u00fcrzte Zitrusso\u00dfe zum Dippen) - 300 ml"},"content":{"rendered":"<p><span style=\"color: #000000;\">Eine traditionelle Ponzu-Sauce. Der pfeffrige Limettengeschmack von frischem Sudachi-Saft kombiniert mit Kombu-Algenbr\u00fche ergibt einen reichen Umami-Geschmack, der die Essenz der japanischen K\u00fcche darstellt. Sie kann sofort f\u00fcr Salate oder als Teil eines Dressings verwendet werden, ist ein hervorragender Dip f\u00fcr Gyoza und Sushi, verleiht aber auch So\u00dfen, Br\u00fchen und Pfannengerichten Tiefe und reiches Aroma.<\/span><\/p>","protected":false},"excerpt":{"rendered":"<p><span style=\"color: #000000;\">Eine traditionelle Ponzu-Sauce. Der pfeffrige Limettengeschmack von frischem Sudachi-Saft kombiniert mit Kombu-Algenbr\u00fche; ein reichhaltiger Umami-Geschmack. Kann sofort als Dressing f\u00fcr Salate oder als Dip f\u00fcr Gyoza und Sushi verwendet werden. Auch k\u00f6stlich in So\u00dfen oder Br\u00fchen.<\/span><\/p>","protected":false},"featured_media":8569,"template":"","meta":{"_acf_changed":false,"_angie_page":false},"product_brand":[1113],"product_cat":[1059,1014,1072,1017],"product_tag":[],"class_list":{"0":"post-4944","1":"product","2":"type-product","3":"status-publish","4":"has-post-thumbnail","6":"product_brand-the-wasabi-company","7":"product_cat-ponzu","8":"product_cat-food","9":"product_cat-kombu","10":"product_cat-sauzen","11":"pa_supplier-the-wasabi-company","13":"first","14":"instock","15":"taxable","16":"shipping-taxable","17":"purchasable","18":"product-type-simple"},"acf":[],"_links":{"self":[{"href":"https:\/\/www.dutchwasabi.nl\/de\/wp-json\/wp\/v2\/product\/4944","targetHints":{"allow":["GET"]}}],"collection":[{"href":"https:\/\/www.dutchwasabi.nl\/de\/wp-json\/wp\/v2\/product"}],"about":[{"href":"https:\/\/www.dutchwasabi.nl\/de\/wp-json\/wp\/v2\/types\/product"}],"wp:featuredmedia":[{"embeddable":true,"href":"https:\/\/www.dutchwasabi.nl\/de\/wp-json\/wp\/v2\/media\/8569"}],"wp:attachment":[{"href":"https:\/\/www.dutchwasabi.nl\/de\/wp-json\/wp\/v2\/media?parent=4944"}],"wp:term":[{"taxonomy":"product_brand","embeddable":true,"href":"https:\/\/www.dutchwasabi.nl\/de\/wp-json\/wp\/v2\/product_brand?post=4944"},{"taxonomy":"product_cat","embeddable":true,"href":"https:\/\/www.dutchwasabi.nl\/de\/wp-json\/wp\/v2\/product_cat?post=4944"},{"taxonomy":"product_tag","embeddable":true,"href":"https:\/\/www.dutchwasabi.nl\/de\/wp-json\/wp\/v2\/product_tag?post=4944"}],"curies":[{"name":"wp","href":"https:\/\/api.w.org\/{rel}","templated":true}]}}