{"id":4933,"date":"2025-02-06T09:21:16","date_gmt":"2025-02-06T09:21:16","guid":{"rendered":"https:\/\/www.dutchwasabi.nl\/?post_type=product&#038;p=4933"},"modified":"2026-03-05T07:49:56","modified_gmt":"2026-03-05T06:49:56","slug":"yuzu-sojasauce-200ml","status":"publish","type":"product","link":"https:\/\/www.dutchwasabi.nl\/de\/yuzu-soja-saus-200ml\/","title":{"rendered":"Yuzu-Sojasauce - 200 ml"},"content":{"rendered":"<p><span style=\"color: #000000;\">Eine k\u00f6stliche Kombination aus frisch gepresstem Yuzu-Saft und hochwertiger, in Zedernholzf\u00e4ssern gereifter Sojasauce aus ganzen Sojabohnen. Die geschickten Handwerker der Familie Yugeta kombinieren sorgf\u00e4ltig Umami und Zitrusfr\u00fcchte, indem sie das kr\u00e4ftige Aroma von Yuzu mit der reichen Tiefe einer authentischen Sojasauce kombinieren. Das Ergebnis ist ein Geschmack, der die Essenz der japanischen K\u00fcche verk\u00f6rpert. Verwenden Sie sie als k\u00f6stlichen Dip f\u00fcr Sushi und Sashimi, zum Verfeinern von Dressings, So\u00dfen und Marinaden.<\/span><\/p>","protected":false},"excerpt":{"rendered":"<p><span style=\"color: #000000;\">Eine k\u00f6stliche Kombination aus frisch gepresstem Yuzu-Saft und hochwertiger Sojasauce aus ganzen Sojabohnen, die in Zedernholzf\u00e4ssern gereift ist. Die Essenz der japanischen K\u00fcche. Als Dip f\u00fcr Sushi und Sashimi und zum Verfeinern von Dressings, So\u00dfen und Marinaden.<\/span><\/p>","protected":false},"featured_media":8572,"template":"","meta":{"_acf_changed":false,"_angie_page":false},"product_brand":[1113],"product_cat":[1042,1014,1059],"product_tag":[],"class_list":{"0":"post-4933","1":"product","2":"type-product","3":"status-publish","4":"has-post-thumbnail","6":"product_brand-the-wasabi-company","7":"product_cat-sojasaus","8":"product_cat-food","9":"product_cat-ponzu","10":"pa_supplier-the-wasabi-company","12":"first","13":"outofstock","14":"taxable","15":"shipping-taxable","16":"purchasable","17":"product-type-simple"},"acf":[],"_links":{"self":[{"href":"https:\/\/www.dutchwasabi.nl\/de\/wp-json\/wp\/v2\/product\/4933","targetHints":{"allow":["GET"]}}],"collection":[{"href":"https:\/\/www.dutchwasabi.nl\/de\/wp-json\/wp\/v2\/product"}],"about":[{"href":"https:\/\/www.dutchwasabi.nl\/de\/wp-json\/wp\/v2\/types\/product"}],"wp:featuredmedia":[{"embeddable":true,"href":"https:\/\/www.dutchwasabi.nl\/de\/wp-json\/wp\/v2\/media\/8572"}],"wp:attachment":[{"href":"https:\/\/www.dutchwasabi.nl\/de\/wp-json\/wp\/v2\/media?parent=4933"}],"wp:term":[{"taxonomy":"product_brand","embeddable":true,"href":"https:\/\/www.dutchwasabi.nl\/de\/wp-json\/wp\/v2\/product_brand?post=4933"},{"taxonomy":"product_cat","embeddable":true,"href":"https:\/\/www.dutchwasabi.nl\/de\/wp-json\/wp\/v2\/product_cat?post=4933"},{"taxonomy":"product_tag","embeddable":true,"href":"https:\/\/www.dutchwasabi.nl\/de\/wp-json\/wp\/v2\/product_tag?post=4933"}],"curies":[{"name":"wp","href":"https:\/\/api.w.org\/{rel}","templated":true}]}}