{"id":4932,"date":"2025-02-06T09:21:16","date_gmt":"2025-02-06T09:21:16","guid":{"rendered":"https:\/\/www.dutchwasabi.nl\/?post_type=product&#038;p=4932"},"modified":"2026-04-16T09:49:01","modified_gmt":"2026-04-16T07:49:01","slug":"wasabi-poeder-23g","status":"publish","type":"product","link":"https:\/\/www.dutchwasabi.nl\/de\/wasabi-poeder-23g\/","title":{"rendered":"Wasabi-Pulver - 23 Gramm"},"content":{"rendered":"<p><span style=\"color: #000000;\">Wasabi poeder op basis van gevriesdroogde verse wasabi waardoor de fantastische smaak en scherpte van verse wasabi behouden blijft. Een klassieker bij sushi, fantastisch bij vis en lekker bij vlees.\u00a0 \u00a0<\/span><\/p>\n<p><span style=\"color: #000000;\">Meng een deel poeder met een deel water om een \u200b\u200bpasta te maken. Smaak en scherpheid ontwikkelen zich na 3 &#8211; 5 minuten en duren 30 minuten voordat ze worden verminderd.\u00a0<\/span><\/p>","protected":false},"excerpt":{"rendered":"<p><span style=\"color: #000000;\">Basierend auf gefriergetrocknetem, frischem, echtem Wasabi, wobei der fantastische Geschmack und die Sch\u00e4rfe von frischem Wasabi erhalten bleiben. Mit Wasser zu einer Paste verr\u00fchren. Ein Klassiker zu Sushi und Sashimi, aber auch vielseitiger in der K\u00fcche.<\/span><\/p>","protected":false},"featured_media":8573,"template":"","meta":{"_acf_changed":false,"_angie_page":false},"product_brand":[1113],"product_cat":[1019,1014,1049],"product_tag":[],"class_list":{"0":"post-4932","1":"product","2":"type-product","3":"status-publish","4":"has-post-thumbnail","6":"product_brand-the-wasabi-company","7":"product_cat-kruiden-en-specerijen","8":"product_cat-food","9":"product_cat-pastas-en-smaakmakers","10":"pa_supplier-the-wasabi-company","12":"first","13":"instock","14":"taxable","15":"shipping-taxable","16":"purchasable","17":"product-type-simple"},"acf":[],"_links":{"self":[{"href":"https:\/\/www.dutchwasabi.nl\/de\/wp-json\/wp\/v2\/product\/4932","targetHints":{"allow":["GET"]}}],"collection":[{"href":"https:\/\/www.dutchwasabi.nl\/de\/wp-json\/wp\/v2\/product"}],"about":[{"href":"https:\/\/www.dutchwasabi.nl\/de\/wp-json\/wp\/v2\/types\/product"}],"wp:featuredmedia":[{"embeddable":true,"href":"https:\/\/www.dutchwasabi.nl\/de\/wp-json\/wp\/v2\/media\/8573"}],"wp:attachment":[{"href":"https:\/\/www.dutchwasabi.nl\/de\/wp-json\/wp\/v2\/media?parent=4932"}],"wp:term":[{"taxonomy":"product_brand","embeddable":true,"href":"https:\/\/www.dutchwasabi.nl\/de\/wp-json\/wp\/v2\/product_brand?post=4932"},{"taxonomy":"product_cat","embeddable":true,"href":"https:\/\/www.dutchwasabi.nl\/de\/wp-json\/wp\/v2\/product_cat?post=4932"},{"taxonomy":"product_tag","embeddable":true,"href":"https:\/\/www.dutchwasabi.nl\/de\/wp-json\/wp\/v2\/product_tag?post=4932"}],"curies":[{"name":"wp","href":"https:\/\/api.w.org\/{rel}","templated":true}]}}