{"id":4928,"date":"2025-02-06T09:21:16","date_gmt":"2025-02-06T09:21:16","guid":{"rendered":"https:\/\/www.dutchwasabi.nl\/?post_type=product&#038;p=4928"},"modified":"2026-04-14T10:26:35","modified_gmt":"2026-04-14T08:26:35","slug":"japanse-sansho-japanese-peper-poeder-10-gram","status":"publish","type":"product","link":"https:\/\/www.dutchwasabi.nl\/de\/japanse-sansho-japanese-peper-poeder-10-gram\/","title":{"rendered":"Gemahlener Sansho-Pfeffer - 10 Gramm"},"content":{"rendered":"<p><span style=\"color: #000000;\">Sansho wird wie die schwarzen Pfefferk\u00f6rner aus der kleinen Beere einer Pflanze namens Zanthoxylum piperitum gewonnen.<\/span><\/p>\n<p><span style=\"color: #000000;\">De smaak bestaat uit een frisse aroma gecombineerd met een aangename scherpte, die de tong een paar seconden verdooft; Citrus aroma met zachte tinteling. Sansho pepers zijn inheems in Japan. Deze speciaal geselecteerde gemalen pepers zijn afkomstig uit de Wakayama-regio.\u00a0<\/span><\/p>\n<p><span style=\"color: #000000;\">Sie werden am h\u00e4ufigsten in der japanischen K\u00fcche verwendet, vor allem f\u00fcr gegrillte Fleischgerichte, eignen sich aber auch f\u00fcr eine Vielzahl von Gem\u00fcse-, Fisch- und Gefl\u00fcgelgerichten.<\/span><\/p>","protected":false},"excerpt":{"rendered":"<p><span style=\"color: #000000;\">Eine besondere Zutat der japanischen K\u00fcche, die ein ausgepr\u00e4gtes frisches Aroma mit einer angenehmen Sch\u00e4rfe verbindet, die die Zunge f\u00fcr einige Sekunden bet\u00e4ubt. Speziell ausgew\u00e4hlte und gemahlene gro\u00dfe Paprikaschoten aus der Region Wakayama.<\/span><\/p>","protected":false},"featured_media":8584,"template":"","meta":{"_acf_changed":false,"_angie_page":false},"product_brand":[1115],"product_cat":[1019,1014],"product_tag":[],"class_list":{"0":"post-4928","1":"product","2":"type-product","3":"status-publish","4":"has-post-thumbnail","6":"product_brand-yamamoto-katsunosuke-honten","7":"product_cat-kruiden-en-specerijen","8":"product_cat-food","9":"pa_supplier-yoigokochi","11":"first","12":"instock","13":"taxable","14":"shipping-taxable","15":"purchasable","16":"product-type-simple"},"acf":[],"_links":{"self":[{"href":"https:\/\/www.dutchwasabi.nl\/de\/wp-json\/wp\/v2\/product\/4928","targetHints":{"allow":["GET"]}}],"collection":[{"href":"https:\/\/www.dutchwasabi.nl\/de\/wp-json\/wp\/v2\/product"}],"about":[{"href":"https:\/\/www.dutchwasabi.nl\/de\/wp-json\/wp\/v2\/types\/product"}],"wp:featuredmedia":[{"embeddable":true,"href":"https:\/\/www.dutchwasabi.nl\/de\/wp-json\/wp\/v2\/media\/8584"}],"wp:attachment":[{"href":"https:\/\/www.dutchwasabi.nl\/de\/wp-json\/wp\/v2\/media?parent=4928"}],"wp:term":[{"taxonomy":"product_brand","embeddable":true,"href":"https:\/\/www.dutchwasabi.nl\/de\/wp-json\/wp\/v2\/product_brand?post=4928"},{"taxonomy":"product_cat","embeddable":true,"href":"https:\/\/www.dutchwasabi.nl\/de\/wp-json\/wp\/v2\/product_cat?post=4928"},{"taxonomy":"product_tag","embeddable":true,"href":"https:\/\/www.dutchwasabi.nl\/de\/wp-json\/wp\/v2\/product_tag?post=4928"}],"curies":[{"name":"wp","href":"https:\/\/api.w.org\/{rel}","templated":true}]}}