{"id":4926,"date":"2025-02-06T09:21:15","date_gmt":"2025-02-06T09:21:15","guid":{"rendered":"https:\/\/www.dutchwasabi.nl\/?post_type=product&#038;p=4926"},"modified":"2026-04-17T12:43:06","modified_gmt":"2026-04-17T10:43:06","slug":"myoga-japanischer-ingwer-2","status":"publish","type":"product","link":"https:\/\/www.dutchwasabi.nl\/de\/myoga-japanse-gember\/","title":{"rendered":"Myoga-Pflanze (japanischer Ingwer)"},"content":{"rendered":"<p><span style=\"color: #000000\"><em>Aufgrund der gro\u00dfen Nachfrage sind diese Pflanzen regelm\u00e4\u00dfig ausverkauft. Es kommen jedoch jede Woche neue hinzu. Wenn Sie einfach zu sp\u00e4t dran sind, hinterlassen Sie bitte (erneut) Ihre E-Mail-Adresse. Sie werden dann benachrichtigt, sobald sie wieder verf\u00fcgbar sind.<\/em>\u00a0<\/span><\/p>\n<p><span style=\"color: #000000\">Myoga (Zingiber mioga) ist eine Pflanze aus der Familie der Ingwergew\u00e4chse. In diesem Fall ist jedoch nicht das Rhizom essbar, sondern die Bl\u00fctenknospen. Diese exklusiven Knospen sind sehr begehrt und m\u00fcssen geerntet werden, kurz bevor die Bl\u00fcten schl\u00fcpfen. Der Geschmack ist eine Mischung aus Ingwer und Schalotte.\u00a0<\/span><\/p>\n<h2><span style=\"color: #3b5249\">Myoga Zuchtf\u00fchrer<\/span><\/h2>\n<h3><span style=\"color: #3b5249\">Beine<\/span><\/h3>\n<p><span style=\"color: #000000\">Im Fr\u00fchjahr treibt sie aus und bildet lange St\u00e4ngel mit sch\u00f6nen gr\u00fcnen Bl\u00e4ttern. Eine kleine Pflanze w\u00e4chst schnell zu einem gro\u00dfen Strau\u00df heran. Die Pflanze ist winterhart, wirft aber im Winter ihre Bl\u00e4tter und St\u00e4ngel ab. Wegen ihres schnellen Wachstums wird sie im Freiland am besten an einem halbschattigen Platz gepflanzt. Damit sich die Bl\u00fctenknospen gut entfalten k\u00f6nnen, empfiehlt es sich, den Boden um die Pflanze herum mit einer 5 cm dicken Schicht aus Laub oder Rinde zu bedecken. Dies erleichtert das Ernten der Knospen und sorgt daf\u00fcr, dass die Knospen nicht vertrocknen oder herauskommen, bevor sie gro\u00df genug sind.\u00a0\u00a0<\/span><\/p>\n<h3><span style=\"color: #3b5249\">Ernten<\/span><\/h3>\n<p><span style=\"color: #000000\">Im Sommer sprie\u00dfen die ersten Knospen aus dem Boden. Das geht so lange, bis es k\u00e4lter wird. Sie k\u00f6nnen die Knospen leicht abrei\u00dfen oder abschneiden.<\/span><\/p>\n<h3><span style=\"color: #3b5249\">Vorbereiten<\/span><\/h3>\n<p><span style=\"color: #000000\">Ernten Sie die Knospen, bevor sie schl\u00fcpfen. Schneiden Sie sie in die H\u00e4lfte und in feine Streifen. Sie k\u00f6nnen als Beilage in Suppen, Nudeln und Salaten verwendet werden. Au\u00dferdem werden sie oft eingelegt. Im K\u00fchlschrank sind sie kurze Zeit haltbar.\u00a0<\/span><\/p>","protected":false},"excerpt":{"rendered":"<p><span style=\"color: #000000\">Eine Pflanze aus der Familie der Ingwergew\u00e4chse mit essbaren Bl\u00fctenknospen. Diese exklusiven Knospen sind sehr begehrt und sollten kurz vor dem Schl\u00fcpfen der Bl\u00fcten geerntet werden. Der Geschmack ist eine Mischung aus Ingwer und Schalotte. K\u00f6stlich eingelegt und\/oder als Beilage in Suppen, Nudeln und Salaten.\u00a0<\/span><\/p>","protected":false},"featured_media":8823,"template":"","meta":{"_acf_changed":false,"_angie_page":false},"product_brand":[969],"product_cat":[1040,1012],"product_tag":[],"class_list":{"0":"post-4926","1":"product","2":"type-product","3":"status-publish","4":"has-post-thumbnail","6":"product_brand-dutch-wasabi","7":"product_cat-gemberplanten","8":"product_cat-bomen-en-planten","9":"pa_onderhoud-zie-productomschrijving","10":"pa_plantsoort-myoga-japanse-gember-plant-zingiber-mioga","11":"pa_supplier-dutch-wasabi","13":"first","14":"instock","15":"taxable","16":"shipping-taxable","17":"purchasable","18":"product-type-simple"},"acf":[],"_links":{"self":[{"href":"https:\/\/www.dutchwasabi.nl\/de\/wp-json\/wp\/v2\/product\/4926","targetHints":{"allow":["GET"]}}],"collection":[{"href":"https:\/\/www.dutchwasabi.nl\/de\/wp-json\/wp\/v2\/product"}],"about":[{"href":"https:\/\/www.dutchwasabi.nl\/de\/wp-json\/wp\/v2\/types\/product"}],"wp:featuredmedia":[{"embeddable":true,"href":"https:\/\/www.dutchwasabi.nl\/de\/wp-json\/wp\/v2\/media\/8823"}],"wp:attachment":[{"href":"https:\/\/www.dutchwasabi.nl\/de\/wp-json\/wp\/v2\/media?parent=4926"}],"wp:term":[{"taxonomy":"product_brand","embeddable":true,"href":"https:\/\/www.dutchwasabi.nl\/de\/wp-json\/wp\/v2\/product_brand?post=4926"},{"taxonomy":"product_cat","embeddable":true,"href":"https:\/\/www.dutchwasabi.nl\/de\/wp-json\/wp\/v2\/product_cat?post=4926"},{"taxonomy":"product_tag","embeddable":true,"href":"https:\/\/www.dutchwasabi.nl\/de\/wp-json\/wp\/v2\/product_tag?post=4926"}],"curies":[{"name":"wp","href":"https:\/\/api.w.org\/{rel}","templated":true}]}}