{"id":4836,"date":"2025-02-06T09:18:52","date_gmt":"2025-02-06T09:18:52","guid":{"rendered":"https:\/\/www.dutchwasabi.nl\/?post_type=product&#038;p=4836"},"modified":"2026-03-05T07:49:54","modified_gmt":"2026-03-05T06:49:54","slug":"oni-wasabi-reibe-pro-2","status":"publish","type":"product","link":"https:\/\/www.dutchwasabi.nl\/de\/oni-wasabi-grater-pro\/","title":{"rendered":"Oni Namida Profi-Edelstahl-Wasabi-Raspel - 9,9 x 9,9 cm"},"content":{"rendered":"<p><span style=\"color: #000000;\">Japanische Innovation in ihrer sch\u00f6nsten Form. Entwickelt von der Fujiya Wasabi Farm in Japan. Eine der besten und haltbarsten Wasabi-Reiben auf dem Markt. Raspelt wie eine Haifischhautreibe, aber ohne die Abnutzung und viel hygienischer. Hergestellt aus einem einzigen St\u00fcck Edelstahl.<\/span><\/p>\n<p><span style=\"color: #000000;\">Ein Muss f\u00fcr jede professionelle K\u00fcche.<\/span><\/p>\n<p><iframe loading=\"lazy\" src=\"https:\/\/www.instagram.com\/p\/Bwi0mgtF9aL\/embed\" width=\"500\" height=\"580\" frameborder=\"0\" scrolling=\"no\"><\/iframe><\/p>","protected":false},"excerpt":{"rendered":"<p><span style=\"color: #000000;\">Reibt wie eine Haifischhautreibe, aber ohne den Verschlei\u00df und viel hygienischer. Japanische Innovation in ihrer besten Form. Ein Muss f\u00fcr jede professionelle K\u00fcche. Verwandelt Rhizome in eine gro\u00dfartige Wasabi-Paste.<\/span><\/p>","protected":false},"featured_media":8470,"template":"","meta":{"_acf_changed":false},"product_brand":[1186],"product_cat":[1030,1010,1181,1070],"product_tag":[],"class_list":{"0":"post-4836","1":"product","2":"type-product","3":"status-publish","4":"has-post-thumbnail","6":"product_brand-fujiya-wasabi","7":"product_cat-raspen","8":"product_cat-keuken-en-tafel","9":"product_cat-sushi","10":"product_cat-wasabi-vers","11":"pa_materiaal-rvs","12":"pa_raspoppervlak-99-x-99-cm","13":"pa_supplier-rangelrooij","15":"first","16":"outofstock","17":"taxable","18":"shipping-taxable","19":"purchasable","20":"product-type-simple"},"acf":[],"_links":{"self":[{"href":"https:\/\/www.dutchwasabi.nl\/de\/wp-json\/wp\/v2\/product\/4836","targetHints":{"allow":["GET"]}}],"collection":[{"href":"https:\/\/www.dutchwasabi.nl\/de\/wp-json\/wp\/v2\/product"}],"about":[{"href":"https:\/\/www.dutchwasabi.nl\/de\/wp-json\/wp\/v2\/types\/product"}],"wp:featuredmedia":[{"embeddable":true,"href":"https:\/\/www.dutchwasabi.nl\/de\/wp-json\/wp\/v2\/media\/8470"}],"wp:attachment":[{"href":"https:\/\/www.dutchwasabi.nl\/de\/wp-json\/wp\/v2\/media?parent=4836"}],"wp:term":[{"taxonomy":"product_brand","embeddable":true,"href":"https:\/\/www.dutchwasabi.nl\/de\/wp-json\/wp\/v2\/product_brand?post=4836"},{"taxonomy":"product_cat","embeddable":true,"href":"https:\/\/www.dutchwasabi.nl\/de\/wp-json\/wp\/v2\/product_cat?post=4836"},{"taxonomy":"product_tag","embeddable":true,"href":"https:\/\/www.dutchwasabi.nl\/de\/wp-json\/wp\/v2\/product_tag?post=4836"}],"curies":[{"name":"wp","href":"https:\/\/api.w.org\/{rel}","templated":true}]}}