{"id":4792,"date":"2025-02-06T09:17:39","date_gmt":"2025-02-06T09:17:39","guid":{"rendered":"https:\/\/www.dutchwasabi.nl\/?post_type=product&#038;p=4792"},"modified":"2026-04-21T12:42:30","modified_gmt":"2026-04-21T10:42:30","slug":"wasabi-ol-55gr","status":"publish","type":"product","link":"https:\/\/www.dutchwasabi.nl\/de\/wasabi-olie-55gr\/","title":{"rendered":"Wasabi-\u00d6l mit frischem Wasabi - 55 Gramm"},"content":{"rendered":"<p><span style=\"color: #000000;\">Hergestellt mit frischem Wasabi. Scharfer Geschmack. Ein paar Tropfen reichen oft aus. Ideal f\u00fcr Carpaccio, Tartar, Sushi, Salate, Steak oder Pizza. F\u00fcr Fischcarpaccio eignet er sich am besten zu wei\u00dfem Fisch. K\u00f6stlich zu rohen Langustinen und Garnelen oder Jakobsmuscheln.<\/span><\/p>","protected":false},"excerpt":{"rendered":"<p><span style=\"color: #000000;\">Hergestellt mit echtem Wasabi. Scharfer Geschmack. Ideal f\u00fcr Carpaccio, Tartar, Sushi, Langustinen, Garnelen, Jakobsmuscheln, Salate, Steak oder Pizza.<\/span><\/p>","protected":false},"featured_media":4888,"template":"","meta":{"_acf_changed":false},"product_brand":[1123],"product_cat":[1041,1014],"product_tag":[],"class_list":{"0":"post-4792","1":"product","2":"type-product","3":"status-publish","4":"has-post-thumbnail","6":"product_brand-nishikawa-shoten","7":"product_cat-olie","8":"product_cat-food","9":"pa_supplier-nishikidori","11":"first","12":"outofstock","13":"taxable","14":"shipping-taxable","15":"purchasable","16":"product-type-simple"},"acf":[],"_links":{"self":[{"href":"https:\/\/www.dutchwasabi.nl\/de\/wp-json\/wp\/v2\/product\/4792","targetHints":{"allow":["GET"]}}],"collection":[{"href":"https:\/\/www.dutchwasabi.nl\/de\/wp-json\/wp\/v2\/product"}],"about":[{"href":"https:\/\/www.dutchwasabi.nl\/de\/wp-json\/wp\/v2\/types\/product"}],"wp:featuredmedia":[{"embeddable":true,"href":"https:\/\/www.dutchwasabi.nl\/de\/wp-json\/wp\/v2\/media\/4888"}],"wp:attachment":[{"href":"https:\/\/www.dutchwasabi.nl\/de\/wp-json\/wp\/v2\/media?parent=4792"}],"wp:term":[{"taxonomy":"product_brand","embeddable":true,"href":"https:\/\/www.dutchwasabi.nl\/de\/wp-json\/wp\/v2\/product_brand?post=4792"},{"taxonomy":"product_cat","embeddable":true,"href":"https:\/\/www.dutchwasabi.nl\/de\/wp-json\/wp\/v2\/product_cat?post=4792"},{"taxonomy":"product_tag","embeddable":true,"href":"https:\/\/www.dutchwasabi.nl\/de\/wp-json\/wp\/v2\/product_tag?post=4792"}],"curies":[{"name":"wp","href":"https:\/\/api.w.org\/{rel}","templated":true}]}}