{"id":4790,"date":"2025-02-06T09:17:39","date_gmt":"2025-02-06T09:17:39","guid":{"rendered":"https:\/\/www.dutchwasabi.nl\/?post_type=product&#038;p=4790"},"modified":"2026-04-18T12:48:48","modified_gmt":"2026-04-18T10:48:48","slug":"handgemachtes-weises-miso-aus-manyo-komachi","status":"publish","type":"product","link":"https:\/\/www.dutchwasabi.nl\/de\/hand-gemaakte-manyo-komachi-witte-miso\/","title":{"rendered":"Manyo Komachi handgemachtes wei\u00dfes Miso - 450 Gramm"},"content":{"rendered":"<p><span style=\"color: #000000;\">Weiches und s\u00fc\u00dfes wei\u00dfes Miso. Auf handwerkliche Weise hergestellt, ohne jegliche Zusatzstoffe oder Konservierungsmittel. Hoher Koji-Gehalt, sehr geschmackvoll, hervorragend zum Kochen geeignet. F\u00fcr Miso-Suppe, Dressing oder als Umami-W\u00fcrzmittel.<\/span><\/p>","protected":false},"excerpt":{"rendered":"<p><span style=\"color: #000000;\">S\u00fc\u00dfes, weiches wei\u00dfes Miso. 1 Jahr lang gereift. Handwerklich hergestellt ohne jegliche Zusatzstoffe oder Konservierungsmittel. Hoher Koji-Gehalt, sehr geschmackvoll und hervorragend zum Kochen geeignet. Verwenden Sie es f\u00fcr eine klassische Miso-Suppe oder weiter in der K\u00fcche als Umami-Aroma.<\/span><\/p>","protected":false},"featured_media":8637,"template":"","meta":{"_acf_changed":false,"_angie_page":false},"product_brand":[981],"product_cat":[1043,1014,1049],"product_tag":[],"class_list":{"0":"post-4790","1":"product","2":"type-product","3":"status-publish","4":"has-post-thumbnail","6":"product_brand-inoue-honten","7":"product_cat-miso","8":"product_cat-food","9":"product_cat-pastas-en-smaakmakers","10":"pa_supplier-yoigokochi","12":"first","13":"instock","14":"taxable","15":"shipping-taxable","16":"purchasable","17":"product-type-simple"},"acf":[],"_links":{"self":[{"href":"https:\/\/www.dutchwasabi.nl\/de\/wp-json\/wp\/v2\/product\/4790","targetHints":{"allow":["GET"]}}],"collection":[{"href":"https:\/\/www.dutchwasabi.nl\/de\/wp-json\/wp\/v2\/product"}],"about":[{"href":"https:\/\/www.dutchwasabi.nl\/de\/wp-json\/wp\/v2\/types\/product"}],"wp:featuredmedia":[{"embeddable":true,"href":"https:\/\/www.dutchwasabi.nl\/de\/wp-json\/wp\/v2\/media\/8637"}],"wp:attachment":[{"href":"https:\/\/www.dutchwasabi.nl\/de\/wp-json\/wp\/v2\/media?parent=4790"}],"wp:term":[{"taxonomy":"product_brand","embeddable":true,"href":"https:\/\/www.dutchwasabi.nl\/de\/wp-json\/wp\/v2\/product_brand?post=4790"},{"taxonomy":"product_cat","embeddable":true,"href":"https:\/\/www.dutchwasabi.nl\/de\/wp-json\/wp\/v2\/product_cat?post=4790"},{"taxonomy":"product_tag","embeddable":true,"href":"https:\/\/www.dutchwasabi.nl\/de\/wp-json\/wp\/v2\/product_tag?post=4790"}],"curies":[{"name":"wp","href":"https:\/\/api.w.org\/{rel}","templated":true}]}}