{"id":4778,"date":"2025-02-06T09:17:16","date_gmt":"2025-02-06T09:17:16","guid":{"rendered":"https:\/\/www.dutchwasabi.nl\/?post_type=product&#038;p=4778"},"modified":"2026-04-11T13:53:33","modified_gmt":"2026-04-11T11:53:33","slug":"yuzu-wasabi-ol-140gr","status":"publish","type":"product","link":"https:\/\/www.dutchwasabi.nl\/de\/yuzu-wasabi-olie-140gr\/","title":{"rendered":"Yuzu-Wasabi-\u00d6l mit frischem Wasabi - 140g"},"content":{"rendered":"<p><span style=\"color: #000000;\">Hergestellt mit frischem Wasabi und Yuzu. Genie\u00dfen Sie das Aroma von Yuzu mit dem leicht scharfen Geschmack von Wasabi.<\/span><\/p>\n<p><span style=\"color: #000000;\">Ein paar Tropfen reichen oft schon aus. Ideal f\u00fcr Carpaccio, Tartar, Sushi, Salate, Steak oder Pizza. F\u00fcr Fischcarpaccio eignet er sich am besten zu wei\u00dfem Fisch. K\u00f6stlich zu rohen Langustinen und Garnelen oder Jakobsmuscheln.<\/span><\/p>","protected":false},"excerpt":{"rendered":"<p><span style=\"color: #000000;\"><strong>Anmerkung:<\/strong> THT 23-06-2026. Hergestellt mit echtem Wasabi. Das Aroma von Yuzu mit einem leicht scharfen Geschmack von Wasabi. Ideal f\u00fcr Carpaccio, Tartar, Sushi, Langustinen, Garnelen, Jakobsmuscheln, Salate, Steak oder Pizza.\u00a0<\/span><\/p>","protected":false},"featured_media":4854,"template":"","meta":{"_acf_changed":false,"_angie_page":false},"product_brand":[1123],"product_cat":[1041,1014,1086],"product_tag":[],"class_list":{"0":"post-4778","1":"product","2":"type-product","3":"status-publish","4":"has-post-thumbnail","6":"product_brand-nishikawa-shoten","7":"product_cat-olie","8":"product_cat-food","9":"product_cat-sale","10":"pa_supplier-nishikidori","12":"first","13":"instock","14":"sale","15":"taxable","16":"shipping-taxable","17":"purchasable","18":"product-type-simple"},"acf":[],"_links":{"self":[{"href":"https:\/\/www.dutchwasabi.nl\/de\/wp-json\/wp\/v2\/product\/4778","targetHints":{"allow":["GET"]}}],"collection":[{"href":"https:\/\/www.dutchwasabi.nl\/de\/wp-json\/wp\/v2\/product"}],"about":[{"href":"https:\/\/www.dutchwasabi.nl\/de\/wp-json\/wp\/v2\/types\/product"}],"wp:featuredmedia":[{"embeddable":true,"href":"https:\/\/www.dutchwasabi.nl\/de\/wp-json\/wp\/v2\/media\/4854"}],"wp:attachment":[{"href":"https:\/\/www.dutchwasabi.nl\/de\/wp-json\/wp\/v2\/media?parent=4778"}],"wp:term":[{"taxonomy":"product_brand","embeddable":true,"href":"https:\/\/www.dutchwasabi.nl\/de\/wp-json\/wp\/v2\/product_brand?post=4778"},{"taxonomy":"product_cat","embeddable":true,"href":"https:\/\/www.dutchwasabi.nl\/de\/wp-json\/wp\/v2\/product_cat?post=4778"},{"taxonomy":"product_tag","embeddable":true,"href":"https:\/\/www.dutchwasabi.nl\/de\/wp-json\/wp\/v2\/product_tag?post=4778"}],"curies":[{"name":"wp","href":"https:\/\/api.w.org\/{rel}","templated":true}]}}