{"id":4760,"date":"2025-02-06T09:16:49","date_gmt":"2025-02-06T09:16:49","guid":{"rendered":"https:\/\/www.dutchwasabi.nl\/?post_type=product&#038;p=4760"},"modified":"2026-04-14T19:54:48","modified_gmt":"2026-04-14T17:54:48","slug":"dashi-pulverbeutel-makurazaki-10x8gr","status":"publish","type":"product","link":"https:\/\/www.dutchwasabi.nl\/de\/dashi-powder-bags-makurazaki-10x8gr\/","title":{"rendered":"Dashi-Pulvert\u00fctchen (Boullion-Pulver) - 10 x 8 Gramm"},"content":{"rendered":"<p><span style=\"color: #000000;\">Dashi ist eine japanische Br\u00fche, die h\u00e4ufig verwendet wird, um japanischen Gerichten Umami zu verleihen. Diese Dashi ist von ausgezeichneter Qualit\u00e4t, enth\u00e4lt keine Pilze und hat einen tollen Bonito-Geschmack. Sie wird in der Stadt Makurazaki hergestellt, die f\u00fcr ihren Bonito bekannt ist.<\/span><\/p>\n<p><span style=\"color: #000000;\">Dashi wird in vielen japanischen Gerichten verwendet: Miso-Suppe, Ramen-Suppe, Donburi, Reis, Chawanmushi (Eierpudding) und in Eint\u00f6pfen wie Nikujaga usw. Es kann auch f\u00fcr Gem\u00fcsesuppen und Risottos verwendet werden.<\/span><\/p>\n<p><span style=\"color: #000000;\">Weichen Sie einen Beutel Dashi in 0,5 bis 1 Liter hei\u00dfem Wasser 1-2 Minuten lang ein.<\/span><\/p>","protected":false},"excerpt":{"rendered":"<p><span style=\"color: #000000;\">Hochwertige Dashi-Beutel mit Dashi-Pulver aus Makurazaki. Mit Bonito, Kombu und getrockneter Sojasauce. Bequem zu verwenden.<\/span><\/p>","protected":false},"featured_media":8478,"template":"","meta":{"_acf_changed":false,"_angie_page":false},"product_brand":[1094],"product_cat":[1052,1014,1033,1072],"product_tag":[],"class_list":{"0":"post-4760","1":"product","2":"type-product","3":"status-publish","4":"has-post-thumbnail","6":"product_brand-nakahara-suisan-katsuo-izumi","7":"product_cat-dashi","8":"product_cat-food","9":"product_cat-katsuobushi-en-bonito","10":"product_cat-kombu","11":"pa_supplier-umami-paris","13":"first","14":"instock","15":"taxable","16":"shipping-taxable","17":"purchasable","18":"product-type-simple"},"acf":[],"_links":{"self":[{"href":"https:\/\/www.dutchwasabi.nl\/de\/wp-json\/wp\/v2\/product\/4760","targetHints":{"allow":["GET"]}}],"collection":[{"href":"https:\/\/www.dutchwasabi.nl\/de\/wp-json\/wp\/v2\/product"}],"about":[{"href":"https:\/\/www.dutchwasabi.nl\/de\/wp-json\/wp\/v2\/types\/product"}],"wp:featuredmedia":[{"embeddable":true,"href":"https:\/\/www.dutchwasabi.nl\/de\/wp-json\/wp\/v2\/media\/8478"}],"wp:attachment":[{"href":"https:\/\/www.dutchwasabi.nl\/de\/wp-json\/wp\/v2\/media?parent=4760"}],"wp:term":[{"taxonomy":"product_brand","embeddable":true,"href":"https:\/\/www.dutchwasabi.nl\/de\/wp-json\/wp\/v2\/product_brand?post=4760"},{"taxonomy":"product_cat","embeddable":true,"href":"https:\/\/www.dutchwasabi.nl\/de\/wp-json\/wp\/v2\/product_cat?post=4760"},{"taxonomy":"product_tag","embeddable":true,"href":"https:\/\/www.dutchwasabi.nl\/de\/wp-json\/wp\/v2\/product_tag?post=4760"}],"curies":[{"name":"wp","href":"https:\/\/api.w.org\/{rel}","templated":true}]}}