{"id":4758,"date":"2025-02-06T09:16:49","date_gmt":"2025-02-06T09:16:49","guid":{"rendered":"https:\/\/www.dutchwasabi.nl\/?post_type=product&#038;p=4758"},"modified":"2026-04-15T22:09:37","modified_gmt":"2026-04-15T20:09:37","slug":"sushi-nori-blatter-10-stk","status":"publish","type":"product","link":"https:\/\/www.dutchwasabi.nl\/de\/sushi-nori-vellen-10st\/","title":{"rendered":"Premium-Nori-Bl\u00e4tter - 10 St\u00fcck (21\u00d719 cm)"},"content":{"rendered":"<p><span style=\"color: #000000;\">Diese Meeresalgen werden mit reinem Respekt vor der Tradition hergestellt. Sie werden in der ruhigen See in den Regionen Kyushu, Seto, Tokai, Chiba und Miyagi hergestellt.<\/span><\/p>\n<p><span style=\"color: #000000;\">Diese Nori-Bl\u00e4tter haben eine dunkelgr\u00fcne Farbe und sind leicht infrarot ger\u00f6stet. Wir haben dieses Produkt f\u00fcr diejenigen ausgew\u00e4hlt, die hochwertige Nori-Bl\u00e4tter suchen: knusprig, gleichm\u00e4\u00dfige Textur, keine L\u00f6cher und ausgezeichneter Geschmack.<\/span><\/p>\n<p><span style=\"color: #000000;\">Perfekt f\u00fcr Sushi-Rollen oder Onigiri (Reisb\u00e4llchen).<\/span><\/p>\n<p><span style=\"color: #000000;\">Es handelt sich um ganze Bl\u00e4tter im Format 21 x 19 cm.<\/span><\/p>","protected":false},"excerpt":{"rendered":"<p><span style=\"color: #000000;\">Volle Nori-Bl\u00e4tter (getrockneter Seetang), ger\u00f6stet, Premiumqualit\u00e4t. Perfekt f\u00fcr Sushi-Rollen. Aus der Region Kyushu.<\/span><\/p>","protected":false},"featured_media":8714,"template":"","meta":{"_acf_changed":false,"_angie_page":false},"product_brand":[1124],"product_cat":[1050,1014,1179],"product_tag":[],"class_list":{"0":"post-4758","1":"product","2":"type-product","3":"status-publish","4":"has-post-thumbnail","6":"product_brand-isoya-corporation","7":"product_cat-nori","8":"product_cat-food","9":"product_cat-sushi-producten","10":"pa_grootte-21-x-19-cm","11":"pa_supplier-nishikidori","13":"first","14":"instock","15":"taxable","16":"shipping-taxable","17":"purchasable","18":"product-type-simple"},"acf":[],"_links":{"self":[{"href":"https:\/\/www.dutchwasabi.nl\/de\/wp-json\/wp\/v2\/product\/4758","targetHints":{"allow":["GET"]}}],"collection":[{"href":"https:\/\/www.dutchwasabi.nl\/de\/wp-json\/wp\/v2\/product"}],"about":[{"href":"https:\/\/www.dutchwasabi.nl\/de\/wp-json\/wp\/v2\/types\/product"}],"wp:featuredmedia":[{"embeddable":true,"href":"https:\/\/www.dutchwasabi.nl\/de\/wp-json\/wp\/v2\/media\/8714"}],"wp:attachment":[{"href":"https:\/\/www.dutchwasabi.nl\/de\/wp-json\/wp\/v2\/media?parent=4758"}],"wp:term":[{"taxonomy":"product_brand","embeddable":true,"href":"https:\/\/www.dutchwasabi.nl\/de\/wp-json\/wp\/v2\/product_brand?post=4758"},{"taxonomy":"product_cat","embeddable":true,"href":"https:\/\/www.dutchwasabi.nl\/de\/wp-json\/wp\/v2\/product_cat?post=4758"},{"taxonomy":"product_tag","embeddable":true,"href":"https:\/\/www.dutchwasabi.nl\/de\/wp-json\/wp\/v2\/product_tag?post=4758"}],"curies":[{"name":"wp","href":"https:\/\/api.w.org\/{rel}","templated":true}]}}