{"id":4718,"date":"2025-02-06T09:16:01","date_gmt":"2025-02-06T09:16:01","guid":{"rendered":"https:\/\/www.dutchwasabi.nl\/?post_type=product&#038;p=4718"},"modified":"2026-04-15T10:59:50","modified_gmt":"2026-04-15T08:59:50","slug":"jabara-sake-720-ml","status":"publish","type":"product","link":"https:\/\/www.dutchwasabi.nl\/de\/jabara-sake-720-ml\/","title":{"rendered":"Jabara seltener Zitrus-Sake - 720 ml"},"content":{"rendered":"<p><span style=\"color: #000000\">Jabara is een zeldzame citrus afkomstig uit Japan. Jabara, ontdekt als de laatste van zijn soort in de prefectuur Wakayama, is een bijzondere vrucht gehuld met een bijzondere culturele traditie.<\/span><\/p>\n<p><span style=\"color: #000000\">Deze kenmerkende sake wordt gemaakt van vers Jabara-sap en Jabara-schil. Deze sake wordt al 100 jaar gemaakt, maar is nog nooit eerder vanuit Japan ge\u00ebxporteerd.<\/span><\/p>\n<p><span style=\"color: #000000\">De smaak is vergelijkbaar met yuzu-sake maar met een kruidig en bloemig aroma. Dit geeft deze sake een mooie diepe smaak.<\/span><\/p>\n<p><span style=\"color: #000000\">Door de zeldzaamheid van het fruit is de beschikbaarheid beperkt.<\/span><\/p>\n<p><span style=\"color: #000000\">Puur met ijs , perfect voor een warme zomerdag en als aperitief!<\/span><\/p>\n<p><iframe loading=\"lazy\" src=\"\/\/www.youtube.com\/embed\/p6Gu4VZFYGE\" width=\"560\" height=\"314\" allowfullscreen=\"allowfullscreen\" data-mce-fragment=\"1\"><\/iframe><\/p>\n<div class=\"elfsight-app-6f22c6d8-3dfd-4243-8f94-a646b4a01649\" data-elfsight-app-lazy=\"\"><\/div>","protected":false},"excerpt":{"rendered":"<p><span style=\"color: #000000\">Jabara ist eine seltene japanische Zitrusfrucht, die nur in Kitayama, Wakayama, Japan, angebaut wird. Ein exklusiver Lik\u00f6r auf Sake-Basis, der dem Yuzu-Sake \u00e4hnelt, aber ein w\u00fcrziges und blumiges Aroma hat. Kalt trinken.<\/span><\/p>","protected":false},"featured_media":8729,"template":"","meta":{"_acf_changed":false,"_angie_page":false},"product_brand":[1134],"product_cat":[1028,1024,1025],"product_tag":[],"class_list":{"0":"post-4718","1":"product","2":"type-product","3":"status-publish","4":"has-post-thumbnail","6":"product_brand-jabara","7":"product_cat-fruit-sake","8":"product_cat-dranken","9":"product_cat-sake","10":"pa_alcohol-751","11":"pa_sake_categorie-jabara","12":"pa_sake_type-junmai-jabarashu","13":"pa_serveren-koud","14":"pa_supplier-tatsumi","16":"first","17":"instock","18":"taxable","19":"shipping-taxable","20":"purchasable","21":"product-type-simple"},"acf":[],"_links":{"self":[{"href":"https:\/\/www.dutchwasabi.nl\/de\/wp-json\/wp\/v2\/product\/4718","targetHints":{"allow":["GET"]}}],"collection":[{"href":"https:\/\/www.dutchwasabi.nl\/de\/wp-json\/wp\/v2\/product"}],"about":[{"href":"https:\/\/www.dutchwasabi.nl\/de\/wp-json\/wp\/v2\/types\/product"}],"wp:featuredmedia":[{"embeddable":true,"href":"https:\/\/www.dutchwasabi.nl\/de\/wp-json\/wp\/v2\/media\/8729"}],"wp:attachment":[{"href":"https:\/\/www.dutchwasabi.nl\/de\/wp-json\/wp\/v2\/media?parent=4718"}],"wp:term":[{"taxonomy":"product_brand","embeddable":true,"href":"https:\/\/www.dutchwasabi.nl\/de\/wp-json\/wp\/v2\/product_brand?post=4718"},{"taxonomy":"product_cat","embeddable":true,"href":"https:\/\/www.dutchwasabi.nl\/de\/wp-json\/wp\/v2\/product_cat?post=4718"},{"taxonomy":"product_tag","embeddable":true,"href":"https:\/\/www.dutchwasabi.nl\/de\/wp-json\/wp\/v2\/product_tag?post=4718"}],"curies":[{"name":"wp","href":"https:\/\/api.w.org\/{rel}","templated":true}]}}