{"id":4700,"date":"2025-02-06T09:15:39","date_gmt":"2025-02-06T09:15:39","guid":{"rendered":"https:\/\/www.dutchwasabi.nl\/?post_type=product&#038;p=4700"},"modified":"2026-04-14T19:13:47","modified_gmt":"2026-04-14T17:13:47","slug":"scharfe-miso-sauce-360-g","status":"publish","type":"product","link":"https:\/\/www.dutchwasabi.nl\/de\/hot-miso-saus-360-gram\/","title":{"rendered":"Sumo Miso (w\u00fcrzige Miso-Sauce) - 360 Gramm"},"content":{"rendered":"<p><span style=\"color: #000000;\">Dieses w\u00fcrzige Miso hat eine dunkelrote Farbe und einen angenehmen Knoblauchgeschmack. Auf die Sch\u00e4rfe folgt das Umami. K\u00f6stliche und w\u00fcrzige Miso-Sauce mit viel Knoblauch und Chili darin. Perfekt zum W\u00fcrzen von gegrilltem Fleisch und Pfannengerichten, als Sauce zu Gurken und gegrilltem H\u00e4hnchen oder in Kombination mit Mayonnaise. Sie schmeckt einfach gro\u00dfartig! Wenn Sie sie einmal probiert haben, werden Sie s\u00fcchtig danach sein.<\/span><\/p>\n<h2><span style=\"color: #3b5249;\">Produzent<\/span><\/h2>\n<p><span style=\"color: #000000;\">Wie der Name schon sagt, ist Tsurumiso ein Miso-Produktionsbetrieb in der kleinen Stadt Yanagawa im Landkreis Fukuoka (Insel Kyushu). Yanagawa ist eine h\u00fcbsche kleine Stadt, die von zahlreichen Kan\u00e4len durchzogen ist.<\/span><br \/>\n<span style=\"color: #000000;\">Der historische Hauptsitz von Tsurumiso, der seit 1870 besteht, befindet sich in einem alten roten Backsteingeb\u00e4ude an einem der Yanagawa-Kan\u00e4le.<\/span><\/p>\n<p><span style=\"color: #000000;\">Tsurumiso produziert vor allem traditionelles Miso, hat aber auch eine Reihe innovativer Produkte wie dieses entwickelt.<\/span><\/p>","protected":false},"excerpt":{"rendered":"<p><span style=\"color: #000000;\">K\u00f6stliche Miso-Sauce mit Knoblauch und Chili; Sch\u00e4rfe gefolgt von Umami. Perfekt als Marinade f\u00fcr gegrilltes Fleisch und Tofu, durch Pfannengerichte oder Gurken oder kombiniert mit Mayonnaise. S\u00fcchtig machend k\u00f6stlich!<\/span><\/p>","protected":false},"featured_media":4787,"template":"","meta":{"_acf_changed":false,"_angie_page":false},"product_brand":[1132],"product_cat":[1017,1014,1043],"product_tag":[],"class_list":{"0":"post-4700","1":"product","2":"type-product","3":"status-publish","4":"has-post-thumbnail","6":"product_brand-tsurumiso","7":"product_cat-sauzen","8":"product_cat-food","9":"product_cat-miso","10":"pa_supplier-umami-paris","12":"first","13":"instock","14":"taxable","15":"shipping-taxable","16":"purchasable","17":"product-type-simple"},"acf":[],"_links":{"self":[{"href":"https:\/\/www.dutchwasabi.nl\/de\/wp-json\/wp\/v2\/product\/4700","targetHints":{"allow":["GET"]}}],"collection":[{"href":"https:\/\/www.dutchwasabi.nl\/de\/wp-json\/wp\/v2\/product"}],"about":[{"href":"https:\/\/www.dutchwasabi.nl\/de\/wp-json\/wp\/v2\/types\/product"}],"wp:featuredmedia":[{"embeddable":true,"href":"https:\/\/www.dutchwasabi.nl\/de\/wp-json\/wp\/v2\/media\/4787"}],"wp:attachment":[{"href":"https:\/\/www.dutchwasabi.nl\/de\/wp-json\/wp\/v2\/media?parent=4700"}],"wp:term":[{"taxonomy":"product_brand","embeddable":true,"href":"https:\/\/www.dutchwasabi.nl\/de\/wp-json\/wp\/v2\/product_brand?post=4700"},{"taxonomy":"product_cat","embeddable":true,"href":"https:\/\/www.dutchwasabi.nl\/de\/wp-json\/wp\/v2\/product_cat?post=4700"},{"taxonomy":"product_tag","embeddable":true,"href":"https:\/\/www.dutchwasabi.nl\/de\/wp-json\/wp\/v2\/product_tag?post=4700"}],"curies":[{"name":"wp","href":"https:\/\/api.w.org\/{rel}","templated":true}]}}