{"id":4662,"date":"2025-02-06T09:15:13","date_gmt":"2025-02-06T09:15:13","guid":{"rendered":"https:\/\/www.dutchwasabi.nl\/?post_type=product&#038;p=4662"},"modified":"2026-04-18T18:53:38","modified_gmt":"2026-04-18T16:53:38","slug":"konro-grill-kieselgur-31x23x20cm-b-9","status":"publish","type":"product","link":"https:\/\/www.dutchwasabi.nl\/de\/konro-grill-diatomiet-31x23x20cm-b-9\/","title":{"rendered":"Konro Grill (Holzkohlegrill) Kieselgurstein - B-9 (31 x 23 x 20 cm)"},"content":{"rendered":"<p><span style=\"color: #000000;\">Dieser original japanische Kieselgur-Konro-Grill ist ein traditioneller Holzkohlegrill aus Kieselgur, einem hochpor\u00f6sen und hitzebest\u00e4ndigen Gestein, das sich perfekt f\u00fcr die gleichm\u00e4\u00dfige Verteilung der Hitze eignet.<\/span><\/p>\n<p><span style=\"color: #000000;\">Der Konro-Grill wird in Japan haupts\u00e4chlich im Freien verwendet. Obwohl er auch in Innenr\u00e4umen bei guter Bel\u00fcftung auf einer hitzebest\u00e4ndigen Oberfl\u00e4che professionell verwendet werden kann, empfehlen wir ihn nicht f\u00fcr zu Hause! Wenn Sie ihn im Freien verwenden, achten Sie auf eine hitzebest\u00e4ndige Oberfl\u00e4che.\u00a0<\/span><\/p>\n<p><span style=\"color: #000000;\">Bei der Verwendung eines Konro-Grills ist es wichtig, hochwertige Binchotan-Holzkohle zu verwenden, die hei\u00dfer und l\u00e4nger brennt als normale Holzkohle. Stapeln Sie die Holzkohle nicht, sondern z\u00fcnden Sie sie mit einem Brenner oder in einem Holzkohlekamin an. Sobald die Holzkohle rot gl\u00fcht, k\u00f6nnen Sie mit dem Grillen beginnen; achten Sie darauf, dass der Grill nicht zu voll wird.<\/span><\/p>\n<p><span style=\"color: #000000;\">Verwenden Sie die L\u00fcftungsschlitze, um die Hitze zu regulieren. Durch die L\u00fcftungsschlitze gelangt mehr Sauerstoff an die Kohlen, was wiederum eine h\u00f6here Temperatur bedeutet. Binchotan h\u00e4lt lange vor, aber wenn Sie etwas nachlegen m\u00fcssen, geben Sie nur so viel nach, dass der Boden des Konro bedeckt ist.<\/span><\/p>\n<p><span style=\"color: #000000;\">Wenn er fertig ist, nehmen Sie den Binchotan vom Grill in einen L\u00f6schtopf oder einen Eimer mit Wasser. Gie\u00dfen Sie kein Wasser auf den Konro-Grill, um das Feuer zu l\u00f6schen, da der Grill sonst aufgrund der extremen Temperaturschwankungen kaputt geht. Lagern Sie Ihren Konro-Grill erst, wenn er vollst\u00e4ndig abgek\u00fchlt ist.<\/span><\/p>\n<p><span style=\"color: #000000;\">*Kommt ohne Holzachterbahn.<\/span><\/p>\n<p>&nbsp;<\/p>","protected":false},"excerpt":{"rendered":"<p><span style=\"color: #000000;\">Original japanischer Konro-Grill aus Kieselgur: ein sehr por\u00f6ses und hitzebest\u00e4ndiges Gestein, das die Hitze gleichm\u00e4\u00dfig verteilt. Binchotan-Holzkohle ist separat erh\u00e4ltlich.<\/span><\/p>","protected":false},"featured_media":8668,"template":"","meta":{"_acf_changed":false,"_angie_page":false},"product_brand":[],"product_cat":[1027,1010],"product_tag":[],"class_list":{"0":"post-4662","1":"product","2":"type-product","3":"status-publish","4":"has-post-thumbnail","6":"product_cat-konro-grill","7":"product_cat-keuken-en-tafel","8":"pa_grootte-31-x-23-x-20-cm","9":"pa_materiaal-diatomeeenaarde","10":"pa_onderhoud-zie-productomschrijving","11":"pa_supplier-cnb-enterprises","13":"first","14":"instock","15":"taxable","16":"shipping-taxable","17":"purchasable","18":"product-type-simple"},"acf":[],"_links":{"self":[{"href":"https:\/\/www.dutchwasabi.nl\/de\/wp-json\/wp\/v2\/product\/4662","targetHints":{"allow":["GET"]}}],"collection":[{"href":"https:\/\/www.dutchwasabi.nl\/de\/wp-json\/wp\/v2\/product"}],"about":[{"href":"https:\/\/www.dutchwasabi.nl\/de\/wp-json\/wp\/v2\/types\/product"}],"wp:featuredmedia":[{"embeddable":true,"href":"https:\/\/www.dutchwasabi.nl\/de\/wp-json\/wp\/v2\/media\/8668"}],"wp:attachment":[{"href":"https:\/\/www.dutchwasabi.nl\/de\/wp-json\/wp\/v2\/media?parent=4662"}],"wp:term":[{"taxonomy":"product_brand","embeddable":true,"href":"https:\/\/www.dutchwasabi.nl\/de\/wp-json\/wp\/v2\/product_brand?post=4662"},{"taxonomy":"product_cat","embeddable":true,"href":"https:\/\/www.dutchwasabi.nl\/de\/wp-json\/wp\/v2\/product_cat?post=4662"},{"taxonomy":"product_tag","embeddable":true,"href":"https:\/\/www.dutchwasabi.nl\/de\/wp-json\/wp\/v2\/product_tag?post=4662"}],"curies":[{"name":"wp","href":"https:\/\/api.w.org\/{rel}","templated":true}]}}