{"id":4660,"date":"2025-02-06T09:15:13","date_gmt":"2025-02-06T09:15:13","guid":{"rendered":"https:\/\/www.dutchwasabi.nl\/?post_type=product&#038;p=4660"},"modified":"2026-04-18T17:30:48","modified_gmt":"2026-04-18T15:30:48","slug":"rosshaar-pinsel-fur-sushi-23x3cm","status":"publish","type":"product","link":"https:\/\/www.dutchwasabi.nl\/de\/paardenhaar-borstel-voor-sushi-23x3cm\/","title":{"rendered":"Sushi-K\u00fcchenpinsel aus Ro\u00dfhaar - 23 x 3 cm"},"content":{"rendered":"<p><span style=\"color: #000000;\">Die Rosshaar-B\u00fcrste f\u00fcr Sushi ist ein unverzichtbares Werkzeug f\u00fcr jeden Sushi-Koch oder Hausmann. Der Pinsel hat weiche, nat\u00fcrliche Rosshaarborsten, die sich perfekt zum sanften Verteilen von (Soja-)Sauce auf Sushi-Rollen, Sashimi oder bei der Zubereitung von Geb\u00e4ck eignen.\u00a0<\/span><\/p>\n<p><span style=\"color: #000000;\">Der Holzgriff der B\u00fcrste ist aus hochwertigem Holz gefertigt. Um die B\u00fcrste zu pflegen, empfehlen wir, sie nach jedem Gebrauch vorsichtig mit einem milden Reinigungsmittel und warmem Wasser zu reinigen. Achten Sie darauf, dass so wenig Wasser wie m\u00f6glich auf den Holzgriff gelangt. Sp\u00fclen Sie dann die Borsten gr\u00fcndlich aus und formen Sie sie vorsichtig mit den Fingern nach. Lassen Sie die B\u00fcrste schlie\u00dflich vollst\u00e4ndig trocknen, bevor Sie sie wieder verwenden oder an einem k\u00fchlen, trockenen Ort aufbewahren.<\/span><\/p>","protected":false},"excerpt":{"rendered":"<p><span style=\"color: #000000;\">Rosshaarb\u00fcrste speziell zum B\u00fcrsten von Sushi. Weiche, nat\u00fcrliche Rosshaarborsten und ein Holzgriff. Haarl\u00e4nge 1,5 cm. Hergestellt in Japan.<\/span><\/p>","protected":false},"featured_media":8673,"template":"","meta":{"_acf_changed":false},"product_brand":[1090],"product_cat":[1045,1010,1181],"product_tag":[],"class_list":{"0":"post-4660","1":"product","2":"type-product","3":"status-publish","4":"has-post-thumbnail","6":"product_brand-japan","7":"product_cat-kwasten-en-borstels","8":"product_cat-keuken-en-tafel","9":"product_cat-sushi","10":"pa_grootte-23-x-3-cm-haarlengte-15-cm","11":"pa_materiaal-paardenhaar-buik-en-hout","12":"pa_supplier-global-kitchen","14":"first","15":"instock","16":"taxable","17":"shipping-taxable","18":"purchasable","19":"product-type-simple"},"acf":[],"_links":{"self":[{"href":"https:\/\/www.dutchwasabi.nl\/de\/wp-json\/wp\/v2\/product\/4660","targetHints":{"allow":["GET"]}}],"collection":[{"href":"https:\/\/www.dutchwasabi.nl\/de\/wp-json\/wp\/v2\/product"}],"about":[{"href":"https:\/\/www.dutchwasabi.nl\/de\/wp-json\/wp\/v2\/types\/product"}],"wp:featuredmedia":[{"embeddable":true,"href":"https:\/\/www.dutchwasabi.nl\/de\/wp-json\/wp\/v2\/media\/8673"}],"wp:attachment":[{"href":"https:\/\/www.dutchwasabi.nl\/de\/wp-json\/wp\/v2\/media?parent=4660"}],"wp:term":[{"taxonomy":"product_brand","embeddable":true,"href":"https:\/\/www.dutchwasabi.nl\/de\/wp-json\/wp\/v2\/product_brand?post=4660"},{"taxonomy":"product_cat","embeddable":true,"href":"https:\/\/www.dutchwasabi.nl\/de\/wp-json\/wp\/v2\/product_cat?post=4660"},{"taxonomy":"product_tag","embeddable":true,"href":"https:\/\/www.dutchwasabi.nl\/de\/wp-json\/wp\/v2\/product_tag?post=4660"}],"curies":[{"name":"wp","href":"https:\/\/api.w.org\/{rel}","templated":true}]}}