{"id":4656,"date":"2025-02-06T09:15:12","date_gmt":"2025-02-06T09:15:12","guid":{"rendered":"https:\/\/www.dutchwasabi.nl\/?post_type=product&#038;p=4656"},"modified":"2026-03-05T07:49:49","modified_gmt":"2026-03-05T06:49:49","slug":"yakiniku-zange","status":"publish","type":"product","link":"https:\/\/www.dutchwasabi.nl\/de\/yakiniku-tang\/","title":{"rendered":"Yakiniku-Zange (japanische Grillzange) - 24 cm"},"content":{"rendered":"<p><span style=\"color: #000000;\">Hergestellt aus schwarz pulverbeschichtetem Edelstahl. Aufgrund ihrer relativ geringen Gr\u00f6\u00dfe von 24 cm, die perfekte Passform. Aufgrund ihrer Form legen Sie die Zange ab, ohne dass die Spitzen der Zange Ihre Oberfl\u00e4che ber\u00fchren.\u00a0<\/span><\/p>","protected":false},"excerpt":{"rendered":"<p><span style=\"color: #000000;\">Rostfreier Stahl mit sch\u00f6ner schwarzer Pulverbeschichtung. Seine Form erm\u00f6glicht es Ihnen, die Zange zu setzen, ohne dass die Spitzen der Zange ber\u00fchren Sie Ihre Oberfl\u00e4che. Feine L\u00e4nge von 24 cm.<\/span><\/p>","protected":false},"featured_media":8682,"template":"","meta":{"_acf_changed":false},"product_brand":[1090],"product_cat":[1046,1010],"product_tag":[],"class_list":{"0":"post-4656","1":"product","2":"type-product","3":"status-publish","4":"has-post-thumbnail","6":"product_brand-japan","7":"product_cat-tangen","8":"product_cat-keuken-en-tafel","9":"pa_grootte-ca-24-cm","10":"pa_materiaal-rvs-met-zwarte-poedercoating","11":"pa_supplier-global-kitchen","13":"first","14":"instock","15":"taxable","16":"shipping-taxable","17":"purchasable","18":"product-type-simple"},"acf":[],"_links":{"self":[{"href":"https:\/\/www.dutchwasabi.nl\/de\/wp-json\/wp\/v2\/product\/4656","targetHints":{"allow":["GET"]}}],"collection":[{"href":"https:\/\/www.dutchwasabi.nl\/de\/wp-json\/wp\/v2\/product"}],"about":[{"href":"https:\/\/www.dutchwasabi.nl\/de\/wp-json\/wp\/v2\/types\/product"}],"wp:featuredmedia":[{"embeddable":true,"href":"https:\/\/www.dutchwasabi.nl\/de\/wp-json\/wp\/v2\/media\/8682"}],"wp:attachment":[{"href":"https:\/\/www.dutchwasabi.nl\/de\/wp-json\/wp\/v2\/media?parent=4656"}],"wp:term":[{"taxonomy":"product_brand","embeddable":true,"href":"https:\/\/www.dutchwasabi.nl\/de\/wp-json\/wp\/v2\/product_brand?post=4656"},{"taxonomy":"product_cat","embeddable":true,"href":"https:\/\/www.dutchwasabi.nl\/de\/wp-json\/wp\/v2\/product_cat?post=4656"},{"taxonomy":"product_tag","embeddable":true,"href":"https:\/\/www.dutchwasabi.nl\/de\/wp-json\/wp\/v2\/product_tag?post=4656"}],"curies":[{"name":"wp","href":"https:\/\/api.w.org\/{rel}","templated":true}]}}