{"id":4598,"date":"2025-02-06T09:14:50","date_gmt":"2025-02-06T09:14:50","guid":{"rendered":"https:\/\/www.dutchwasabi.nl\/?post_type=product&#038;p=4598"},"modified":"2026-04-26T22:02:22","modified_gmt":"2026-04-26T20:02:22","slug":"meyer-zitronenbaum-gros","status":"publish","type":"product","link":"https:\/\/www.dutchwasabi.nl\/de\/meyer-lemon-boom-groot\/","title":{"rendered":"Meyer-Zitronenbaum (Citrus meyeri) - 100-120 cm"},"content":{"rendered":"<p><span style=\"color: #000000\"><em>Hinweis: Lesen Sie auch die Aufmerksamkeitspunkte unter der \u00dcberschrift \u201cSenden\u201d.\u201d<\/em><\/span><\/p>\n<p><span style=\"color: #000000\">Dieser Meyer-Zitronenbaum, auch bekannt als Citrus meyeri, ist auf die Unterlage Citrus trifoliata \u2018Flying Dragon\u2019 gepfropft. Flying Dragon ist einer der widerstandsf\u00e4higsten Zitrusb\u00e4ume auf dem Markt.\u00a0<\/span><\/p>\n<p><span style=\"color: #000000\">Die B\u00e4ume eignen sich f\u00fcr die Anzucht im Haus oder im Freiland in T\u00f6pfen. Zwei Jahre nach dem Kauf k\u00f6nnen sie auch ins Freiland gepflanzt werden. Sie bl\u00fchen im Fr\u00fchjahr und tragen, je nach Witterung, innerhalb von zwei Jahren Fr\u00fcchte.\u00a0<\/span><\/p>\n<p><span style=\"color: #000000\">Alle B\u00e4ume sind zwischen 100-120 cm hoch (einschlie\u00dflich Topf) und wurden vor mindestens 18 Monaten veredelt.<\/span><\/p>\n<p><span style=\"color: #000000\">Bei B\u00e4umen, die im Freien gehalten werden, empfehlen wir, sie in den ersten zwei Jahren in einen Topf zu pflanzen und sie im Winter an einen gesch\u00fctzten Ort zu stellen und sie vor Frost zu sch\u00fctzen. Pflanzen Sie den Baum dann im Fr\u00fchjahr in volle Erde. Wir empfehlen au\u00dferdem, den Baum in den n\u00e4chsten drei Jahren vor strengem Frost zu sch\u00fctzen, z. B. durch Einwickeln.<\/span><\/p>\n<p><span style=\"color: #000000\">Eine Meyer-Zitrone sieht aus wie eine gro\u00dfe Zitrone. Nur ist sie weniger sauer, s\u00fc\u00dfer und w\u00fcrziger.\u00a0<\/span><\/p>\n<h2><span style=\"color: #3b5249\">Leitfaden f\u00fcr die Zucht<\/span><\/h2>\n<h3><span style=\"color: #3b5249\">Beine<\/span><\/h3>\n<p><span style=\"color: #000000\">Pflanzen Sie den Baum im Freien an einem sonnigen, nach S\u00fcden gerichteten und gesch\u00fctzten Platz. Sorgen Sie f\u00fcr einen lockeren Boden. Lehmige B\u00f6den sollten mit Sand gemischt werden, um eine gute Drainage zu gew\u00e4hrleisten. Gie\u00dfen Sie bei trockener Witterung ein- bis zweimal pro Woche. Der Baum mag keine st\u00e4ndig nassen F\u00fc\u00dfe.<\/span><\/p>\n<p><span style=\"color: #000000\">Verwenden Sie im Topf gut durchl\u00e4ssigen Kompost, zus\u00e4tzliches Perlit oder Rinde, um die Drainage zu verbessern. Die Pflanze alle 1-2 Jahre umtopfen.<\/span><\/p>\n<h3><span style=\"color: #3b5249\">Bl\u00fcte<\/span><\/h3>\n<p><span style=\"color: #000000\">Wenn es drau\u00dfen ein wenig w\u00e4rmer wird, beginnt die Bl\u00fcte. Allerdings fallen die meisten Bl\u00fcten nach einiger Zeit wieder ab. Auf diese Weise reguliert die Pflanze die maximale Anzahl der Fr\u00fcchte, die sie tragen kann. In den ersten Jahren ist es ratsam, so viele Bl\u00fcten\/Fr\u00fcchte wie m\u00f6glich zu entfernen. Auf diese Weise hat die Pflanze mehr Energie zum Wachsen. Au\u00dferdem sind viele der Zweige noch zu schwach, um Fr\u00fcchte zu tragen.<\/span><\/p>\n<h3><span style=\"color: #3b5249\">Wartung<\/span><\/h3>\n<p><span style=\"color: #000000\">Um das Wachstum und die Gesundheit zu f\u00f6rdern, empfehlen wir die Gabe von Zitrus- oder Olivenbaumfutter. Wenn Sie sich f\u00fcr eine fl\u00fcssige Variante entscheiden, m\u00fcssen Sie die Nahrung h\u00e4ufiger verabreichen. Das Granulat muss weniger h\u00e4ufig angewendet werden. Wenden Sie das Granulat im Fr\u00fchjahr und im Sommer an. Das sind die Zeiten, in denen die Pflanze am aktivsten ist.<\/span><\/p>\n<p><span style=\"color: #000000\">Die h\u00e4ufigsten Sch\u00e4dlinge sind Blattl\u00e4use und Milben. In einem Garten mit vielen anderen Pflanzen sind die nat\u00fcrlichen Feinde ausreichend vorhanden. Au\u00dferdem k\u00f6nnen Sie die Pflanze mit Wasser und ein paar Tropfen Sp\u00fclmittel bespr\u00fchen, wenn diese Sch\u00e4dlinge zu sehr au\u00dfer Kontrolle geraten.<\/span><\/p>\n<p><span style=\"color: #000000\">Im Fr\u00fchjahr treiben alle neuen Triebe aus. Das ist die Zeit, um die Pflanze in Form zu bringen. Im Folgenden finden Sie zwei Videos, die gut erkl\u00e4ren, wie man das macht.\u00a0<\/span><\/p>\n<p><iframe loading=\"lazy\" title=\"Beschneiden eines jungen Zitrusbaums mit starkem Fr\u00fchjahrswachstum\" width=\"500\" height=\"281\" src=\"https:\/\/www.youtube.com\/embed\/qnAcB2n9k3o?feature=oembed&#038;enablejsapi=1&#038;origin=https:\/\/www.dutchwasabi.nl\" frameborder=\"0\" allow=\"accelerometer; autoplay; clipboard-write; encrypted-media; gyroscope; picture-in-picture; web-share\" referrerpolicy=\"strict-origin-when-cross-origin\" allowfullscreen><\/iframe><\/p>\n<p><iframe loading=\"lazy\" title=\"Ausd\u00fcnnen des Neuaustriebs an einem jungen Zitrusbaum\" width=\"500\" height=\"281\" src=\"https:\/\/www.youtube.com\/embed\/8HLpmwL5RJE?feature=oembed&#038;enablejsapi=1&#038;origin=https:\/\/www.dutchwasabi.nl\" frameborder=\"0\" allow=\"accelerometer; autoplay; clipboard-write; encrypted-media; gyroscope; picture-in-picture; web-share\" referrerpolicy=\"strict-origin-when-cross-origin\" allowfullscreen><\/iframe><\/p>\n<p><span style=\"color: #000000\">Achten Sie auf die scharfen Stacheln. Diese k\u00f6nnen entfernt werden, wenn sie eine Gefahr darstellen.<\/span><\/p>\n<h3><span style=\"color: #3b5249\">Ernten<\/span><\/h3>\n<p><span style=\"color: #000000\">Wenn die Fr\u00fcchte gelb werden, sind sie reif. Das ist in der Regel vom Winteranfang bis zum Ende des Winters der Fall. Da die Fr\u00fcchte nur im Winter reif sind, besteht bei strengem Frost die Gefahr, dass die Fr\u00fcchte erfrieren. Der Baum wird dies \u00fcberleben, die Fr\u00fcchte leider nicht. Beachten Sie, dass die Fr\u00fcchte nach der Ernte im K\u00fchlschrank lange haltbar sind.\u00a0<\/span><\/p>\n<h3><span style=\"color: #3b5249\">Versand<\/span><\/h3>\n<p><span style=\"color: #000000\">Die B\u00e4ume werden f\u00fcr den Transport beschnitten. Die B\u00e4ume werden dann mit \u00e4u\u00dferster Sorgfalt in einer gro\u00dfen Pflanzkiste versandt. Es kann jedoch vorkommen, dass ein Ast bricht. Keine Sorge, der Baum wird innerhalb weniger Monate neue Triebe bilden.\u00a0<\/span><\/p>\n<p><span style=\"color: #000000\">Da es sich um gro\u00dfe B\u00e4ume handelt, werden sie mit einem separaten DHL-Versanddienst verschickt. Dieser bietet das Paket in der Regel zweimal an. Sollte das Paket bei diesen beiden Malen nicht zugestellt werden k\u00f6nnen, wird es zur\u00fcckgeschickt. Die meisten Abholstellen nehmen das Paket nicht an.\u00a0<\/span><\/p>","protected":false},"excerpt":{"rendered":"<p><span style=\"color: #000000\">\u00c4hnlich wie eine Zitrone, aber weniger sauer, s\u00fc\u00dfer und pikanter. Diese B\u00e4ume tragen normalerweise innerhalb von 2 Jahren die ersten Fr\u00fcchte. Widerstandsf\u00e4hig.<\/span><\/p>","protected":false},"featured_media":11549,"template":"","meta":{"_acf_changed":false},"product_brand":[969],"product_cat":[1013,1012],"product_tag":[],"class_list":{"0":"post-4598","1":"product","2":"type-product","3":"status-publish","4":"has-post-thumbnail","6":"product_brand-dutch-wasabi","7":"product_cat-citrus","8":"product_cat-bomen-en-planten","9":"pa_grootte-100-120-cm-inclusief-pot","10":"pa_onderhoud-zie-productomschrijving","11":"pa_plantsoort-meyer-citroenboom-citrus-meyeri-minimaal-18-maanden-geleden-geent","12":"pa_supplier-vevav3x","14":"first","15":"instock","16":"taxable","17":"shipping-taxable","18":"purchasable","19":"product-type-simple"},"acf":[],"_links":{"self":[{"href":"https:\/\/www.dutchwasabi.nl\/de\/wp-json\/wp\/v2\/product\/4598","targetHints":{"allow":["GET"]}}],"collection":[{"href":"https:\/\/www.dutchwasabi.nl\/de\/wp-json\/wp\/v2\/product"}],"about":[{"href":"https:\/\/www.dutchwasabi.nl\/de\/wp-json\/wp\/v2\/types\/product"}],"wp:featuredmedia":[{"embeddable":true,"href":"https:\/\/www.dutchwasabi.nl\/de\/wp-json\/wp\/v2\/media\/11549"}],"wp:attachment":[{"href":"https:\/\/www.dutchwasabi.nl\/de\/wp-json\/wp\/v2\/media?parent=4598"}],"wp:term":[{"taxonomy":"product_brand","embeddable":true,"href":"https:\/\/www.dutchwasabi.nl\/de\/wp-json\/wp\/v2\/product_brand?post=4598"},{"taxonomy":"product_cat","embeddable":true,"href":"https:\/\/www.dutchwasabi.nl\/de\/wp-json\/wp\/v2\/product_cat?post=4598"},{"taxonomy":"product_tag","embeddable":true,"href":"https:\/\/www.dutchwasabi.nl\/de\/wp-json\/wp\/v2\/product_tag?post=4598"}],"curies":[{"name":"wp","href":"https:\/\/api.w.org\/{rel}","templated":true}]}}