{"id":4597,"date":"2025-02-06T09:14:50","date_gmt":"2025-02-06T09:14:50","guid":{"rendered":"https:\/\/www.dutchwasabi.nl\/?post_type=product&#038;p=4597"},"modified":"2026-04-21T22:03:35","modified_gmt":"2026-04-21T20:03:35","slug":"negativol","status":"publish","type":"product","link":"https:\/\/www.dutchwasabi.nl\/de\/negi-olie\/","title":{"rendered":"Negi\u00f6l (japanische Fr\u00fchlingszwiebel\/Lauch) - 200 ml"},"content":{"rendered":"<p><span style=\"color: #000000;\">Dieses preisgekr\u00f6nte \u00d6l wird vom gr\u00f6\u00dften Negi-Produzenten Japans hergestellt und ist mild mit einem au\u00dfergew\u00f6hnlichen Negi-Geschmack. Die meisten Menschen kennen Negi durch seine langen wei\u00dfen St\u00e4ngel mit gr\u00fcnen Bl\u00e4ttern. Diese Sorte wird haupts\u00e4chlich wegen ihrer gr\u00fcnen Bl\u00e4tter angebaut und wird \u00fcber 80 cm hoch.<\/span><\/p>\n<p><span style=\"color: #000000;\">Dieses \u00d6l verleiht allen Gerichten einen sehr sch\u00f6nen milden Knoblauchgeschmack.<\/span><\/p>","protected":false},"excerpt":{"rendered":"<p><span style=\"color: #000000;\">Preisgekr\u00f6ntes japanisches \u00d6l mit einem au\u00dfergew\u00f6hnlich sch\u00f6nen Negi-Geschmack (japanische Fr\u00fchlingszwiebel\/Lauch). Verleiht allen Arten von Gerichten einen sehr sch\u00f6nen, milden Knoblauchgeschmack.<\/span><\/p>","protected":false},"featured_media":8740,"template":"","meta":{"_acf_changed":false},"product_brand":[1136],"product_cat":[1041,1014],"product_tag":[],"class_list":{"0":"post-4597","1":"product","2":"type-product","3":"status-publish","4":"has-post-thumbnail","6":"product_brand-koto-kyoto","7":"product_cat-olie","8":"product_cat-food","9":"pa_supplier-chinriu","11":"first","12":"instock","13":"taxable","14":"shipping-taxable","15":"purchasable","16":"product-type-simple"},"acf":[],"_links":{"self":[{"href":"https:\/\/www.dutchwasabi.nl\/de\/wp-json\/wp\/v2\/product\/4597","targetHints":{"allow":["GET"]}}],"collection":[{"href":"https:\/\/www.dutchwasabi.nl\/de\/wp-json\/wp\/v2\/product"}],"about":[{"href":"https:\/\/www.dutchwasabi.nl\/de\/wp-json\/wp\/v2\/types\/product"}],"wp:featuredmedia":[{"embeddable":true,"href":"https:\/\/www.dutchwasabi.nl\/de\/wp-json\/wp\/v2\/media\/8740"}],"wp:attachment":[{"href":"https:\/\/www.dutchwasabi.nl\/de\/wp-json\/wp\/v2\/media?parent=4597"}],"wp:term":[{"taxonomy":"product_brand","embeddable":true,"href":"https:\/\/www.dutchwasabi.nl\/de\/wp-json\/wp\/v2\/product_brand?post=4597"},{"taxonomy":"product_cat","embeddable":true,"href":"https:\/\/www.dutchwasabi.nl\/de\/wp-json\/wp\/v2\/product_cat?post=4597"},{"taxonomy":"product_tag","embeddable":true,"href":"https:\/\/www.dutchwasabi.nl\/de\/wp-json\/wp\/v2\/product_tag?post=4597"}],"curies":[{"name":"wp","href":"https:\/\/api.w.org\/{rel}","templated":true}]}}