{"id":4567,"date":"2025-02-06T09:14:29","date_gmt":"2025-02-06T09:14:29","guid":{"rendered":"https:\/\/www.dutchwasabi.nl\/?post_type=product&#038;p=4567"},"modified":"2026-03-05T07:49:49","modified_gmt":"2026-03-05T06:49:49","slug":"blinq-blute-becher-karte-20-stuck","status":"publish","type":"product","link":"https:\/\/www.dutchwasabi.nl\/de\/blinq-bloesem-cupcard-20st\/","title":{"rendered":"Frische Eisblume (BlinQ-Bl\u00fcte) - 1 CupCard (20 St\u00fcck)"},"content":{"rendered":"<p><span style=\"color: #000000;\">BlinQ Blossom ist ein robustes, saftiges Kraut und mit seinem kristallartigen Aussehen ein echter Blickfang im Sortiment. Der Geschmack von BlinQ Blossom reicht von frisch-salzig bis salzig und passt gut zu ger\u00e4ucherten Gerichten mit Fleisch oder Fisch. Denken Sie zum Beispiel an Makrele.\u00a0<\/span><\/p>\n<p><span style=\"color: #000000;\">F\u00fcr eine Kombination mit Fleisch k\u00f6nnen Sie z. B. Tartar, Lendensteak oder Wagyu verwenden.<\/span><\/p>\n<p><span style=\"color: #000000;\">BlinQ Blossom stammt urspr\u00fcnglich aus S\u00fcdafrika, hat ihr Verbreitungsgebiet aber unter anderem auf den Mittelmeerraum ausgedehnt. Die Pflanze ist in trockenen, felsigen Gebieten zu finden. BlinQ Blossom hat beruhigende Eigenschaften und wird traditionell zur Unterdr\u00fcckung von Entz\u00fcndungen der Schleimh\u00e4ute verwendet.<\/span><\/p>\n<p><span style=\"color: #000000;\">BlinQ Blossom ist das ganze Jahr \u00fcber erh\u00e4ltlich.<\/span><\/p>","protected":false},"excerpt":{"rendered":"<p><span style=\"color: #000000;\">BlinQ Blossom ist ein robustes sukkulentes Kraut und mit seinem kristallartigen Aussehen ein echter Blickfang im Sortiment.<\/span><\/p>","protected":false},"featured_media":8628,"template":"","meta":{"_acf_changed":false},"product_brand":[1114],"product_cat":[1039,1035],"product_tag":[337],"class_list":{"0":"post-4567","1":"product","2":"type-product","3":"status-publish","4":"has-post-thumbnail","6":"product_brand-koppert-cress","7":"product_cat-bloemen","8":"product_cat-vers","9":"product_tag-koppert-cress","10":"product_shipping_class-ups-express","11":"pa_supplier-koppert-cress","13":"first","14":"instock","15":"taxable","16":"shipping-taxable","17":"purchasable","18":"product-type-simple"},"acf":[],"_links":{"self":[{"href":"https:\/\/www.dutchwasabi.nl\/de\/wp-json\/wp\/v2\/product\/4567","targetHints":{"allow":["GET"]}}],"collection":[{"href":"https:\/\/www.dutchwasabi.nl\/de\/wp-json\/wp\/v2\/product"}],"about":[{"href":"https:\/\/www.dutchwasabi.nl\/de\/wp-json\/wp\/v2\/types\/product"}],"wp:featuredmedia":[{"embeddable":true,"href":"https:\/\/www.dutchwasabi.nl\/de\/wp-json\/wp\/v2\/media\/8628"}],"wp:attachment":[{"href":"https:\/\/www.dutchwasabi.nl\/de\/wp-json\/wp\/v2\/media?parent=4567"}],"wp:term":[{"taxonomy":"product_brand","embeddable":true,"href":"https:\/\/www.dutchwasabi.nl\/de\/wp-json\/wp\/v2\/product_brand?post=4567"},{"taxonomy":"product_cat","embeddable":true,"href":"https:\/\/www.dutchwasabi.nl\/de\/wp-json\/wp\/v2\/product_cat?post=4567"},{"taxonomy":"product_tag","embeddable":true,"href":"https:\/\/www.dutchwasabi.nl\/de\/wp-json\/wp\/v2\/product_tag?post=4567"}],"curies":[{"name":"wp","href":"https:\/\/api.w.org\/{rel}","templated":true}]}}