{"id":4563,"date":"2025-02-06T09:14:28","date_gmt":"2025-02-06T09:14:28","guid":{"rendered":"https:\/\/www.dutchwasabi.nl\/?post_type=product&#038;p=4563"},"modified":"2026-03-05T07:49:47","modified_gmt":"2026-03-05T06:49:47","slug":"sechuan-buttons-cupcard-30-stuck","status":"publish","type":"product","link":"https:\/\/www.dutchwasabi.nl\/de\/sechuan-buttons-cupcard-30st\/","title":{"rendered":"Frische Sechuan-Kn\u00f6pfe (Spilanthes) - 1 Tassenkarte (30 Bl\u00fcten)"},"content":{"rendered":"<p><span style=\"color: #000000;\">Ein \u2018elektrisches\u2019 Erlebnis. Es beginnt mit einem champagnerartigen Gef\u00fchl an der Zungenspitze. Dann ein prickelndes und bet\u00e4ubendes Gef\u00fchl auf der gesamten Zunge und der Innenseite der Wangen mit einer Flut von Speichel. Kurzum, ein Erlebnis, das man nie vergisst.<\/span><\/p>\n<p><span style=\"color: #000000;\">Der Sechuan-Knopf wird h\u00e4ufig als Aufguss in Cocktails und Amuses verwendet. Der Geschmack von Sechuan ist geschmacksbildend und neutralisierend. Aufgrund seines intensiven Mundgef\u00fchls empfehlen wir, bei der Zubereitung und der Kombination von Wein und Speisen besondere Vorsicht walten zu lassen.\u00a0<\/span><\/p>\n<p><span style=\"color: #000000;\">Sechuan-Kn\u00f6pfe kommen sowohl in Afrika als auch in S\u00fcdamerika vor und stammen wahrscheinlich aus der Zeit, als diese Kontinente noch getrennt waren. Der Name bezieht sich auf das Geschmackserlebnis, \u00e4hnlich wie bei Gerichten der chinesischen Szechuan-K\u00fcche.<\/span><\/p>\n<p><span style=\"color: #000000;\">Sechuan-Kn\u00f6pfe sind das ganze Jahr \u00fcber erh\u00e4ltlich.<\/span><\/p>","protected":false},"excerpt":{"rendered":"<p><span style=\"color: #000000;\">Ein \u2018elektrisches\u2019 Erlebnis. Es beginnt mit einem champagnerartigen Gef\u00fchl auf der Zungenspitze.<\/span><\/p>","protected":false},"featured_media":8643,"template":"","meta":{"_acf_changed":false},"product_brand":[1114],"product_cat":[1039,1035],"product_tag":[337],"class_list":{"0":"post-4563","1":"product","2":"type-product","3":"status-publish","4":"has-post-thumbnail","6":"product_brand-koppert-cress","7":"product_cat-bloemen","8":"product_cat-vers","9":"product_tag-koppert-cress","10":"product_shipping_class-ups-express","11":"pa_supplier-koppert-cress","13":"first","14":"instock","15":"taxable","16":"shipping-taxable","17":"purchasable","18":"product-type-simple"},"acf":[],"_links":{"self":[{"href":"https:\/\/www.dutchwasabi.nl\/de\/wp-json\/wp\/v2\/product\/4563","targetHints":{"allow":["GET"]}}],"collection":[{"href":"https:\/\/www.dutchwasabi.nl\/de\/wp-json\/wp\/v2\/product"}],"about":[{"href":"https:\/\/www.dutchwasabi.nl\/de\/wp-json\/wp\/v2\/types\/product"}],"wp:featuredmedia":[{"embeddable":true,"href":"https:\/\/www.dutchwasabi.nl\/de\/wp-json\/wp\/v2\/media\/8643"}],"wp:attachment":[{"href":"https:\/\/www.dutchwasabi.nl\/de\/wp-json\/wp\/v2\/media?parent=4563"}],"wp:term":[{"taxonomy":"product_brand","embeddable":true,"href":"https:\/\/www.dutchwasabi.nl\/de\/wp-json\/wp\/v2\/product_brand?post=4563"},{"taxonomy":"product_cat","embeddable":true,"href":"https:\/\/www.dutchwasabi.nl\/de\/wp-json\/wp\/v2\/product_cat?post=4563"},{"taxonomy":"product_tag","embeddable":true,"href":"https:\/\/www.dutchwasabi.nl\/de\/wp-json\/wp\/v2\/product_tag?post=4563"}],"curies":[{"name":"wp","href":"https:\/\/api.w.org\/{rel}","templated":true}]}}