{"id":4562,"date":"2025-02-06T09:14:28","date_gmt":"2025-02-06T09:14:28","guid":{"rendered":"https:\/\/www.dutchwasabi.nl\/?post_type=product&#038;p=4562"},"modified":"2026-03-05T07:49:47","modified_gmt":"2026-03-05T06:49:47","slug":"zallotti-blute-10-stuck","status":"publish","type":"product","link":"https:\/\/www.dutchwasabi.nl\/de\/zallotti-bloesem-10st\/","title":{"rendered":"Frische Zallottibl\u00fcten - 10 Bl\u00fctenzweige"},"content":{"rendered":"<p><span style=\"color: #000000;\">Zallotti Blossom ist ein dekorativer Zweig mit mehreren kleinen violetten Bl\u00fcten der afrikanischen Basilikumpflanze mit einem kr\u00e4ftigen Geschmack nach Basilikum und Minze. Besonders dekorativ als Ganzes, kann aber auch als einzelne Bl\u00fcten verwendet werden.<\/span><\/p>\n<p><span style=\"color: #000000;\">Perfekt zu italienischen oder sommerlichen Gerichten, als Zugabe zu einem Salat oder als Bestandteil eines Cocktails. Tipp: Zallotti Blossom sorgt f\u00fcr eine farbenfrohe \u00dcberraschung in einem hei\u00dfen Aufguss.<\/span><\/p>\n<p><span style=\"color: #000000;\">Der Name Basilikum leitet sich von dem altgriechischen Wort \u2018Basileus\u2019 ab, das \u2018K\u00f6nig\u2019 oder \u2018k\u00f6niglich\u2019 bedeutet. Basilikum ist ein weltweit verwendetes Kraut, und viele bringen es sofort mit der italienischen und mediterranen K\u00fcche in Verbindung. Dass Basilikum auch in der indonesischen und thail\u00e4ndischen K\u00fcche sehr verbreitet ist, ist weniger bekannt. In Indien ist Basilikum ein heiliges Kraut und wird den Hindug\u00f6ttern geopfert. Die Bl\u00fcten der Pflanze werden vor allem zur Dekoration von Reis- und Gem\u00fcsegerichten verwendet und geben ihnen eine geschmackliche Note.<\/span><\/p>\n<p><span style=\"color: #000000;\">Zallotti Blossom ist das ganze Jahr \u00fcber erh\u00e4ltlich.<\/span><\/p>","protected":false},"excerpt":{"rendered":"<p><span style=\"color: #000000;\">Zallotti Blossom ist ein dekorativer Zweig mit mehreren kleinen violetten Bl\u00fcten der afrikanischen Basilikumpflanze mit einem starken Basilikum- und Minzgeschmack.<\/span><\/p>","protected":false},"featured_media":8645,"template":"","meta":{"_acf_changed":false},"product_brand":[1114],"product_cat":[1039,1035],"product_tag":[337],"class_list":{"0":"post-4562","1":"product","2":"type-product","3":"status-publish","4":"has-post-thumbnail","6":"product_brand-koppert-cress","7":"product_cat-bloemen","8":"product_cat-vers","9":"product_tag-koppert-cress","10":"product_shipping_class-ups-express","11":"pa_supplier-koppert-cress","13":"first","14":"instock","15":"taxable","16":"shipping-taxable","17":"purchasable","18":"product-type-simple"},"acf":[],"_links":{"self":[{"href":"https:\/\/www.dutchwasabi.nl\/de\/wp-json\/wp\/v2\/product\/4562","targetHints":{"allow":["GET"]}}],"collection":[{"href":"https:\/\/www.dutchwasabi.nl\/de\/wp-json\/wp\/v2\/product"}],"about":[{"href":"https:\/\/www.dutchwasabi.nl\/de\/wp-json\/wp\/v2\/types\/product"}],"wp:featuredmedia":[{"embeddable":true,"href":"https:\/\/www.dutchwasabi.nl\/de\/wp-json\/wp\/v2\/media\/8645"}],"wp:attachment":[{"href":"https:\/\/www.dutchwasabi.nl\/de\/wp-json\/wp\/v2\/media?parent=4562"}],"wp:term":[{"taxonomy":"product_brand","embeddable":true,"href":"https:\/\/www.dutchwasabi.nl\/de\/wp-json\/wp\/v2\/product_brand?post=4562"},{"taxonomy":"product_cat","embeddable":true,"href":"https:\/\/www.dutchwasabi.nl\/de\/wp-json\/wp\/v2\/product_cat?post=4562"},{"taxonomy":"product_tag","embeddable":true,"href":"https:\/\/www.dutchwasabi.nl\/de\/wp-json\/wp\/v2\/product_tag?post=4562"}],"curies":[{"name":"wp","href":"https:\/\/api.w.org\/{rel}","templated":true}]}}