{"id":4548,"date":"2025-02-06T09:13:59","date_gmt":"2025-02-06T09:13:59","guid":{"rendered":"https:\/\/www.dutchwasabi.nl\/?post_type=product&#038;p=4548"},"modified":"2026-03-05T07:49:47","modified_gmt":"2026-03-05T06:49:47","slug":"paztizz-erreicht-den-51","status":"publish","type":"product","link":"https:\/\/www.dutchwasabi.nl\/de\/paztizz-tops-51st\/","title":{"rendered":"Frische Paztizzabl\u00fcten (Tagetes) - 51 St\u00fcck"},"content":{"rendered":"<p><span style=\"color: #000000;\">Paztizz-Oberteile<sup>\u00ae<\/sup>\u00a0ist eine Zutat mit einem ausgepr\u00e4gten Anisgeschmack und einer breiten Anwendungsm\u00f6glichkeit.\u00a0<\/span><\/p>\n<p><span style=\"color: #000000;\">Sein frischer Geschmack passt sehr gut zu Fischgerichten und seine Kombination mit Wild ist durchaus \u00fcberraschend. Paztizz Tops kann auch zum Verfeinern von S\u00fc\u00dfspeisen verwendet werden. Liebhaber von Aperitifs werden die verbl\u00fcffende \u00c4hnlichkeit zwischen dem Geschmack von Paztizz Tops und dem eines bekannten franz\u00f6sischen Anisgetr\u00e4nks feststellen. Die nadelf\u00f6rmigen, weichen Bl\u00e4tter verleihen Paztizz Tops auch einen hohen dekorativen Wert.<\/span><\/p>\n<p><span style=\"color: #000000;\">Die Pflanze stammt aus Mittel- und S\u00fcdamerika, wo die Bl\u00e4tter u. a. f\u00fcr die Zubereitung von Tee verwendet werden, aber auch eine medizinische Verwendung finden.<\/span><\/p>\n<p><span style=\"color: #000000;\">Paztizz Tops sind das ganze Jahr \u00fcber erh\u00e4ltlich.<\/span><\/p>","protected":false},"excerpt":{"rendered":"<p><span style=\"color: #000000;\">Eine Zutat mit ausgepr\u00e4gtem Anisgeschmack und breiter Anwendbarkeit.<\/span><\/p>","protected":false},"featured_media":8601,"template":"","meta":{"_acf_changed":false},"product_brand":[1114],"product_cat":[1038,1035],"product_tag":[337],"class_list":{"0":"post-4548","1":"product","2":"type-product","3":"status-publish","4":"has-post-thumbnail","6":"product_brand-koppert-cress","7":"product_cat-tops","8":"product_cat-vers","9":"product_tag-koppert-cress","10":"product_shipping_class-ups-express","11":"pa_supplier-koppert-cress","13":"first","14":"instock","15":"taxable","16":"shipping-taxable","17":"purchasable","18":"product-type-simple"},"acf":[],"_links":{"self":[{"href":"https:\/\/www.dutchwasabi.nl\/de\/wp-json\/wp\/v2\/product\/4548","targetHints":{"allow":["GET"]}}],"collection":[{"href":"https:\/\/www.dutchwasabi.nl\/de\/wp-json\/wp\/v2\/product"}],"about":[{"href":"https:\/\/www.dutchwasabi.nl\/de\/wp-json\/wp\/v2\/types\/product"}],"wp:featuredmedia":[{"embeddable":true,"href":"https:\/\/www.dutchwasabi.nl\/de\/wp-json\/wp\/v2\/media\/8601"}],"wp:attachment":[{"href":"https:\/\/www.dutchwasabi.nl\/de\/wp-json\/wp\/v2\/media?parent=4548"}],"wp:term":[{"taxonomy":"product_brand","embeddable":true,"href":"https:\/\/www.dutchwasabi.nl\/de\/wp-json\/wp\/v2\/product_brand?post=4548"},{"taxonomy":"product_cat","embeddable":true,"href":"https:\/\/www.dutchwasabi.nl\/de\/wp-json\/wp\/v2\/product_cat?post=4548"},{"taxonomy":"product_tag","embeddable":true,"href":"https:\/\/www.dutchwasabi.nl\/de\/wp-json\/wp\/v2\/product_tag?post=4548"}],"curies":[{"name":"wp","href":"https:\/\/api.w.org\/{rel}","templated":true}]}}