{"id":4546,"date":"2025-02-06T09:13:58","date_gmt":"2025-02-06T09:13:58","guid":{"rendered":"https:\/\/www.dutchwasabi.nl\/?post_type=product&#038;p=4546"},"modified":"2026-03-05T07:49:47","modified_gmt":"2026-03-05T06:49:47","slug":"citra-blatt-25-stuck","status":"publish","type":"product","link":"https:\/\/www.dutchwasabi.nl\/de\/citra-blad-25-st\/","title":{"rendered":"Frische Citra-Bl\u00e4tter (Klee-Sauerampfer, Oxalis) - 1 Beh\u00e4lter (25 Bl\u00e4tter)"},"content":{"rendered":"<p><span style=\"color: #000000;\">Dekoratives Blatt, auf der Innenseite silberfarben. Citra-Bl\u00e4tter<sup>\u00ae<\/sup>\u00a0Haben einen kr\u00e4ftigen, sauren Zitrusgeschmack. Erinnert an Granny Smith oder leichte Zitrusfr\u00fcchte. Der saure Geschmack ist sowohl im Blatt als auch im Stiel stark ausgepr\u00e4gt.\u00a0<\/span><\/p>\n<p><span style=\"color: #000000;\">Citra Leaves kann vielseitig verwendet werden. Von Fischgerichten bis zu Gefl\u00fcgel. Es passt auch gut in Salate oder Desserts.<\/span><\/p>\n<p><span style=\"color: #000000;\">Citra Leaves stammen aus Chile, wo das Produkt in den Anden vorkommt. In Chile wurden die Bl\u00e4tter auch als Essigersatz verwendet. Wegen seines sauren Geschmacks empfanden die Menschen das Kauen als besonders erfrischend.<\/span><\/p>\n<p><span style=\"color: #000000;\">Citra Leaves sind das ganze Jahr \u00fcber erh\u00e4ltlich.<\/span><\/p>","protected":false},"excerpt":{"rendered":"<p><span style=\"color: #000000;\">Dekorative Bl\u00e4tter, innen silberfarben. Fester, saurer Zitrusgeschmack.<\/span><\/p>","protected":false},"featured_media":8605,"template":"","meta":{"_acf_changed":false},"product_brand":[1114],"product_cat":[1036,1035],"product_tag":[337],"class_list":{"0":"post-4546","1":"product","2":"type-product","3":"status-publish","4":"has-post-thumbnail","6":"product_brand-koppert-cress","7":"product_cat-blad","8":"product_cat-vers","9":"product_tag-koppert-cress","10":"product_shipping_class-ups-express","11":"pa_supplier-koppert-cress","13":"first","14":"instock","15":"taxable","16":"shipping-taxable","17":"purchasable","18":"product-type-simple"},"acf":[],"_links":{"self":[{"href":"https:\/\/www.dutchwasabi.nl\/de\/wp-json\/wp\/v2\/product\/4546","targetHints":{"allow":["GET"]}}],"collection":[{"href":"https:\/\/www.dutchwasabi.nl\/de\/wp-json\/wp\/v2\/product"}],"about":[{"href":"https:\/\/www.dutchwasabi.nl\/de\/wp-json\/wp\/v2\/types\/product"}],"wp:featuredmedia":[{"embeddable":true,"href":"https:\/\/www.dutchwasabi.nl\/de\/wp-json\/wp\/v2\/media\/8605"}],"wp:attachment":[{"href":"https:\/\/www.dutchwasabi.nl\/de\/wp-json\/wp\/v2\/media?parent=4546"}],"wp:term":[{"taxonomy":"product_brand","embeddable":true,"href":"https:\/\/www.dutchwasabi.nl\/de\/wp-json\/wp\/v2\/product_brand?post=4546"},{"taxonomy":"product_cat","embeddable":true,"href":"https:\/\/www.dutchwasabi.nl\/de\/wp-json\/wp\/v2\/product_cat?post=4546"},{"taxonomy":"product_tag","embeddable":true,"href":"https:\/\/www.dutchwasabi.nl\/de\/wp-json\/wp\/v2\/product_tag?post=4546"}],"curies":[{"name":"wp","href":"https:\/\/api.w.org\/{rel}","templated":true}]}}