{"id":4527,"date":"2025-02-06T09:13:36","date_gmt":"2025-02-06T09:13:36","guid":{"rendered":"https:\/\/www.dutchwasabi.nl\/?post_type=product&#038;p=4527"},"modified":"2026-03-05T07:49:47","modified_gmt":"2026-03-05T06:49:47","slug":"austernblatt-50stuck","status":"publish","type":"product","link":"https:\/\/www.dutchwasabi.nl\/de\/oyster-blad-50st\/","title":{"rendered":"Frisches Austernblatt (Mertensia) - 50 St\u00fcck"},"content":{"rendered":"<p><span style=\"color: #000000;\">Oyster Leaves haben einen leicht salzigen Geschmack und erinnern stark an Austern. Der Spitzname \"vegetarische Auster\" ist hier also angebracht.<\/span><\/p>\n<p><span style=\"color: #000000;\">In Kombination mit Meeresfr\u00fcchten sind sie eine interessante Erg\u00e4nzung der Zutaten, die verwendet werden k\u00f6nnen. Austernbl\u00e4tter k\u00f6nnen auch als salziges Gegenst\u00fcck verwendet werden. Man denke nur an die Kombination Surf and Turf. Aber auch mit Kaffee oder Schokolade sind die Bl\u00e4tter eine Herausforderung.\u00a0<\/span><\/p>\n<p><span style=\"color: #000000;\">Austernbl\u00e4tter sind an den K\u00fcsten Nordeuropas und Amerikas heimisch. Die Bl\u00e4tter, die wir anbieten, sind von einer speziell ausgew\u00e4hlten Sorte mit einem besonderen Geschmack und einer besonderen Textur.\u00a0\u00a0<\/span><\/p>\n<p><span style=\"color: #000000;\">Austernbl\u00e4tter sind das ganze Jahr \u00fcber erh\u00e4ltlich.<\/span><\/p>","protected":false},"excerpt":{"rendered":"<p><span style=\"color: #000000;\">Leicht salziger Geschmack, der stark an Austern erinnert. Der Spitzname \"vegetarische Auster\" ist hier also angebracht.<\/span><\/p>","protected":false},"featured_media":8618,"template":"","meta":{"_acf_changed":false},"product_brand":[1114],"product_cat":[1036,1035],"product_tag":[337],"class_list":{"0":"post-4527","1":"product","2":"type-product","3":"status-publish","4":"has-post-thumbnail","6":"product_brand-koppert-cress","7":"product_cat-blad","8":"product_cat-vers","9":"product_tag-koppert-cress","10":"product_shipping_class-ups-express","11":"pa_supplier-koppert-cress","13":"first","14":"instock","15":"taxable","16":"shipping-taxable","17":"purchasable","18":"product-type-simple"},"acf":[],"_links":{"self":[{"href":"https:\/\/www.dutchwasabi.nl\/de\/wp-json\/wp\/v2\/product\/4527","targetHints":{"allow":["GET"]}}],"collection":[{"href":"https:\/\/www.dutchwasabi.nl\/de\/wp-json\/wp\/v2\/product"}],"about":[{"href":"https:\/\/www.dutchwasabi.nl\/de\/wp-json\/wp\/v2\/types\/product"}],"wp:featuredmedia":[{"embeddable":true,"href":"https:\/\/www.dutchwasabi.nl\/de\/wp-json\/wp\/v2\/media\/8618"}],"wp:attachment":[{"href":"https:\/\/www.dutchwasabi.nl\/de\/wp-json\/wp\/v2\/media?parent=4527"}],"wp:term":[{"taxonomy":"product_brand","embeddable":true,"href":"https:\/\/www.dutchwasabi.nl\/de\/wp-json\/wp\/v2\/product_brand?post=4527"},{"taxonomy":"product_cat","embeddable":true,"href":"https:\/\/www.dutchwasabi.nl\/de\/wp-json\/wp\/v2\/product_cat?post=4527"},{"taxonomy":"product_tag","embeddable":true,"href":"https:\/\/www.dutchwasabi.nl\/de\/wp-json\/wp\/v2\/product_tag?post=4527"}],"curies":[{"name":"wp","href":"https:\/\/api.w.org\/{rel}","templated":true}]}}